{"id":79408,"date":"2023-05-24T17:56:12","date_gmt":"2023-05-24T17:56:12","guid":{"rendered":"https:\/\/skinstudio.ee\/?post_type=product&#038;p=79408"},"modified":"2026-02-13T15:28:47","modified_gmt":"2026-02-13T15:28:47","slug":"daily-exfoliant","status":"publish","type":"product","link":"https:\/\/skinstudio.ee\/lt\/catalog\/pca-skin\/daily-exfoliant\/","title":{"rendered":"Daily Exfoliant"},"content":{"rendered":"<p data-start=\"4806\" data-end=\"5078\"><strong data-start=\"4806\" data-end=\"4838\">Daily Exfoliant nuo PCA SKIN<\/strong> &#8211; \u0161vei\u010diamasis prausiklis, kuris pa\u0161alina surag\u0117jusias l\u0105steles ir stimuliuoja nat\u016bral\u0173 odos atsinaujinim\u0105. Formul\u0117 \u0161velniai pa\u0161alina ne\u0161varumus ir riebal\u0173 pertekli\u0173, gerina odos tekst\u016br\u0105 ir paruo\u0161ia od\u0105 tolimesniems prie\u017ei\u016bros \u017eingsniams.<\/p>\n<p data-start=\"5080\" data-end=\"5353\">Produktas sujungia valom\u0105j\u012f, dr\u0117kinam\u0105j\u012f ir raminam\u0105j\u012f poveik\u012f, padeda ma\u017einti sudirgim\u0105, nie\u017e\u0117jim\u0105 ir paraudim\u0105. Gelis padeda suvienodinti odos ton\u0105, palieka od\u0105 lygesn\u0119 ir gaivesn\u0119, i\u0161laikant komfort\u0105 net kasdien naudojant. Tinka bet kokio am\u017eiaus ir visiems odos tipams.<\/p>\n<p data-start=\"5355\" data-end=\"5401\"><strong data-start=\"5355\" data-end=\"5401\">Pagrindini\u0173 veikli\u0173j\u0173 komponent\u0173 poveikis:<\/strong><\/p>\n<ul data-start=\"5403\" data-end=\"5607\">\n<li data-start=\"5403\" data-end=\"5498\">\n<p data-start=\"5405\" data-end=\"5498\"><strong data-start=\"5405\" data-end=\"5427\">Cellulose Acetate:<\/strong> suteikia \u0161veln\u0173 mechanin\u012f \u0161veitim\u0105 ir pa\u0161alina surag\u0117jusias l\u0105steles<\/p>\n<\/li>\n<li data-start=\"5499\" data-end=\"5557\">\n<p data-start=\"5501\" data-end=\"5557\"><strong data-start=\"5501\" data-end=\"5523\">Aloe Vera Extract:<\/strong> dr\u0117kina od\u0105 ir ma\u017eina sudirgim\u0105<\/p>\n<\/li>\n<li data-start=\"5558\" data-end=\"5607\">\n<p data-start=\"5560\" data-end=\"5607\"><strong data-start=\"5560\" data-end=\"5574\">Bisabolol:<\/strong> ramina od\u0105 ir ma\u017eina paraudim\u0105<\/p>\n<\/li>\n<\/ul>\n<p data-start=\"5609\" data-end=\"5779\">Kam tinka Daily Exfoliant: visiems odos tipams ir bet kokiame am\u017eiuje esant blankiam tonui, nelygiai tekst\u016brai, jautrumui ar poreikiui \u0161velniam kasdieniam atsinaujinimui.<\/p>\n<p data-start=\"5781\" data-end=\"5806\"><strong data-start=\"5781\" data-end=\"5791\">T\u016bris:<\/strong> 30 ml \/ 206 ml<\/p>\n","protected":false},"excerpt":{"rendered":"<p data-start=\"6121\" data-end=\"6168\">Kasdienis \u0161vei\u010diamasis prausiklis su granul\u0117mis<\/p>\n<h2 data-start=\"6170\" data-end=\"6208\"><strong data-start=\"6170\" data-end=\"6208\">PCA SKIN &#8211; Daily Exfoliant Savyb\u0117s<\/strong><\/h2>\n<p data-start=\"6210\" data-end=\"6406\" data-is-last-node=\"\" data-is-only-node=\"\">\u2714\ufe0f \u0160velniai pa\u0161alina surag\u0117jusias odos l\u0105steles<br data-start=\"6257\" data-end=\"6260\" \/>\u2714\ufe0f Valo poras ir gerina tekst\u016br\u0105<br data-start=\"6292\" data-end=\"6295\" \/>\u2714\ufe0f Ramina od\u0105 ir ma\u017eina paraudim\u0105<br data-start=\"6328\" data-end=\"6331\" \/>\u2714\ufe0f Palaiko dr\u0117gm\u0119 ir komfort\u0105<br data-start=\"6360\" data-end=\"6363\" \/>\u2714\ufe0f Suteikia gaivesn\u012f ir tolygesn\u012f odos ton\u0105<\/p>\n","protected":false},"featured_media":64314,"template":"","meta":[],"pwb-brand":[1250],"product_brand":[],"product_cat":[742,744,740,748,754,718],"product_tag":[],"giftcard-category":[],"class_list":{"0":"post-79408","1":"product","2":"type-product","3":"status-publish","4":"has-post-thumbnail","6":"pwb-brand-pca-skin","7":"product_cat-berimai","8":"product_cat-issipletusios-poros","9":"product_cat-sausai-odai","10":"product_cat-taukainai-adai-lt","11":"product_cat-travel-size-lt","12":"product_cat-valymas","13":"pa_suurus-206ml-lt","14":"pa_suurus-30ml-lt","16":"first","17":"instock","18":"taxable","19":"shipping-taxable","20":"purchasable","21":"product-type-variable"},"acf":[],"brands":[{"id":1250,"name":"PCA Skin","slug":"pca-skin"}],"_links":{"self":[{"href":"https:\/\/skinstudio.ee\/lt\/wp-json\/wp\/v2\/product\/79408","targetHints":{"allow":["GET"]}}],"collection":[{"href":"https:\/\/skinstudio.ee\/lt\/wp-json\/wp\/v2\/product"}],"about":[{"href":"https:\/\/skinstudio.ee\/lt\/wp-json\/wp\/v2\/types\/product"}],"version-history":[{"count":1,"href":"https:\/\/skinstudio.ee\/lt\/wp-json\/wp\/v2\/product\/79408\/revisions"}],"predecessor-version":[{"id":79413,"href":"https:\/\/skinstudio.ee\/lt\/wp-json\/wp\/v2\/product\/79408\/revisions\/79413"}],"wp:featuredmedia":[{"embeddable":true,"href":"https:\/\/skinstudio.ee\/lt\/wp-json\/wp\/v2\/media\/64314"}],"wp:attachment":[{"href":"https:\/\/skinstudio.ee\/lt\/wp-json\/wp\/v2\/media?parent=79408"}],"wp:term":[{"taxonomy":"pwb-brand","embeddable":true,"href":"https:\/\/skinstudio.ee\/lt\/wp-json\/wp\/v2\/pwb-brand?post=79408"},{"taxonomy":"product_brand","embeddable":true,"href":"https:\/\/skinstudio.ee\/lt\/wp-json\/wp\/v2\/product_brand?post=79408"},{"taxonomy":"product_cat","embeddable":true,"href":"https:\/\/skinstudio.ee\/lt\/wp-json\/wp\/v2\/product_cat?post=79408"},{"taxonomy":"product_tag","embeddable":true,"href":"https:\/\/skinstudio.ee\/lt\/wp-json\/wp\/v2\/product_tag?post=79408"},{"taxonomy":"giftcard-category","embeddable":true,"href":"https:\/\/skinstudio.ee\/lt\/wp-json\/wp\/v2\/giftcard-category?post=79408"}],"curies":[{"name":"wp","href":"https:\/\/api.w.org\/{rel}","templated":true}]}}