{"id":79439,"date":"2023-05-24T17:56:12","date_gmt":"2023-05-24T17:56:12","guid":{"rendered":"https:\/\/skinstudio.ee\/?post_type=product&#038;p=79439"},"modified":"2026-02-13T15:28:47","modified_gmt":"2026-02-13T15:28:47","slug":"daily-cleansing-oil","status":"publish","type":"product","link":"https:\/\/skinstudio.ee\/lt\/catalog\/pca-skin\/daily-cleansing-oil\/","title":{"rendered":"Daily Cleansing Oil"},"content":{"rendered":"<p data-start=\"5514\" data-end=\"5792\"><strong data-start=\"5514\" data-end=\"5550\">Daily Cleansing Oil nuo PCA SKIN<\/strong> &#8211; valomasis aliejus, skirtas \u0161velniai i\u0161tirpinti makia\u017e\u0105, SPF priemones ir kasdienius ne\u0161varumus nepa\u017eeid\u017eiant nat\u016bralios odos pusiausvyros. Formul\u0117 \u0161velniai valo odos pavir\u0161i\u0173, padeda i\u0161laikyti komfort\u0105 ir suma\u017eina sausumo poj\u016bt\u012f po valymo.<\/p>\n<p data-start=\"5794\" data-end=\"6155\">Aliejus lengvai pasiskirsto ir suteikia \u0161veln\u0173 slydim\u0105 valymo metu, pad\u0117damas efektyviai pa\u0161alinti susikaupusius ne\u0161varumus ir perteklin\u012f sebum\u0105. Susilietus su vandeniu tekst\u016bra virsta lengva emulsija, kuri greitai nusiplauna, palikdama od\u0105 gaivi\u0105, lygi\u0105 ir sudr\u0117kint\u0105. Reguliarus naudojimas padeda palaikyti \u0161vari\u0105 ir komforti\u0161k\u0105 odos b\u016bkl\u0119 be sunkumo poj\u016b\u010dio.<\/p>\n<p data-start=\"6157\" data-end=\"6194\"><strong data-start=\"6157\" data-end=\"6194\">Pagrindini\u0173 ingredient\u0173 veikimas:<\/strong><\/p>\n<p data-start=\"6196\" data-end=\"6299\">\u2022 <strong data-start=\"6198\" data-end=\"6231\">Caprylic\/Capric Triglyceride:<\/strong> \u0161velniai tirpdo makia\u017e\u0105 ir ne\u0161varumus, i\u0161laikydamas odos komfort\u0105<\/p>\n<p data-start=\"6301\" data-end=\"6394\">\u2022 <strong data-start=\"6303\" data-end=\"6339\">Vitis Vinifera (Grape) Seed Oil:<\/strong> padeda palaikyti odos \u0161velnum\u0105 ir glotnum\u0105 po valymo<\/p>\n<p data-start=\"6396\" data-end=\"6495\">\u2022 <strong data-start=\"6398\" data-end=\"6428\">Tetrahexyldecyl Ascorbate:<\/strong> antioksidacin\u0117 vitamino C forma, palaikanti gaivi\u0105 odos i\u0161vaizd\u0105<\/p>\n<p data-start=\"6497\" data-end=\"6666\">Kam tinka <strong data-start=\"6507\" data-end=\"6530\">Daily Cleansing Oil<\/strong>: kasdieniam valymui bet kokiame am\u017eiuje; ypa\u010d tinkamas normaliai ir riebiai odai, kai reikalingas efektyvus valymas be sausumo poj\u016b\u010dio.<\/p>\n<p data-start=\"6668\" data-end=\"6685\"><strong data-start=\"6668\" data-end=\"6685\">T\u016bris: 150 ml<\/strong><\/p>\n","protected":false},"excerpt":{"rendered":"<p data-start=\"7046\" data-end=\"7076\">Dr\u0117kinamasis valomasis aliejus<\/p>\n<h2 data-start=\"7078\" data-end=\"7120\"><strong data-start=\"7078\" data-end=\"7120\">PCA SKIN &#8211; Daily Cleansing Oil Savyb\u0117s<\/strong><\/h2>\n<p data-start=\"7122\" data-end=\"7329\">\u2714\ufe0f \u0160velniai tirpdo makia\u017e\u0105 ir SPF priemones<br data-start=\"7165\" data-end=\"7168\" \/>\u2714\ufe0f Efektyviai valo od\u0105 jos nesausindamas<br data-start=\"7208\" data-end=\"7211\" \/>\u2714\ufe0f Su vandeniu virsta lengva emulsija<br data-start=\"7248\" data-end=\"7251\" \/>\u2714\ufe0f Padeda i\u0161laikyti odos glotnum\u0105 ir komfort\u0105<br data-start=\"7296\" data-end=\"7299\" \/>\u2714\ufe0f Tinka kasdieniam naudojimui<\/p>\n","protected":false},"featured_media":64319,"template":"","meta":[],"pwb-brand":[1250],"product_brand":[],"product_cat":[746,740,718],"product_tag":[],"giftcard-category":[],"class_list":{"0":"post-79439","1":"product","2":"type-product","3":"status-publish","4":"has-post-thumbnail","6":"pwb-brand-pca-skin","7":"product_cat-jautriai-odai","8":"product_cat-sausai-odai","9":"product_cat-valymas","11":"first","12":"instock","13":"taxable","14":"shipping-taxable","15":"purchasable","16":"product-type-simple"},"acf":[],"brands":[{"id":1250,"name":"PCA Skin","slug":"pca-skin"}],"_links":{"self":[{"href":"https:\/\/skinstudio.ee\/lt\/wp-json\/wp\/v2\/product\/79439","targetHints":{"allow":["GET"]}}],"collection":[{"href":"https:\/\/skinstudio.ee\/lt\/wp-json\/wp\/v2\/product"}],"about":[{"href":"https:\/\/skinstudio.ee\/lt\/wp-json\/wp\/v2\/types\/product"}],"version-history":[{"count":1,"href":"https:\/\/skinstudio.ee\/lt\/wp-json\/wp\/v2\/product\/79439\/revisions"}],"predecessor-version":[{"id":79442,"href":"https:\/\/skinstudio.ee\/lt\/wp-json\/wp\/v2\/product\/79439\/revisions\/79442"}],"wp:featuredmedia":[{"embeddable":true,"href":"https:\/\/skinstudio.ee\/lt\/wp-json\/wp\/v2\/media\/64319"}],"wp:attachment":[{"href":"https:\/\/skinstudio.ee\/lt\/wp-json\/wp\/v2\/media?parent=79439"}],"wp:term":[{"taxonomy":"pwb-brand","embeddable":true,"href":"https:\/\/skinstudio.ee\/lt\/wp-json\/wp\/v2\/pwb-brand?post=79439"},{"taxonomy":"product_brand","embeddable":true,"href":"https:\/\/skinstudio.ee\/lt\/wp-json\/wp\/v2\/product_brand?post=79439"},{"taxonomy":"product_cat","embeddable":true,"href":"https:\/\/skinstudio.ee\/lt\/wp-json\/wp\/v2\/product_cat?post=79439"},{"taxonomy":"product_tag","embeddable":true,"href":"https:\/\/skinstudio.ee\/lt\/wp-json\/wp\/v2\/product_tag?post=79439"},{"taxonomy":"giftcard-category","embeddable":true,"href":"https:\/\/skinstudio.ee\/lt\/wp-json\/wp\/v2\/giftcard-category?post=79439"}],"curies":[{"name":"wp","href":"https:\/\/api.w.org\/{rel}","templated":true}]}}