{"id":79448,"date":"2023-05-24T17:56:11","date_gmt":"2023-05-24T17:56:11","guid":{"rendered":"https:\/\/skinstudio.ee\/?post_type=product&#038;p=79448"},"modified":"2026-03-16T14:30:58","modified_gmt":"2026-03-16T14:30:58","slug":"hyaluronic-acid-boosting-serum","status":"publish","type":"product","link":"https:\/\/skinstudio.ee\/lt\/catalog\/pca-skin\/hyaluronic-acid-boosting-serum\/","title":{"rendered":"Hyaluronic Acid Boosting Serum"},"content":{"rendered":"<p data-start=\"4687\" data-end=\"4935\"><strong data-start=\"4687\" data-end=\"4734\">Hyaluronic Acid Boosting Serum nuo PCA SKIN<\/strong> &#8211; intensyviai dr\u0117kinantis serumas, skirtas daugialygiam dr\u0117kinimui ir optimalaus dr\u0117gm\u0117s balanso palaikymui. Formul\u0117je derinamos kelios hialurono r\u016bg\u0161ties formos su tikslingais aktyviais komponentais.<\/p>\n<p data-start=\"4937\" data-end=\"5125\">Serumas padeda palaikyti elastingum\u0105 ir putlumo poj\u016bt\u012f, gerina glotnum\u0105 ir ma\u017eina sausumo poj\u016bt\u012f. Reguliarus naudojimas padeda stiprinti apsaugin\u012f barjer\u0105 ir i\u0161laikyti pri\u017ei\u016br\u0117t\u0105 i\u0161vaizd\u0105.<\/p>\n<p data-start=\"5127\" data-end=\"5164\"><strong data-start=\"5127\" data-end=\"5164\">Pagrindini\u0173 ingredient\u0173 veikimas:<\/strong><\/p>\n<p data-start=\"5166\" data-end=\"5256\">\u2022 <strong data-start=\"5168\" data-end=\"5196\">Hyaluronic Acid Complex:<\/strong> u\u017etikrina daugialyg\u012f dr\u0117kinim\u0105 ir padeda i\u0161laikyti dr\u0117gm\u0119<\/p>\n<p data-start=\"5258\" data-end=\"5325\">\u2022 <strong data-start=\"5260\" data-end=\"5276\">Niacinamide:<\/strong> palaiko barjero funkcij\u0105 ir tolygesn\u0119 i\u0161vaizd\u0105<\/p>\n<p data-start=\"5327\" data-end=\"5387\">\u2022 <strong data-start=\"5329\" data-end=\"5350\">Ceramide Complex:<\/strong> padeda stiprinti apsaugin\u012f barjer\u0105<\/p>\n<p data-start=\"5389\" data-end=\"5526\">Kam tinka <strong data-start=\"5399\" data-end=\"5433\">Hyaluronic Acid Boosting Serum<\/strong>: visiems odos tipams, \u012fskaitant dehidratuot\u0105, linkusi\u0105 \u012f akn\u0119 ir su pigmentacijos po\u017eymiais.<\/p>\n<p data-start=\"5528\" data-end=\"5544\"><strong data-start=\"5528\" data-end=\"5538\">T\u016bris:<\/strong> 7,4 ml \/ 30 ml<\/p>\n","protected":false},"excerpt":{"rendered":"<p data-start=\"5689\" data-end=\"5726\">Trigubo poveikio dr\u0117kinamasis serumas<\/p>\n<h2 data-start=\"5728\" data-end=\"5781\"><strong data-start=\"5728\" data-end=\"5781\">PCA SKIN &#8211; Hyaluronic Acid Boosting Serum Savyb\u0117s<\/strong><\/h2>\n<p data-start=\"5783\" data-end=\"5991\">\u2714\ufe0f U\u017etikrina daugialyg\u012f ilgalaik\u012f dr\u0117kinim\u0105<br data-start=\"5826\" data-end=\"5829\" \/>\u2714\ufe0f Palaiko elastingumo ir putlumo poj\u016bt\u012f<br data-start=\"5869\" data-end=\"5872\" \/>\u2714\ufe0f Padeda stiprinti apsaugin\u012f barjer\u0105<br data-start=\"5909\" data-end=\"5912\" \/>\u2714\ufe0f Skatina tolygesn\u0119 ir gaivesn\u0119 i\u0161vaizd\u0105<br data-start=\"5953\" data-end=\"5956\" \/>\u2714\ufe0f Ma\u017eina sausumo ir tempimo poj\u016bt\u012f<\/p>\n","protected":false},"featured_media":64366,"template":"","meta":[],"pwb-brand":[1250],"product_brand":[],"product_cat":[742,738,746,752,740,750,724,748,754],"product_tag":[],"giftcard-category":[],"class_list":{"0":"post-79448","1":"product","2":"type-product","3":"status-publish","4":"has-post-thumbnail","6":"pwb-brand-pca-skin","7":"product_cat-berimai","8":"product_cat-drekinimas","9":"product_cat-jautriai-odai","10":"product_cat-pigmentacija-lt","11":"product_cat-sausai-odai","12":"product_cat-senstanti-oda","13":"product_cat-serumai","14":"product_cat-taukainai-adai-lt","15":"product_cat-travel-size-lt","16":"pa_suurus-30ml-lt","17":"pa_suurus-7-4ml-lt","19":"first","20":"instock","21":"taxable","22":"shipping-taxable","23":"purchasable","24":"product-type-variable"},"acf":[],"brands":[{"id":1250,"name":"PCA Skin","slug":"pca-skin"}],"_links":{"self":[{"href":"https:\/\/skinstudio.ee\/lt\/wp-json\/wp\/v2\/product\/79448","targetHints":{"allow":["GET"]}}],"collection":[{"href":"https:\/\/skinstudio.ee\/lt\/wp-json\/wp\/v2\/product"}],"about":[{"href":"https:\/\/skinstudio.ee\/lt\/wp-json\/wp\/v2\/types\/product"}],"version-history":[{"count":2,"href":"https:\/\/skinstudio.ee\/lt\/wp-json\/wp\/v2\/product\/79448\/revisions"}],"predecessor-version":[{"id":86236,"href":"https:\/\/skinstudio.ee\/lt\/wp-json\/wp\/v2\/product\/79448\/revisions\/86236"}],"wp:featuredmedia":[{"embeddable":true,"href":"https:\/\/skinstudio.ee\/lt\/wp-json\/wp\/v2\/media\/64366"}],"wp:attachment":[{"href":"https:\/\/skinstudio.ee\/lt\/wp-json\/wp\/v2\/media?parent=79448"}],"wp:term":[{"taxonomy":"pwb-brand","embeddable":true,"href":"https:\/\/skinstudio.ee\/lt\/wp-json\/wp\/v2\/pwb-brand?post=79448"},{"taxonomy":"product_brand","embeddable":true,"href":"https:\/\/skinstudio.ee\/lt\/wp-json\/wp\/v2\/product_brand?post=79448"},{"taxonomy":"product_cat","embeddable":true,"href":"https:\/\/skinstudio.ee\/lt\/wp-json\/wp\/v2\/product_cat?post=79448"},{"taxonomy":"product_tag","embeddable":true,"href":"https:\/\/skinstudio.ee\/lt\/wp-json\/wp\/v2\/product_tag?post=79448"},{"taxonomy":"giftcard-category","embeddable":true,"href":"https:\/\/skinstudio.ee\/lt\/wp-json\/wp\/v2\/giftcard-category?post=79448"}],"curies":[{"name":"wp","href":"https:\/\/api.w.org\/{rel}","templated":true}]}}