{"id":79459,"date":"2023-05-24T17:56:11","date_gmt":"2023-05-24T17:56:11","guid":{"rendered":"https:\/\/skinstudio.ee\/?post_type=product&#038;p=79459"},"modified":"2026-02-13T15:28:55","modified_gmt":"2026-02-13T15:28:55","slug":"perfecting-neck-decollete","status":"publish","type":"product","link":"https:\/\/skinstudio.ee\/lt\/catalog\/pca-skin\/perfecting-neck-decollete\/","title":{"rendered":"Perfecting Neck &amp; D\u00e9collet\u00e9"},"content":{"rendered":"<p data-start=\"2220\" data-end=\"2569\"><strong data-start=\"2220\" data-end=\"2264\">Perfecting Neck &amp; D\u00e9collet\u00e9 nuo PCA SKIN<\/strong> &#8211; koreguojantis kremas, sukurtas specialiai kaklo ir dekolt\u0117 sri\u010diai, skirtas pagerinti stangrum\u0105, suvienodinti ton\u0105 ir pagerinti bendr\u0105 odos b\u016bkl\u0119. Formul\u0117je derinami peptidai, retinolis ir antioksidantai, padedantys palaikyti odos tank\u012f ir glotnum\u0105 bei pagerinti su sen\u0117jimu susijusi\u0173 poky\u010di\u0173 i\u0161vaizd\u0105.<\/p>\n<p data-start=\"2571\" data-end=\"2909\">Kremas padeda stiprinti odos strukt\u016br\u0105, palaiko stangresn\u0119 i\u0161vaizd\u0105 ir padeda suma\u017einti paraudimo bei pigmentacijos matomum\u0105. Tekst\u016bra lengvai pasiskirsto, suteikdama intensyvi\u0105 prie\u017ei\u016br\u0105 ir pad\u0117dama i\u0161laikyti dr\u0117gm\u0119 bei glotnum\u0105. Tinka reguliariam naudojimui kaklo ir dekolt\u0117 srityje, siekiant i\u0161laikyti tolygesn\u0119 ir pri\u017ei\u016br\u0117t\u0105 i\u0161vaizd\u0105.<\/p>\n<p data-start=\"2911\" data-end=\"2948\"><strong data-start=\"2911\" data-end=\"2948\">Pagrindini\u0173 ingredient\u0173 veikimas:<\/strong><\/p>\n<p data-start=\"2950\" data-end=\"3063\">\u2022 <strong data-start=\"2952\" data-end=\"2980\">Palmitoyl Tripeptide-38:<\/strong> signalinis peptidas, padedantis palaikyti stangrum\u0105 ir ma\u017einti rauk\u0161li\u0173 matomum\u0105<\/p>\n<p data-start=\"3065\" data-end=\"3170\">\u2022 <strong data-start=\"3067\" data-end=\"3091\">Retinol (Vitamin A):<\/strong> skatina atsinaujinimo procesus ir padeda gerinti tono bei tekst\u016bros i\u0161vaizd\u0105<\/p>\n<p data-start=\"3172\" data-end=\"3294\">\u2022 <strong data-start=\"3174\" data-end=\"3219\">Vitis Vinifera (Grape) Stem Cell Extract:<\/strong> antioksidacinis komponentas, padedantis apsaugoti nuo aplinkos stresori\u0173<\/p>\n<p data-start=\"3296\" data-end=\"3480\">Kam tinka <strong data-start=\"3306\" data-end=\"3337\">Perfecting Neck &amp; D\u00e9collet\u00e9<\/strong>: visiems odos tipams, ypa\u010d esant stangrumo suma\u017e\u0117jimui, netolygiam tonui, paraudimui ir matomiems sen\u0117jimo po\u017eymiams kaklo ir dekolt\u0117 srityje.<\/p>\n<p data-start=\"3482\" data-end=\"3497\"><strong data-start=\"3482\" data-end=\"3492\">T\u016bris:<\/strong> 85 g<\/p>\n","protected":false},"excerpt":{"rendered":"<p data-start=\"3752\" data-end=\"3776\">Kremas kaklui ir dekolt\u0117<\/p>\n<h2 data-start=\"3778\" data-end=\"3828\"><strong data-start=\"3778\" data-end=\"3828\">PCA SKIN &#8211; Perfecting Neck &amp; D\u00e9collet\u00e9 Savyb\u0117s<\/strong><\/h2>\n<p data-start=\"3830\" data-end=\"4045\">\u2714\ufe0f Pagerina kaklo srities stangrum\u0105 ir tank\u012f<br data-start=\"3874\" data-end=\"3877\" \/>\u2714\ufe0f Lygina rauk\u0161les ir dekolt\u0117 linijas<br data-start=\"3914\" data-end=\"3917\" \/>\u2714\ufe0f Padeda ma\u017einti paraudim\u0105 ir netolyg\u0173 ton\u0105<br data-start=\"3961\" data-end=\"3964\" \/>\u2714\ufe0f Gerina pigmentacijos i\u0161vaizd\u0105<br data-start=\"3996\" data-end=\"3999\" \/>\u2714\ufe0f Suteikia stangresn\u012f ir pri\u017ei\u016br\u0117t\u0105 rezultat\u0105<\/p>\n","protected":false},"featured_media":64324,"template":"","meta":[],"pwb-brand":[1250],"product_brand":[],"product_cat":[736,750],"product_tag":[],"giftcard-category":[],"class_list":{"0":"post-79459","1":"product","2":"type-product","3":"status-publish","4":"has-post-thumbnail","6":"pwb-brand-pca-skin","7":"product_cat-dekolte-sritis","8":"product_cat-senstanti-oda","10":"first","11":"instock","12":"taxable","13":"shipping-taxable","14":"purchasable","15":"product-type-simple"},"acf":[],"brands":[{"id":1250,"name":"PCA Skin","slug":"pca-skin"}],"_links":{"self":[{"href":"https:\/\/skinstudio.ee\/lt\/wp-json\/wp\/v2\/product\/79459","targetHints":{"allow":["GET"]}}],"collection":[{"href":"https:\/\/skinstudio.ee\/lt\/wp-json\/wp\/v2\/product"}],"about":[{"href":"https:\/\/skinstudio.ee\/lt\/wp-json\/wp\/v2\/types\/product"}],"version-history":[{"count":1,"href":"https:\/\/skinstudio.ee\/lt\/wp-json\/wp\/v2\/product\/79459\/revisions"}],"predecessor-version":[{"id":79461,"href":"https:\/\/skinstudio.ee\/lt\/wp-json\/wp\/v2\/product\/79459\/revisions\/79461"}],"wp:featuredmedia":[{"embeddable":true,"href":"https:\/\/skinstudio.ee\/lt\/wp-json\/wp\/v2\/media\/64324"}],"wp:attachment":[{"href":"https:\/\/skinstudio.ee\/lt\/wp-json\/wp\/v2\/media?parent=79459"}],"wp:term":[{"taxonomy":"pwb-brand","embeddable":true,"href":"https:\/\/skinstudio.ee\/lt\/wp-json\/wp\/v2\/pwb-brand?post=79459"},{"taxonomy":"product_brand","embeddable":true,"href":"https:\/\/skinstudio.ee\/lt\/wp-json\/wp\/v2\/product_brand?post=79459"},{"taxonomy":"product_cat","embeddable":true,"href":"https:\/\/skinstudio.ee\/lt\/wp-json\/wp\/v2\/product_cat?post=79459"},{"taxonomy":"product_tag","embeddable":true,"href":"https:\/\/skinstudio.ee\/lt\/wp-json\/wp\/v2\/product_tag?post=79459"},{"taxonomy":"giftcard-category","embeddable":true,"href":"https:\/\/skinstudio.ee\/lt\/wp-json\/wp\/v2\/giftcard-category?post=79459"}],"curies":[{"name":"wp","href":"https:\/\/api.w.org\/{rel}","templated":true}]}}