{"id":79470,"date":"2023-05-24T17:56:11","date_gmt":"2023-05-24T17:56:11","guid":{"rendered":"https:\/\/skinstudio.ee\/?post_type=product&#038;p=79470"},"modified":"2026-02-13T15:28:46","modified_gmt":"2026-02-13T15:28:46","slug":"clearskin-moisturizer","status":"publish","type":"product","link":"https:\/\/skinstudio.ee\/lt\/catalog\/pca-skin\/clearskin-moisturizer\/","title":{"rendered":"Clearskin Moisturizer"},"content":{"rendered":"<p data-start=\"5217\" data-end=\"5528\"><strong data-start=\"5217\" data-end=\"5255\">Clearskin Moisturizer nuo PCA SKIN<\/strong> &#8211; maitinamasis lengvos tekst\u016bros dr\u0117kiklis, skirtas palaikyti optimal\u0173 dr\u0117gm\u0117s lyg\u012f, raminti ir mink\u0161tinti od\u0105. Didel\u0117s aktyvi\u0173j\u0173 ingredient\u0173 koncentracijos formul\u0117 suvienodina tono i\u0161vaizd\u0105, ma\u017eina b\u0117rim\u0173 p\u0117dsak\u0173 matomum\u0105 ir palaiko subalansuot\u0105 b\u016bkl\u0119 be sunkumo poj\u016b\u010dio.<\/p>\n<p data-start=\"5530\" data-end=\"5816\">Produktas ma\u017eina u\u017edegiminius pasirei\u0161kimus, reguliuoja sebumo i\u0161siskyrim\u0105 ir i\u0161laiko komfort\u0105 visos dienos metu. Lengva tekst\u016bra greitai \u012fsigeria, suteikdama dr\u0117kinim\u0105 ir \u0161velnum\u0105 bei i\u0161laikydama gaivi\u0105 ir pri\u017ei\u016br\u0117t\u0105 i\u0161vaizd\u0105. Tinka reguliariam naudojimui probleminei ir jautriai odai.<\/p>\n<p data-start=\"5818\" data-end=\"5855\"><strong data-start=\"5818\" data-end=\"5855\">Pagrindini\u0173 ingredient\u0173 veikimas:<\/strong><\/p>\n<p data-start=\"5857\" data-end=\"5944\">\u2022 <strong data-start=\"5859\" data-end=\"5878\">Niacinamide 4%:<\/strong> ma\u017eina u\u017edegim\u0105, reguliuoja sebum\u0105 ir suvienodina tono i\u0161vaizd\u0105<\/p>\n<p data-start=\"5946\" data-end=\"6040\">\u2022 <strong data-start=\"5948\" data-end=\"5962\">Bisabolol:<\/strong> raminantis komponentas, ma\u017einantis dirginim\u0105 ir atkuriantis dr\u0117gm\u0117s balans\u0105<\/p>\n<p data-start=\"6042\" data-end=\"6176\">\u2022 <strong data-start=\"6044\" data-end=\"6107\">Calendula Flower Oil, Schisandra Extract, Cucumber Extract:<\/strong> augalinis kompleksas su prie\u0161u\u017edegiminiu ir mink\u0161tinan\u010diu poveikiu<\/p>\n<p data-start=\"6178\" data-end=\"6316\">Kam tinka <strong data-start=\"6188\" data-end=\"6213\">Clearskin Moisturizer<\/strong>: normaliai, jautriai, mi\u0161riai ir riebiai odai, \u012fskaitant od\u0105 su b\u0117rimais, paraudimu ir netolygiu tonu.<\/p>\n<p data-start=\"6318\" data-end=\"6339\"><strong data-start=\"6318\" data-end=\"6328\">T\u016bris:<\/strong> 7 g \/ 48 g<\/p>\n","protected":false},"excerpt":{"rendered":"<p data-start=\"6498\" data-end=\"6538\">Lengvos tekst\u016bros maitinamasis dr\u0117kiklis<\/p>\n<h2 data-start=\"6540\" data-end=\"6584\"><strong data-start=\"6540\" data-end=\"6584\">PCA SKIN &#8211; Clearskin Moisturizer Savyb\u0117s<\/strong><\/h2>\n<p data-start=\"6586\" data-end=\"6803\">\u2714\ufe0f Lengva tekst\u016bra be sunkumo poj\u016b\u010dio<br data-start=\"6623\" data-end=\"6626\" \/>\u2714\ufe0f Ma\u017eina paraudim\u0105 ir u\u017edegiminius b\u0117rimus<br data-start=\"6669\" data-end=\"6672\" \/>\u2714\ufe0f Subalansuoja sebumo i\u0161siskyrim\u0105<br data-start=\"6706\" data-end=\"6709\" \/>\u2714\ufe0f Suvienodina ton\u0105 ir ma\u017eina b\u0117rim\u0173 p\u0117dsakus<br data-start=\"6754\" data-end=\"6757\" \/>\u2714\ufe0f U\u017etikrina komforti\u0161k\u0105 dr\u0117kinim\u0105 be apkrovos<\/p>\n","protected":false},"featured_media":64344,"template":"","meta":[],"pwb-brand":[1250],"product_brand":[],"product_cat":[742,738,748,754],"product_tag":[],"giftcard-category":[],"class_list":{"0":"post-79470","1":"product","2":"type-product","3":"status-publish","4":"has-post-thumbnail","6":"pwb-brand-pca-skin","7":"product_cat-berimai","8":"product_cat-drekinimas","9":"product_cat-taukainai-adai-lt","10":"product_cat-travel-size-lt","11":"pa_suurus-48-g-lt","12":"pa_suurus-7-g-lt","14":"first","15":"instock","16":"taxable","17":"shipping-taxable","18":"purchasable","19":"product-type-variable"},"acf":[],"brands":[{"id":1250,"name":"PCA Skin","slug":"pca-skin"}],"_links":{"self":[{"href":"https:\/\/skinstudio.ee\/lt\/wp-json\/wp\/v2\/product\/79470","targetHints":{"allow":["GET"]}}],"collection":[{"href":"https:\/\/skinstudio.ee\/lt\/wp-json\/wp\/v2\/product"}],"about":[{"href":"https:\/\/skinstudio.ee\/lt\/wp-json\/wp\/v2\/types\/product"}],"version-history":[{"count":1,"href":"https:\/\/skinstudio.ee\/lt\/wp-json\/wp\/v2\/product\/79470\/revisions"}],"predecessor-version":[{"id":79473,"href":"https:\/\/skinstudio.ee\/lt\/wp-json\/wp\/v2\/product\/79470\/revisions\/79473"}],"wp:featuredmedia":[{"embeddable":true,"href":"https:\/\/skinstudio.ee\/lt\/wp-json\/wp\/v2\/media\/64344"}],"wp:attachment":[{"href":"https:\/\/skinstudio.ee\/lt\/wp-json\/wp\/v2\/media?parent=79470"}],"wp:term":[{"taxonomy":"pwb-brand","embeddable":true,"href":"https:\/\/skinstudio.ee\/lt\/wp-json\/wp\/v2\/pwb-brand?post=79470"},{"taxonomy":"product_brand","embeddable":true,"href":"https:\/\/skinstudio.ee\/lt\/wp-json\/wp\/v2\/product_brand?post=79470"},{"taxonomy":"product_cat","embeddable":true,"href":"https:\/\/skinstudio.ee\/lt\/wp-json\/wp\/v2\/product_cat?post=79470"},{"taxonomy":"product_tag","embeddable":true,"href":"https:\/\/skinstudio.ee\/lt\/wp-json\/wp\/v2\/product_tag?post=79470"},{"taxonomy":"giftcard-category","embeddable":true,"href":"https:\/\/skinstudio.ee\/lt\/wp-json\/wp\/v2\/giftcard-category?post=79470"}],"curies":[{"name":"wp","href":"https:\/\/api.w.org\/{rel}","templated":true}]}}