{"id":79483,"date":"2023-05-24T17:56:11","date_gmt":"2023-05-24T17:56:11","guid":{"rendered":"https:\/\/skinstudio.ee\/?post_type=product&#038;p=79483"},"modified":"2026-02-13T15:28:57","modified_gmt":"2026-02-13T15:28:57","slug":"rebalance","status":"publish","type":"product","link":"https:\/\/skinstudio.ee\/lt\/catalog\/pca-skin\/rebalance\/","title":{"rendered":"ReBalance"},"content":{"rendered":"<p data-start=\"4458\" data-end=\"4728\"><strong data-start=\"4458\" data-end=\"4484\">ReBalance nuo PCA SKIN<\/strong> &#8211; lengvas, greitai \u012fsigeriantis dr\u0117kiklis, skirtas atkurti komfort\u0105 ir palaikyti optimal\u0173 dr\u0117gm\u0117s lyg\u012f. Formul\u0117 su vitaminais, antioksidantais ir raminan\u010diais komponentais ma\u017eina jautrum\u0105, pa\u0161alina sausumo poj\u016bt\u012f ir palaiko subalansuot\u0105 b\u016bkl\u0119.<\/p>\n<p data-start=\"4730\" data-end=\"4945\">Produktas mink\u0161tina ir ramina net jautri\u0105 od\u0105, gerina glotnum\u0105 ir stiprina apsaugin\u012f barjer\u0105. Lengva tekst\u016bra greitai \u012fsigeria, neapkrauna odos ir tinka kasdieniam naudojimui, suteikdama komfort\u0105 ir gaivi\u0105 i\u0161vaizd\u0105.<\/p>\n<p data-start=\"4947\" data-end=\"4984\"><strong data-start=\"4947\" data-end=\"4984\">Pagrindini\u0173 ingredient\u0173 veikimas:<\/strong><\/p>\n<p data-start=\"4986\" data-end=\"5060\">\u2022 <strong data-start=\"4988\" data-end=\"5015\">Agurkl\u0117s s\u0117kl\u0173 aliejus:<\/strong> ma\u017eina u\u017edegimines reakcijas ir ramina od\u0105<\/p>\n<p data-start=\"5062\" data-end=\"5137\">\u2022 <strong data-start=\"5064\" data-end=\"5080\">Vitaminas E:<\/strong> antioksidantas, dr\u0117kina ir saugo nuo i\u0161orini\u0173 veiksni\u0173<\/p>\n<p data-start=\"5139\" data-end=\"5201\">\u2022 <strong data-start=\"5141\" data-end=\"5161\">Nakvi\u0161\u0173 aliejus:<\/strong> mink\u0161tina ir ma\u017eina u\u017edegimo po\u017eymius<\/p>\n<p data-start=\"5203\" data-end=\"5336\">Kam tinka <strong data-start=\"5213\" data-end=\"5226\">ReBalance<\/strong>: normaliai, jautriai, mi\u0161riai ir riebiai odai, \u012fskaitant od\u0105 su padid\u0117jusiu jautrumu ir polinkiu \u012f sudirgim\u0105.<\/p>\n<p data-start=\"5338\" data-end=\"5359\"><strong data-start=\"5338\" data-end=\"5348\">T\u016bris:<\/strong> 7 g \/ 48 g<\/p>\n","protected":false},"excerpt":{"rendered":"<p data-start=\"5511\" data-end=\"5538\">Lengvas dr\u0117kinamasis kremas<\/p>\n<h2 data-start=\"5540\" data-end=\"5572\"><strong data-start=\"5540\" data-end=\"5572\">PCA SKIN &#8211; ReBalance Savyb\u0117s<\/strong><\/h2>\n<p data-start=\"5574\" data-end=\"5763\">\u2714\ufe0f Intensyviai dr\u0117kina be sunkumo poj\u016b\u010dio<br data-start=\"5615\" data-end=\"5618\" \/>\u2714\ufe0f Ramina jautrum\u0105 ir ma\u017eina paraudim\u0105<br data-start=\"5656\" data-end=\"5659\" \/>\u2714\ufe0f Atkuria komfort\u0105 ir \u0161velnum\u0105<br data-start=\"5690\" data-end=\"5693\" \/>\u2714\ufe0f Stiprina apsaugin\u012f barjer\u0105<br data-start=\"5722\" data-end=\"5725\" \/>\u2714\ufe0f Greitai \u012fsigeria neapkraudamas odos<\/p>\n","protected":false},"featured_media":64339,"template":"","meta":[],"pwb-brand":[1250],"product_brand":[],"product_cat":[738,744,746,750,748,754],"product_tag":[],"giftcard-category":[],"class_list":{"0":"post-79483","1":"product","2":"type-product","3":"status-publish","4":"has-post-thumbnail","6":"pwb-brand-pca-skin","7":"product_cat-drekinimas","8":"product_cat-issipletusios-poros","9":"product_cat-jautriai-odai","10":"product_cat-senstanti-oda","11":"product_cat-taukainai-adai-lt","12":"product_cat-travel-size-lt","13":"pa_suurus-48-g-lt","14":"pa_suurus-7-g-lt","16":"first","17":"instock","18":"taxable","19":"shipping-taxable","20":"purchasable","21":"product-type-variable"},"acf":[],"brands":[{"id":1250,"name":"PCA Skin","slug":"pca-skin"}],"_links":{"self":[{"href":"https:\/\/skinstudio.ee\/lt\/wp-json\/wp\/v2\/product\/79483","targetHints":{"allow":["GET"]}}],"collection":[{"href":"https:\/\/skinstudio.ee\/lt\/wp-json\/wp\/v2\/product"}],"about":[{"href":"https:\/\/skinstudio.ee\/lt\/wp-json\/wp\/v2\/types\/product"}],"version-history":[{"count":1,"href":"https:\/\/skinstudio.ee\/lt\/wp-json\/wp\/v2\/product\/79483\/revisions"}],"predecessor-version":[{"id":79486,"href":"https:\/\/skinstudio.ee\/lt\/wp-json\/wp\/v2\/product\/79483\/revisions\/79486"}],"wp:featuredmedia":[{"embeddable":true,"href":"https:\/\/skinstudio.ee\/lt\/wp-json\/wp\/v2\/media\/64339"}],"wp:attachment":[{"href":"https:\/\/skinstudio.ee\/lt\/wp-json\/wp\/v2\/media?parent=79483"}],"wp:term":[{"taxonomy":"pwb-brand","embeddable":true,"href":"https:\/\/skinstudio.ee\/lt\/wp-json\/wp\/v2\/pwb-brand?post=79483"},{"taxonomy":"product_brand","embeddable":true,"href":"https:\/\/skinstudio.ee\/lt\/wp-json\/wp\/v2\/product_brand?post=79483"},{"taxonomy":"product_cat","embeddable":true,"href":"https:\/\/skinstudio.ee\/lt\/wp-json\/wp\/v2\/product_cat?post=79483"},{"taxonomy":"product_tag","embeddable":true,"href":"https:\/\/skinstudio.ee\/lt\/wp-json\/wp\/v2\/product_tag?post=79483"},{"taxonomy":"giftcard-category","embeddable":true,"href":"https:\/\/skinstudio.ee\/lt\/wp-json\/wp\/v2\/giftcard-category?post=79483"}],"curies":[{"name":"wp","href":"https:\/\/api.w.org\/{rel}","templated":true}]}}