{"id":79493,"date":"2023-05-24T17:56:11","date_gmt":"2023-05-24T17:56:11","guid":{"rendered":"https:\/\/skinstudio.ee\/?post_type=product&#038;p=79493"},"modified":"2026-02-13T15:28:56","modified_gmt":"2026-02-13T15:28:56","slug":"pore-refining-treatment","status":"publish","type":"product","link":"https:\/\/skinstudio.ee\/lt\/catalog\/pca-skin\/pore-refining-treatment\/","title":{"rendered":"Pore Refining Treatment"},"content":{"rendered":"<p data-start=\"5157\" data-end=\"5502\"><strong data-start=\"5157\" data-end=\"5197\">Pore Refining Treatment nuo PCA SKIN<\/strong> &#8211; nam\u0173 naudojimui skirtas eksfoliantas, sukurtas giliam valymui ir odos atsinaujinimui, derinant fizinius, cheminius ir fermentinius komponentus. Formul\u0117 sujungia ry\u017ei\u0173 miltelius ir pemz\u0105 mechaniniam \u0161veitimui, migdolin\u0119 r\u016bg\u0161t\u012f l\u0105steli\u0173 atsinaujinimui ir papajos ferment\u0105 \u0161velniam fermentiniam poveikiui.<\/p>\n<p data-start=\"5504\" data-end=\"5767\">Produktas efektyviai pa\u0161alina negyvas l\u0105steles, valo poras ir suteikia lygesn\u0119 tekst\u016br\u0105. Aktyvi\u0173j\u0173 ingredient\u0173 kombinacija ma\u017eina i\u0161sipl\u0117tusi\u0173 por\u0173 matomum\u0105, kontroliuoja perteklin\u012f sebum\u0105 ir suteikia odai lygesn\u0119 bei gaivesn\u0119 i\u0161vaizd\u0105. Tinka visiems odos tipams.<\/p>\n<p data-start=\"5769\" data-end=\"5806\"><strong data-start=\"5769\" data-end=\"5806\">Pagrindini\u0173 ingredient\u0173 veikimas:<\/strong><\/p>\n<p data-start=\"5808\" data-end=\"5888\">\u2022 <strong data-start=\"5810\" data-end=\"5839\">Ry\u017ei\u0173 milteliai ir pemza:<\/strong> u\u017etikrina fizin\u012f \u0161veitim\u0105 ir pavir\u0161iaus valym\u0105<\/p>\n<p data-start=\"5890\" data-end=\"5966\">\u2022 <strong data-start=\"5892\" data-end=\"5914\">Migdolin\u0117 r\u016bg\u0161tis:<\/strong> skatina l\u0105steli\u0173 atsinaujinim\u0105 ir lygina tekst\u016br\u0105<\/p>\n<p data-start=\"5968\" data-end=\"6052\">\u2022 <strong data-start=\"5970\" data-end=\"5992\">Papajos fermentas:<\/strong> \u0161velniai tirpdo negyvas l\u0105steles ir stiprina eksfoliacij\u0105<\/p>\n<p data-start=\"6054\" data-end=\"6191\">Kam tinka <strong data-start=\"6064\" data-end=\"6091\">Pore Refining Treatment<\/strong>: visiems odos tipams, \u012fskaitant i\u0161sipl\u0117tusias poras, netolygi\u0105 tekst\u016br\u0105 ir polink\u012f kauptis sebumui.<\/p>\n<p data-start=\"6193\" data-end=\"6208\"><strong data-start=\"6193\" data-end=\"6203\">T\u016bris:<\/strong> 60 g<\/p>\n","protected":false},"excerpt":{"rendered":"<p data-start=\"6503\" data-end=\"6523\">Kauk\u0117 &#8211; eksfoliantas<\/p>\n<h2 data-start=\"6525\" data-end=\"6571\"><strong data-start=\"6525\" data-end=\"6571\">PCA SKIN &#8211; Pore Refining Treatment Savyb\u0117s<\/strong><\/h2>\n<p data-start=\"6573\" data-end=\"6764\">\u2714\ufe0f Valo poras ir ma\u017eina perteklin\u012f sebum\u0105<br data-start=\"6614\" data-end=\"6617\" \/>\u2714\ufe0f Ma\u017eina i\u0161sipl\u0117tusi\u0173 por\u0173 matomum\u0105<br data-start=\"6653\" data-end=\"6656\" \/>\u2714\ufe0f \u0160vei\u010dia negyvas odos l\u0105steles<br data-start=\"6688\" data-end=\"6691\" \/>\u2714\ufe0f Lygina tekst\u016br\u0105 ir pavir\u0161i\u0173<br data-start=\"6721\" data-end=\"6724\" \/>\u2714\ufe0f Suteikia lygesn\u0119 ir gaivesn\u0119 i\u0161vaizd\u0105<\/p>\n","protected":false},"featured_media":64334,"template":"","meta":[],"pwb-brand":[1250],"product_brand":[],"product_cat":[742,744,726,720,748],"product_tag":[],"giftcard-category":[],"class_list":{"0":"post-79493","1":"product","2":"type-product","3":"status-publish","4":"has-post-thumbnail","6":"pwb-brand-pca-skin","7":"product_cat-berimai","8":"product_cat-issipletusios-poros","9":"product_cat-maskas-lt","10":"product_cat-sveitikliai-ir-pilingai","11":"product_cat-taukainai-adai-lt","13":"first","14":"instock","15":"taxable","16":"shipping-taxable","17":"purchasable","18":"product-type-simple"},"acf":[],"brands":[{"id":1250,"name":"PCA Skin","slug":"pca-skin"}],"_links":{"self":[{"href":"https:\/\/skinstudio.ee\/lt\/wp-json\/wp\/v2\/product\/79493","targetHints":{"allow":["GET"]}}],"collection":[{"href":"https:\/\/skinstudio.ee\/lt\/wp-json\/wp\/v2\/product"}],"about":[{"href":"https:\/\/skinstudio.ee\/lt\/wp-json\/wp\/v2\/types\/product"}],"version-history":[{"count":2,"href":"https:\/\/skinstudio.ee\/lt\/wp-json\/wp\/v2\/product\/79493\/revisions"}],"predecessor-version":[{"id":79496,"href":"https:\/\/skinstudio.ee\/lt\/wp-json\/wp\/v2\/product\/79493\/revisions\/79496"}],"wp:featuredmedia":[{"embeddable":true,"href":"https:\/\/skinstudio.ee\/lt\/wp-json\/wp\/v2\/media\/64334"}],"wp:attachment":[{"href":"https:\/\/skinstudio.ee\/lt\/wp-json\/wp\/v2\/media?parent=79493"}],"wp:term":[{"taxonomy":"pwb-brand","embeddable":true,"href":"https:\/\/skinstudio.ee\/lt\/wp-json\/wp\/v2\/pwb-brand?post=79493"},{"taxonomy":"product_brand","embeddable":true,"href":"https:\/\/skinstudio.ee\/lt\/wp-json\/wp\/v2\/product_brand?post=79493"},{"taxonomy":"product_cat","embeddable":true,"href":"https:\/\/skinstudio.ee\/lt\/wp-json\/wp\/v2\/product_cat?post=79493"},{"taxonomy":"product_tag","embeddable":true,"href":"https:\/\/skinstudio.ee\/lt\/wp-json\/wp\/v2\/product_tag?post=79493"},{"taxonomy":"giftcard-category","embeddable":true,"href":"https:\/\/skinstudio.ee\/lt\/wp-json\/wp\/v2\/giftcard-category?post=79493"}],"curies":[{"name":"wp","href":"https:\/\/api.w.org\/{rel}","templated":true}]}}