{"id":79505,"date":"2023-05-24T17:56:11","date_gmt":"2023-05-24T17:56:11","guid":{"rendered":"https:\/\/skinstudio.ee\/?post_type=product&#038;p=79505"},"modified":"2026-02-13T15:28:49","modified_gmt":"2026-02-13T15:28:49","slug":"facial-wash","status":"publish","type":"product","link":"https:\/\/skinstudio.ee\/lt\/catalog\/pca-skin\/facial-wash\/","title":{"rendered":"Facial Wash"},"content":{"rendered":"<p data-start=\"4184\" data-end=\"4510\"><strong data-start=\"4184\" data-end=\"4212\">Facial Wash nuo PCA SKIN<\/strong> &#8211; valomasis produktas su AHA r\u016bg\u0161timis ir alavijo geliu, skirtas efektyviai pa\u0161alinti makia\u017e\u0105, i\u0161orinius ne\u0161varumus ir perteklin\u012f sebum\u0105, i\u0161laikant subalansuot\u0105 pH lyg\u012f. Formul\u0117 \u0161velniai valo od\u0105, kartu suteikdama lengv\u0105 eksfoliacij\u0105, gerindama glotnum\u0105 ir i\u0161laikydama komfort\u0105 be sausumo poj\u016b\u010dio.<\/p>\n<p data-start=\"4512\" data-end=\"4691\">Produktas palaiko \u0161velnum\u0105 ir elastingum\u0105, suvienodina tekst\u016br\u0105 ir suteikia gaivesn\u0119 i\u0161vaizd\u0105. Tinka kasdieniam naudojimui, u\u017etikrinant \u0161vari\u0105 od\u0105 be sunkumo poj\u016b\u010dio ir sudirgimo.<\/p>\n<p data-start=\"4693\" data-end=\"4730\"><strong data-start=\"4693\" data-end=\"4730\">Pagrindini\u0173 ingredient\u0173 veikimas:<\/strong><\/p>\n<p data-start=\"4732\" data-end=\"4806\">\u2022 <strong data-start=\"4734\" data-end=\"4750\">AHA r\u016bg\u0161tys:<\/strong> u\u017etikrina \u0161veln\u0173 atsinaujinim\u0105 ir lengv\u0105 eksfoliacij\u0105<\/p>\n<p data-start=\"4808\" data-end=\"4857\">\u2022 <strong data-start=\"4810\" data-end=\"4828\">Alavijo gelis:<\/strong> ramina ir ma\u017eina dirginim\u0105<\/p>\n<p data-start=\"4859\" data-end=\"4918\">\u2022 <strong data-start=\"4861\" data-end=\"4892\">Gluosnio \u017eiev\u0117s ekstraktas:<\/strong> valo ir palaiko balans\u0105<\/p>\n<p data-start=\"4920\" data-end=\"5025\">Kam tinka <strong data-start=\"4930\" data-end=\"4945\">Facial Wash<\/strong>: normaliai, jautriai ir mi\u0161riai odai, \u012fskaitant netolygi\u0105 tekst\u016br\u0105 ir jautrum\u0105.<\/p>\n<p data-start=\"5027\" data-end=\"5054\"><strong data-start=\"5027\" data-end=\"5037\">T\u016bris:<\/strong> 29,6 ml \/ 206 ml<\/p>\n","protected":false},"excerpt":{"rendered":"<p data-start=\"5233\" data-end=\"5278\">\u0160velniai eksfolijuojantis valomasis produktas<\/p>\n<h2 data-start=\"5280\" data-end=\"5314\"><strong data-start=\"5280\" data-end=\"5314\">PCA SKIN &#8211; Facial Wash Savyb\u0117s<\/strong><\/h2>\n<p data-start=\"5316\" data-end=\"5495\">\u2714\ufe0f Valo od\u0105 ir pa\u0161alina ne\u0161varumus<br data-start=\"5350\" data-end=\"5353\" \/>\u2714\ufe0f \u0160velniai eksfolijuoja ir lygina tekst\u016br\u0105<br data-start=\"5396\" data-end=\"5399\" \/>\u2714\ufe0f Ramina sudirgusi\u0105 od\u0105<br data-start=\"5423\" data-end=\"5426\" \/>\u2714\ufe0f Palaiko \u0161velnum\u0105 ir elastingum\u0105<br data-start=\"5460\" data-end=\"5463\" \/>\u2714\ufe0f U\u017etikrina komfort\u0105 be sausumo<\/p>\n","protected":false},"featured_media":79506,"template":"","meta":[],"pwb-brand":[1250],"product_brand":[],"product_cat":[746,740,754,718],"product_tag":[],"giftcard-category":[],"class_list":{"0":"post-79505","1":"product","2":"type-product","3":"status-publish","4":"has-post-thumbnail","6":"pwb-brand-pca-skin","7":"product_cat-jautriai-odai","8":"product_cat-sausai-odai","9":"product_cat-travel-size-lt","10":"product_cat-valymas","11":"pa_suurus-206ml-lt","12":"pa_suurus-29-6ml-lt","14":"first","15":"instock","16":"sale","17":"taxable","18":"shipping-taxable","19":"purchasable","20":"product-type-variable"},"acf":[],"brands":[{"id":1250,"name":"PCA Skin","slug":"pca-skin"}],"_links":{"self":[{"href":"https:\/\/skinstudio.ee\/lt\/wp-json\/wp\/v2\/product\/79505","targetHints":{"allow":["GET"]}}],"collection":[{"href":"https:\/\/skinstudio.ee\/lt\/wp-json\/wp\/v2\/product"}],"about":[{"href":"https:\/\/skinstudio.ee\/lt\/wp-json\/wp\/v2\/types\/product"}],"version-history":[{"count":1,"href":"https:\/\/skinstudio.ee\/lt\/wp-json\/wp\/v2\/product\/79505\/revisions"}],"predecessor-version":[{"id":79509,"href":"https:\/\/skinstudio.ee\/lt\/wp-json\/wp\/v2\/product\/79505\/revisions\/79509"}],"wp:featuredmedia":[{"embeddable":true,"href":"https:\/\/skinstudio.ee\/lt\/wp-json\/wp\/v2\/media\/79506"}],"wp:attachment":[{"href":"https:\/\/skinstudio.ee\/lt\/wp-json\/wp\/v2\/media?parent=79505"}],"wp:term":[{"taxonomy":"pwb-brand","embeddable":true,"href":"https:\/\/skinstudio.ee\/lt\/wp-json\/wp\/v2\/pwb-brand?post=79505"},{"taxonomy":"product_brand","embeddable":true,"href":"https:\/\/skinstudio.ee\/lt\/wp-json\/wp\/v2\/product_brand?post=79505"},{"taxonomy":"product_cat","embeddable":true,"href":"https:\/\/skinstudio.ee\/lt\/wp-json\/wp\/v2\/product_cat?post=79505"},{"taxonomy":"product_tag","embeddable":true,"href":"https:\/\/skinstudio.ee\/lt\/wp-json\/wp\/v2\/product_tag?post=79505"},{"taxonomy":"giftcard-category","embeddable":true,"href":"https:\/\/skinstudio.ee\/lt\/wp-json\/wp\/v2\/giftcard-category?post=79505"}],"curies":[{"name":"wp","href":"https:\/\/api.w.org\/{rel}","templated":true}]}}