{"id":79551,"date":"2025-07-29T11:07:08","date_gmt":"2025-07-29T11:07:08","guid":{"rendered":"https:\/\/skinstudio.ee\/?post_type=product&#038;p=79551"},"modified":"2026-04-03T09:47:39","modified_gmt":"2026-04-03T09:47:39","slug":"intensive-cream","status":"publish","type":"product","link":"https:\/\/skinstudio.ee\/lt\/catalog\/zeroid\/intensive-cream\/","title":{"rendered":"Intensive Cream"},"content":{"rendered":"<p data-start=\"3726\" data-end=\"4036\"><strong data-start=\"3726\" data-end=\"3756\">Intensive Cream nuo ZEROID<\/strong> yra lengvas, ta\u010diau sodrus dr\u0117kinamasis kremas, skirtas kasdienei sausos ir jautrios odos prie\u017ei\u016brai. Formul\u0117 u\u017etikrina ilgalaik\u012f dr\u0117kinim\u0105 ir stiprina odos apsaugin\u012f barjer\u0105, ma\u017eindama sausum\u0105 ir diskomfort\u0105. Kremas i\u0161laiko odos \u0161velnum\u0105 ir komfort\u0105 net esant stipriam sausumui.<\/p>\n<p data-start=\"4038\" data-end=\"4347\">Tekst\u016bra lengvai pasiskirsto ir palaipsniui \u012fsigeria, suteikdama maitinant\u012f poj\u016bt\u012f be sunkumo. Kremas apsaugo nuo per didelio sausumo ir ma\u017eina su sausa oda susijusi\u0173 pa\u017eeidim\u0173 rizik\u0105. Sud\u0117tyje n\u0117ra kvapi\u0173j\u0173 med\u017eiag\u0173, da\u017eikli\u0173, etanolio, paraben\u0173, fenoksietanolio, mineralin\u0117s alyvos, propilenglikolio ir PEG.<\/p>\n<p data-start=\"4349\" data-end=\"4566\"><strong data-start=\"4349\" data-end=\"4381\">Kam skirtas Intensive Cream:<\/strong> sukurtas sausai, labai sausai ir jautriai odai, \u012fskaitant pa\u017eeist\u0105 apsaugin\u012f barjer\u0105 turin\u010di\u0105 od\u0105. Tinka kasdieniam naudojimui bet kokio am\u017eiaus \u017emon\u0117ms, taip pat k\u016bdikiams ir vaikams.<\/p>\n<p data-start=\"4568\" data-end=\"4584\"><strong data-start=\"4568\" data-end=\"4578\">T\u016bris:<\/strong> 80 ml<\/p>\n","protected":false},"excerpt":{"rendered":"<p data-start=\"4685\" data-end=\"4715\">Intensyvus dr\u0117kinamasis kremas<\/p>\n<h2 data-start=\"4717\" data-end=\"4753\"><strong data-start=\"4717\" data-end=\"4753\">ZEROID &#8211; Intensive Cream Savyb\u0117s<\/strong><\/h2>\n<p data-start=\"4755\" data-end=\"4939\">\u2714\ufe0f Intensyviai dr\u0117kina ir maitina od\u0105<br data-start=\"4792\" data-end=\"4795\" \/>\u2714\ufe0f Atkuria odos apsaugin\u012f barjer\u0105<br data-start=\"4828\" data-end=\"4831\" \/>\u2714\ufe0f Ma\u017eina sudirgim\u0105 ir paraudim\u0105<br data-start=\"4863\" data-end=\"4866\" \/>\u2714\ufe0f Apsaugo nuo per didelio odos sausumo<br data-start=\"4905\" data-end=\"4908\" \/>\u2714\ufe0f U\u017etikrina ilgalaik\u012f komfort\u0105<\/p>\n","protected":false},"featured_media":67193,"template":"","meta":[],"pwb-brand":[1256],"product_brand":[],"product_cat":[738,746],"product_tag":[],"giftcard-category":[],"class_list":{"0":"post-79551","1":"product","2":"type-product","3":"status-publish","4":"has-post-thumbnail","6":"pwb-brand-zeroid","7":"product_cat-drekinimas","8":"product_cat-jautriai-odai","10":"first","11":"instock","12":"taxable","13":"shipping-taxable","14":"purchasable","15":"product-type-simple"},"acf":[],"brands":[{"id":1256,"name":"ZEROID","slug":"zeroid"}],"_links":{"self":[{"href":"https:\/\/skinstudio.ee\/lt\/wp-json\/wp\/v2\/product\/79551","targetHints":{"allow":["GET"]}}],"collection":[{"href":"https:\/\/skinstudio.ee\/lt\/wp-json\/wp\/v2\/product"}],"about":[{"href":"https:\/\/skinstudio.ee\/lt\/wp-json\/wp\/v2\/types\/product"}],"version-history":[{"count":1,"href":"https:\/\/skinstudio.ee\/lt\/wp-json\/wp\/v2\/product\/79551\/revisions"}],"predecessor-version":[{"id":79552,"href":"https:\/\/skinstudio.ee\/lt\/wp-json\/wp\/v2\/product\/79551\/revisions\/79552"}],"wp:featuredmedia":[{"embeddable":true,"href":"https:\/\/skinstudio.ee\/lt\/wp-json\/wp\/v2\/media\/67193"}],"wp:attachment":[{"href":"https:\/\/skinstudio.ee\/lt\/wp-json\/wp\/v2\/media?parent=79551"}],"wp:term":[{"taxonomy":"pwb-brand","embeddable":true,"href":"https:\/\/skinstudio.ee\/lt\/wp-json\/wp\/v2\/pwb-brand?post=79551"},{"taxonomy":"product_brand","embeddable":true,"href":"https:\/\/skinstudio.ee\/lt\/wp-json\/wp\/v2\/product_brand?post=79551"},{"taxonomy":"product_cat","embeddable":true,"href":"https:\/\/skinstudio.ee\/lt\/wp-json\/wp\/v2\/product_cat?post=79551"},{"taxonomy":"product_tag","embeddable":true,"href":"https:\/\/skinstudio.ee\/lt\/wp-json\/wp\/v2\/product_tag?post=79551"},{"taxonomy":"giftcard-category","embeddable":true,"href":"https:\/\/skinstudio.ee\/lt\/wp-json\/wp\/v2\/giftcard-category?post=79551"}],"curies":[{"name":"wp","href":"https:\/\/api.w.org\/{rel}","templated":true}]}}