{"id":79558,"date":"2025-07-29T11:06:34","date_gmt":"2025-07-29T11:06:34","guid":{"rendered":"https:\/\/skinstudio.ee\/?post_type=product&#038;p=79558"},"modified":"2026-04-03T09:47:40","modified_gmt":"2026-04-03T09:47:40","slug":"pimprove-calming-ampoule","status":"publish","type":"product","link":"https:\/\/skinstudio.ee\/lt\/catalog\/zeroid\/pimprove-calming-ampoule\/","title":{"rendered":"Pimprove Calming Ampoule"},"content":{"rendered":"<p data-start=\"3869\" data-end=\"4114\"><strong data-start=\"3869\" data-end=\"3908\">Pimprove Calming Ampoule nuo ZEROID<\/strong> yra koncentruotas raminamasis serumas, skirtas nusilpusios, problemin\u0117s ir u\u017edegimin\u0117s odos prie\u017ei\u016brai. Formul\u0117 ma\u017eina paraudim\u0105 ir sudirgim\u0105, padeda atkurti odos komfort\u0105 ir suma\u017einti netobulum\u0173 matomum\u0105.<\/p>\n<p data-start=\"4116\" data-end=\"4425\">Serumas normalizuoja odos b\u016bkl\u0119, ma\u017eina u\u017edegimo po\u017eymius ir stiprina odos apsaugin\u012f barjer\u0105. Lengva tekst\u016bra greitai \u012fsigeria, nepalieka lipnumo ar riebumo poj\u016b\u010dio, oda tampa mink\u0161tesn\u0117, ramesn\u0117 ir lygesn\u0117s i\u0161vaizdos. Tinka kasdieniam naudojimui ir kaip papildomas \u017eingsnis jautrumo ar b\u0117rim\u0173 pa\u016bm\u0117jimo metu.<\/p>\n<p data-start=\"4427\" data-end=\"4581\"><strong data-start=\"4427\" data-end=\"4468\">Kam skirtas Pimprove Calming Ampoule:<\/strong> sukurtas probleminei, jautriai ir \u012f u\u017edegimus linkusiai odai, \u012fskaitant reaktyvi\u0105 ir disbalans\u0105 patirian\u010di\u0105 od\u0105.<\/p>\n<p data-start=\"4583\" data-end=\"4599\"><strong data-start=\"4583\" data-end=\"4593\">T\u016bris:<\/strong> 30 ml<\/p>\n","protected":false},"excerpt":{"rendered":"<p data-start=\"4704\" data-end=\"4723\">Raminamasis serumas<\/p>\n<h2 data-start=\"4725\" data-end=\"4770\"><strong data-start=\"4725\" data-end=\"4770\">ZEROID &#8211; Pimprove Calming Ampoule Savyb\u0117s<\/strong><\/h2>\n<p data-start=\"4772\" data-end=\"4989\">\u2714\ufe0f Ma\u017eina paraudim\u0105 ir sudirgimo po\u017eymius<br data-start=\"4813\" data-end=\"4816\" \/>\u2714\ufe0f Ma\u017eina u\u017edegimini\u0173 element\u0173 matomum\u0105<br data-start=\"4855\" data-end=\"4858\" \/>\u2714\ufe0f Normalizuoja odos b\u016bkl\u0119 esant netobulumams<br data-start=\"4903\" data-end=\"4906\" \/>\u2714\ufe0f Reguliuoja perteklin\u0119 sebumo gamyb\u0105<br data-start=\"4944\" data-end=\"4947\" \/>\u2714\ufe0f Gerina odos komfort\u0105 ir bendr\u0105 i\u0161vaizd\u0105<\/p>\n","protected":false},"featured_media":38394,"template":"","meta":[],"pwb-brand":[1256],"product_brand":[],"product_cat":[746,724],"product_tag":[],"giftcard-category":[],"class_list":{"0":"post-79558","1":"product","2":"type-product","3":"status-publish","4":"has-post-thumbnail","6":"pwb-brand-zeroid","7":"product_cat-jautriai-odai","8":"product_cat-serumai","10":"first","11":"instock","12":"taxable","13":"shipping-taxable","14":"purchasable","15":"product-type-simple"},"acf":[],"brands":[{"id":1256,"name":"ZEROID","slug":"zeroid"}],"_links":{"self":[{"href":"https:\/\/skinstudio.ee\/lt\/wp-json\/wp\/v2\/product\/79558","targetHints":{"allow":["GET"]}}],"collection":[{"href":"https:\/\/skinstudio.ee\/lt\/wp-json\/wp\/v2\/product"}],"about":[{"href":"https:\/\/skinstudio.ee\/lt\/wp-json\/wp\/v2\/types\/product"}],"version-history":[{"count":1,"href":"https:\/\/skinstudio.ee\/lt\/wp-json\/wp\/v2\/product\/79558\/revisions"}],"predecessor-version":[{"id":79559,"href":"https:\/\/skinstudio.ee\/lt\/wp-json\/wp\/v2\/product\/79558\/revisions\/79559"}],"wp:featuredmedia":[{"embeddable":true,"href":"https:\/\/skinstudio.ee\/lt\/wp-json\/wp\/v2\/media\/38394"}],"wp:attachment":[{"href":"https:\/\/skinstudio.ee\/lt\/wp-json\/wp\/v2\/media?parent=79558"}],"wp:term":[{"taxonomy":"pwb-brand","embeddable":true,"href":"https:\/\/skinstudio.ee\/lt\/wp-json\/wp\/v2\/pwb-brand?post=79558"},{"taxonomy":"product_brand","embeddable":true,"href":"https:\/\/skinstudio.ee\/lt\/wp-json\/wp\/v2\/product_brand?post=79558"},{"taxonomy":"product_cat","embeddable":true,"href":"https:\/\/skinstudio.ee\/lt\/wp-json\/wp\/v2\/product_cat?post=79558"},{"taxonomy":"product_tag","embeddable":true,"href":"https:\/\/skinstudio.ee\/lt\/wp-json\/wp\/v2\/product_tag?post=79558"},{"taxonomy":"giftcard-category","embeddable":true,"href":"https:\/\/skinstudio.ee\/lt\/wp-json\/wp\/v2\/giftcard-category?post=79558"}],"curies":[{"name":"wp","href":"https:\/\/api.w.org\/{rel}","templated":true}]}}