{"id":79565,"date":"2025-07-29T11:04:54","date_gmt":"2025-07-29T11:04:54","guid":{"rendered":"https:\/\/skinstudio.ee\/?post_type=product&#038;p=79565"},"modified":"2026-04-03T09:47:39","modified_gmt":"2026-04-03T09:47:39","slug":"dermanewal-protect-cream","status":"publish","type":"product","link":"https:\/\/skinstudio.ee\/lt\/catalog\/zeroid\/dermanewal-protect-cream\/","title":{"rendered":"Dermanewal Protect Cream"},"content":{"rendered":"<p data-start=\"4309\" data-end=\"4610\"><strong data-start=\"4309\" data-end=\"4348\">Dermanewal Protect Cream nuo ZEROID<\/strong> yra greitai \u012fsigeriantis atkuriamasis kremas su lengva nelipnia tekst\u016bra, skirtas odos prie\u017ei\u016brai po agresyvi\u0173 dermatologini\u0173 proced\u016br\u0173. Kremas ramina od\u0105, ma\u017eina sudirgimo poj\u016bt\u012f ir padeda atkurti apsaugines funkcijas, i\u0161laikydamas komfort\u0105 ir sveik\u0105 i\u0161vaizd\u0105.<\/p>\n<p data-start=\"4612\" data-end=\"4881\">Formul\u0117 stiprina nusilpus\u012f odos apsaugin\u012f barjer\u0105 ir palaiko atsistatymo procesus po i\u0161orini\u0173 stresori\u0173. Kremas gerina odos ton\u0105 ir pigmentacijos i\u0161vaizd\u0105 nesukeldamas papildomo sudirgimo net jautriai odai. Lengva tekst\u016bra greitai \u012fsigeria ir nepalieka riebumo poj\u016b\u010dio.<\/p>\n<p data-start=\"4883\" data-end=\"5052\"><strong data-start=\"4883\" data-end=\"4924\">Kam skirtas Dermanewal Protect Cream:<\/strong> sukurtas nusilpusiai, jautriai ir reaktyviai odai, \u012fskaitant od\u0105 po dermatologini\u0173 proced\u016br\u0173 ir su pa\u017eeistu apsauginiu barjeru.<\/p>\n<p data-start=\"5054\" data-end=\"5070\"><strong data-start=\"5054\" data-end=\"5064\">T\u016bris:<\/strong> 50 ml<\/p>\n","protected":false},"excerpt":{"rendered":"<p data-start=\"5292\" data-end=\"5311\">Atkuriamasis kremas<\/p>\n<h2 data-start=\"5313\" data-end=\"5358\"><strong data-start=\"5313\" data-end=\"5358\">ZEROID &#8211; Dermanewal Protect Cream Savyb\u0117s<\/strong><\/h2>\n<p data-start=\"5360\" data-end=\"5582\">\u2714\ufe0f Ramina od\u0105 po dermatologini\u0173 proced\u016br\u0173<br data-start=\"5401\" data-end=\"5404\" \/>\u2714\ufe0f Atkuria ir stiprina odos apsaugin\u012f barjer\u0105<br data-start=\"5449\" data-end=\"5452\" \/>\u2714\ufe0f Gerina odos ton\u0105 ir pigmentacijos i\u0161vaizd\u0105<br data-start=\"5497\" data-end=\"5500\" \/>\u2714\ufe0f Ma\u017eina sudirgimo ir diskomforto poj\u016bt\u012f<br data-start=\"5541\" data-end=\"5544\" \/>\u2714\ufe0f Greitai \u012fsigeria be riebumo poj\u016b\u010dio<\/p>\n","protected":false},"featured_media":67178,"template":"","meta":[],"pwb-brand":[1256],"product_brand":[],"product_cat":[738,746,752],"product_tag":[],"giftcard-category":[],"class_list":{"0":"post-79565","1":"product","2":"type-product","3":"status-publish","4":"has-post-thumbnail","6":"pwb-brand-zeroid","7":"product_cat-drekinimas","8":"product_cat-jautriai-odai","9":"product_cat-pigmentacija-lt","11":"first","12":"instock","13":"taxable","14":"shipping-taxable","15":"purchasable","16":"product-type-simple"},"acf":[],"brands":[{"id":1256,"name":"ZEROID","slug":"zeroid"}],"_links":{"self":[{"href":"https:\/\/skinstudio.ee\/lt\/wp-json\/wp\/v2\/product\/79565","targetHints":{"allow":["GET"]}}],"collection":[{"href":"https:\/\/skinstudio.ee\/lt\/wp-json\/wp\/v2\/product"}],"about":[{"href":"https:\/\/skinstudio.ee\/lt\/wp-json\/wp\/v2\/types\/product"}],"version-history":[{"count":1,"href":"https:\/\/skinstudio.ee\/lt\/wp-json\/wp\/v2\/product\/79565\/revisions"}],"predecessor-version":[{"id":79566,"href":"https:\/\/skinstudio.ee\/lt\/wp-json\/wp\/v2\/product\/79565\/revisions\/79566"}],"wp:featuredmedia":[{"embeddable":true,"href":"https:\/\/skinstudio.ee\/lt\/wp-json\/wp\/v2\/media\/67178"}],"wp:attachment":[{"href":"https:\/\/skinstudio.ee\/lt\/wp-json\/wp\/v2\/media?parent=79565"}],"wp:term":[{"taxonomy":"pwb-brand","embeddable":true,"href":"https:\/\/skinstudio.ee\/lt\/wp-json\/wp\/v2\/pwb-brand?post=79565"},{"taxonomy":"product_brand","embeddable":true,"href":"https:\/\/skinstudio.ee\/lt\/wp-json\/wp\/v2\/product_brand?post=79565"},{"taxonomy":"product_cat","embeddable":true,"href":"https:\/\/skinstudio.ee\/lt\/wp-json\/wp\/v2\/product_cat?post=79565"},{"taxonomy":"product_tag","embeddable":true,"href":"https:\/\/skinstudio.ee\/lt\/wp-json\/wp\/v2\/product_tag?post=79565"},{"taxonomy":"giftcard-category","embeddable":true,"href":"https:\/\/skinstudio.ee\/lt\/wp-json\/wp\/v2\/giftcard-category?post=79565"}],"curies":[{"name":"wp","href":"https:\/\/api.w.org\/{rel}","templated":true}]}}