{"id":79573,"date":"2025-07-29T11:04:16","date_gmt":"2025-07-29T11:04:16","guid":{"rendered":"https:\/\/skinstudio.ee\/?post_type=product&#038;p=79573"},"modified":"2026-04-03T09:47:39","modified_gmt":"2026-04-03T09:47:39","slug":"dermanewal-cleansing-gel","status":"publish","type":"product","link":"https:\/\/skinstudio.ee\/lt\/catalog\/zeroid\/dermanewal-cleansing-gel\/","title":{"rendered":"Dermanewal Cleansing Gel"},"content":{"rendered":"<p data-start=\"3588\" data-end=\"3819\"><strong data-start=\"3588\" data-end=\"3627\">Dermanewal Cleansing Gel nuo ZEROID<\/strong> yra \u0161velnus veido prausiklis, skirtas kasdieniam odos valymui. Formul\u0117 efektyviai pa\u0161alina ne\u0161varumus, makia\u017eo liku\u010dius ir perteklin\u012f sebum\u0105, i\u0161laikydama odos komfort\u0105 ir nat\u016bral\u0173 pH balans\u0105.<\/p>\n<p data-start=\"3821\" data-end=\"4027\">Lengva formul\u0117 valo od\u0105 jos neperd\u017eiovindama, padeda i\u0161laikyti \u0161velnum\u0105 ir dr\u0117kinimo poj\u016bt\u012f po prausimo. Gelis tinka reguliariam naudojimui ir gali b\u016bti naudojamas po kosmetini\u0173 ar dermatologini\u0173 proced\u016br\u0173.<\/p>\n<p data-start=\"4029\" data-end=\"4185\"><strong data-start=\"4029\" data-end=\"4070\">Kam skirtas Dermanewal Cleansing Gel:<\/strong> sukurtas vis\u0173 tip\u0173 odai, \u012fskaitant jautri\u0105, reaktyvi\u0105 ir nusilpusi\u0105 od\u0105 po dermatologini\u0173 ar kosmetini\u0173 proced\u016br\u0173.<\/p>\n<p data-start=\"4187\" data-end=\"4204\"><strong data-start=\"4187\" data-end=\"4197\">T\u016bris:<\/strong> 200 ml<\/p>\n","protected":false},"excerpt":{"rendered":"<p data-start=\"4381\" data-end=\"4396\">Valomasis gelis<\/p>\n<h2 data-start=\"4398\" data-end=\"4443\"><strong data-start=\"4398\" data-end=\"4443\">ZEROID &#8211; Dermanewal Cleansing Gel Savyb\u0117s<\/strong><\/h2>\n<p data-start=\"4445\" data-end=\"4656\">\u2714\ufe0f \u0160velniai pa\u0161alina ne\u0161varumus ir perteklin\u012f sebum\u0105<br data-start=\"4497\" data-end=\"4500\" \/>\u2714\ufe0f Valo poras neperd\u017eiovindamas odos<br data-start=\"4536\" data-end=\"4539\" \/>\u2714\ufe0f I\u0161laiko nat\u016bral\u0173 odos balans\u0105<br data-start=\"4571\" data-end=\"4574\" \/>\u2714\ufe0f I\u0161laiko dr\u0117kinimo poj\u016bt\u012f po prausimo<br data-start=\"4613\" data-end=\"4616\" \/>\u2714\ufe0f U\u017etikrina komforti\u0161k\u0105 kasdien\u012f valym\u0105<\/p>\n","protected":false},"featured_media":40956,"template":"","meta":[],"pwb-brand":[1256],"product_brand":[],"product_cat":[718],"product_tag":[],"giftcard-category":[],"class_list":{"0":"post-79573","1":"product","2":"type-product","3":"status-publish","4":"has-post-thumbnail","6":"pwb-brand-zeroid","7":"product_cat-valymas","9":"first","10":"instock","11":"taxable","12":"shipping-taxable","13":"purchasable","14":"product-type-simple"},"acf":[],"brands":[{"id":1256,"name":"ZEROID","slug":"zeroid"}],"_links":{"self":[{"href":"https:\/\/skinstudio.ee\/lt\/wp-json\/wp\/v2\/product\/79573","targetHints":{"allow":["GET"]}}],"collection":[{"href":"https:\/\/skinstudio.ee\/lt\/wp-json\/wp\/v2\/product"}],"about":[{"href":"https:\/\/skinstudio.ee\/lt\/wp-json\/wp\/v2\/types\/product"}],"version-history":[{"count":2,"href":"https:\/\/skinstudio.ee\/lt\/wp-json\/wp\/v2\/product\/79573\/revisions"}],"predecessor-version":[{"id":79575,"href":"https:\/\/skinstudio.ee\/lt\/wp-json\/wp\/v2\/product\/79573\/revisions\/79575"}],"wp:featuredmedia":[{"embeddable":true,"href":"https:\/\/skinstudio.ee\/lt\/wp-json\/wp\/v2\/media\/40956"}],"wp:attachment":[{"href":"https:\/\/skinstudio.ee\/lt\/wp-json\/wp\/v2\/media?parent=79573"}],"wp:term":[{"taxonomy":"pwb-brand","embeddable":true,"href":"https:\/\/skinstudio.ee\/lt\/wp-json\/wp\/v2\/pwb-brand?post=79573"},{"taxonomy":"product_brand","embeddable":true,"href":"https:\/\/skinstudio.ee\/lt\/wp-json\/wp\/v2\/product_brand?post=79573"},{"taxonomy":"product_cat","embeddable":true,"href":"https:\/\/skinstudio.ee\/lt\/wp-json\/wp\/v2\/product_cat?post=79573"},{"taxonomy":"product_tag","embeddable":true,"href":"https:\/\/skinstudio.ee\/lt\/wp-json\/wp\/v2\/product_tag?post=79573"},{"taxonomy":"giftcard-category","embeddable":true,"href":"https:\/\/skinstudio.ee\/lt\/wp-json\/wp\/v2\/giftcard-category?post=79573"}],"curies":[{"name":"wp","href":"https:\/\/api.w.org\/{rel}","templated":true}]}}