{"id":79581,"date":"2025-07-29T11:03:25","date_gmt":"2025-07-29T11:03:25","guid":{"rendered":"https:\/\/skinstudio.ee\/?post_type=product&#038;p=79581"},"modified":"2026-04-03T09:47:39","modified_gmt":"2026-04-03T09:47:39","slug":"dermanewal-revitalizing-ampoule","status":"publish","type":"product","link":"https:\/\/skinstudio.ee\/lt\/catalog\/zeroid\/dermanewal-revitalizing-ampoule\/","title":{"rendered":"Dermanewal Revitalizing Ampoule"},"content":{"rendered":"<p data-start=\"3870\" data-end=\"4168\"><strong data-start=\"3870\" data-end=\"3916\">Dermanewal Revitalizing Ampoule nuo ZEROID<\/strong> yra jauninamasis ampulinis serumas, skirtas pavargusios ir stres\u0105 patyrusios odos energijai atkurti. Formul\u0117 padeda suteikti odai gaivesn\u0119 ir labiau pails\u0117jusi\u0105 i\u0161vaizd\u0105, gerina elastingum\u0105 ir bendr\u0105 odos b\u016bkl\u0119, i\u0161laikydama komfort\u0105 net jautriai odai.<\/p>\n<p data-start=\"4170\" data-end=\"4447\">Serumas stiprina odos strukt\u016br\u0105 ir palaiko atsistatymo procesus, ma\u017eina sausumo ir tempimo poj\u016bt\u012f. Lengva tekst\u016bra greitai \u012fsigeria ir neapsunkina odos, palikdama j\u0105 \u0161velni\u0105 ir lygi\u0105. Tinka reguliariam naudojimui kasdien\u0117je prie\u017ei\u016broje ir padid\u0117jusio odos streso laikotarpiais.<\/p>\n<p data-start=\"4449\" data-end=\"4603\"><strong data-start=\"4449\" data-end=\"4497\">Kam skirtas Dermanewal Revitalizing Ampoule:<\/strong> sukurtas pavargusiai, stresuotai ir nusilpusiai odai, \u012fskaitant od\u0105 su suma\u017e\u0117jusiu tonusu ir gyvybingumu.<\/p>\n<p data-start=\"4605\" data-end=\"4621\"><strong data-start=\"4605\" data-end=\"4615\">T\u016bris:<\/strong> 30 ml<\/p>\n","protected":false},"excerpt":{"rendered":"<p data-start=\"4775\" data-end=\"4804\">Jauninantis ampulinis serumas<\/p>\n<h2 data-start=\"4806\" data-end=\"4858\"><strong data-start=\"4806\" data-end=\"4858\">ZEROID &#8211; Dermanewal Revitalizing Ampoule Savyb\u0117s<\/strong><\/h2>\n<p data-start=\"4860\" data-end=\"5038\">\u2714\ufe0f Atkuria odos tonus\u0105 ir gaivum\u0105<br data-start=\"4893\" data-end=\"4896\" \/>\u2714\ufe0f Gerina elastingum\u0105 ir \u0161vyt\u0117jim\u0105<br data-start=\"4930\" data-end=\"4933\" \/>\u2714\ufe0f Ma\u017eina sausumo ir tempimo poj\u016bt\u012f<br data-start=\"4968\" data-end=\"4971\" \/>\u2714\ufe0f Stiprina odos strukt\u016br\u0105<br data-start=\"4997\" data-end=\"5000\" \/>\u2714\ufe0f Palaiko odos atsinaujinimo procesus<\/p>\n","protected":false},"featured_media":67167,"template":"","meta":[],"pwb-brand":[1256],"product_brand":[],"product_cat":[750,724],"product_tag":[],"giftcard-category":[],"class_list":{"0":"post-79581","1":"product","2":"type-product","3":"status-publish","4":"has-post-thumbnail","6":"pwb-brand-zeroid","7":"product_cat-senstanti-oda","8":"product_cat-serumai","10":"first","11":"instock","12":"taxable","13":"shipping-taxable","14":"purchasable","15":"product-type-simple"},"acf":[],"brands":[{"id":1256,"name":"ZEROID","slug":"zeroid"}],"_links":{"self":[{"href":"https:\/\/skinstudio.ee\/lt\/wp-json\/wp\/v2\/product\/79581","targetHints":{"allow":["GET"]}}],"collection":[{"href":"https:\/\/skinstudio.ee\/lt\/wp-json\/wp\/v2\/product"}],"about":[{"href":"https:\/\/skinstudio.ee\/lt\/wp-json\/wp\/v2\/types\/product"}],"version-history":[{"count":1,"href":"https:\/\/skinstudio.ee\/lt\/wp-json\/wp\/v2\/product\/79581\/revisions"}],"predecessor-version":[{"id":79582,"href":"https:\/\/skinstudio.ee\/lt\/wp-json\/wp\/v2\/product\/79581\/revisions\/79582"}],"wp:featuredmedia":[{"embeddable":true,"href":"https:\/\/skinstudio.ee\/lt\/wp-json\/wp\/v2\/media\/67167"}],"wp:attachment":[{"href":"https:\/\/skinstudio.ee\/lt\/wp-json\/wp\/v2\/media?parent=79581"}],"wp:term":[{"taxonomy":"pwb-brand","embeddable":true,"href":"https:\/\/skinstudio.ee\/lt\/wp-json\/wp\/v2\/pwb-brand?post=79581"},{"taxonomy":"product_brand","embeddable":true,"href":"https:\/\/skinstudio.ee\/lt\/wp-json\/wp\/v2\/product_brand?post=79581"},{"taxonomy":"product_cat","embeddable":true,"href":"https:\/\/skinstudio.ee\/lt\/wp-json\/wp\/v2\/product_cat?post=79581"},{"taxonomy":"product_tag","embeddable":true,"href":"https:\/\/skinstudio.ee\/lt\/wp-json\/wp\/v2\/product_tag?post=79581"},{"taxonomy":"giftcard-category","embeddable":true,"href":"https:\/\/skinstudio.ee\/lt\/wp-json\/wp\/v2\/giftcard-category?post=79581"}],"curies":[{"name":"wp","href":"https:\/\/api.w.org\/{rel}","templated":true}]}}