{"id":79588,"date":"2025-07-29T11:03:03","date_gmt":"2025-07-29T11:03:03","guid":{"rendered":"https:\/\/skinstudio.ee\/?post_type=product&#038;p=79588"},"modified":"2026-04-03T09:47:40","modified_gmt":"2026-04-03T09:47:40","slug":"rootheal-mild-shampoo","status":"publish","type":"product","link":"https:\/\/skinstudio.ee\/lt\/catalog\/zeroid\/rootheal-mild-shampoo\/","title":{"rendered":"Rootheal Mild Shampoo"},"content":{"rendered":"<p data-start=\"3823\" data-end=\"4105\"><strong data-start=\"3823\" data-end=\"3859\">Rootheal Mild Shampoo nuo ZEROID<\/strong> yra \u0161velnus \u017eemo pH \u0161amp\u016bnas, skirtas sausos ir jautrios galvos odos prie\u017ei\u016brai. Formul\u0117 su \u0161velniais valan\u010diais komponentais efektyviai pa\u0161alina ne\u0161varumus ir perteklin\u012f sebum\u0105, i\u0161laikydama nat\u016bral\u0173 galvos odos balans\u0105 ir komfort\u0105 plovimo metu.<\/p>\n<p data-start=\"4107\" data-end=\"4420\">\u0160amp\u016bnas sukuria mink\u0161tas, gausias putas, kurios tolygiai pasiskirsto plaukuose ir galvos odoje, valo neperd\u017eiovindamos ir padeda i\u0161laikyti sveik\u0105 plauk\u0173 i\u0161vaizd\u0105. Formul\u0117 ma\u017eina i\u0161orini\u0173 veiksni\u0173 sukelt\u0105 sudirgim\u0105, \u012fskaitant da\u017en\u0105 da\u017eym\u0105 ar chemines proced\u016bras. Tinka reguliariam naudojimui jautriai galvos odai.<\/p>\n<p data-start=\"4422\" data-end=\"4572\"><strong data-start=\"4422\" data-end=\"4460\">Kam skirtas Rootheal Mild Shampoo:<\/strong> sukurtas sausai, jautriai ir sudirgimams linkusiai galvos odai, \u012fskaitant diskomfort\u0105 ir padid\u0117jus\u012f reaktyvum\u0105.<\/p>\n<p data-start=\"4574\" data-end=\"4591\"><strong data-start=\"4574\" data-end=\"4584\">T\u016bris:<\/strong> 300 ml<\/p>\n","protected":false},"excerpt":{"rendered":"<p data-start=\"4757\" data-end=\"4773\">\u0160velnus \u0161amp\u016bnas<\/p>\n<h2 data-start=\"4775\" data-end=\"4817\"><strong data-start=\"4775\" data-end=\"4817\">ZEROID &#8211; Rootheal Mild Shampoo Savyb\u0117s<\/strong><\/h2>\n<p data-start=\"4819\" data-end=\"5023\">\u2714\ufe0f \u0160velniai valo galvos od\u0105 ir plaukus<br data-start=\"4857\" data-end=\"4860\" \/>\u2714\ufe0f Palaiko fiziologin\u012f pH balans\u0105<br data-start=\"4893\" data-end=\"4896\" \/>\u2714\ufe0f Mink\u0161tina plaukus ir gerina i\u0161\u0161ukavim\u0105<br data-start=\"4937\" data-end=\"4940\" \/>\u2714\ufe0f Ma\u017eina galvos odos sudirgimo poj\u016bt\u012f<br data-start=\"4978\" data-end=\"4981\" \/>\u2714\ufe0f I\u0161laiko galvos odos komfort\u0105 ir balans\u0105<\/p>\n","protected":false},"featured_media":67162,"template":"","meta":[],"pwb-brand":[1256],"product_brand":[],"product_cat":[758],"product_tag":[],"giftcard-category":[],"class_list":{"0":"post-79588","1":"product","2":"type-product","3":"status-publish","4":"has-post-thumbnail","6":"pwb-brand-zeroid","7":"product_cat-kuno-prieziura","9":"first","10":"instock","11":"taxable","12":"shipping-taxable","13":"purchasable","14":"product-type-simple"},"acf":[],"brands":[{"id":1256,"name":"ZEROID","slug":"zeroid"}],"_links":{"self":[{"href":"https:\/\/skinstudio.ee\/lt\/wp-json\/wp\/v2\/product\/79588","targetHints":{"allow":["GET"]}}],"collection":[{"href":"https:\/\/skinstudio.ee\/lt\/wp-json\/wp\/v2\/product"}],"about":[{"href":"https:\/\/skinstudio.ee\/lt\/wp-json\/wp\/v2\/types\/product"}],"version-history":[{"count":1,"href":"https:\/\/skinstudio.ee\/lt\/wp-json\/wp\/v2\/product\/79588\/revisions"}],"predecessor-version":[{"id":79589,"href":"https:\/\/skinstudio.ee\/lt\/wp-json\/wp\/v2\/product\/79588\/revisions\/79589"}],"wp:featuredmedia":[{"embeddable":true,"href":"https:\/\/skinstudio.ee\/lt\/wp-json\/wp\/v2\/media\/67162"}],"wp:attachment":[{"href":"https:\/\/skinstudio.ee\/lt\/wp-json\/wp\/v2\/media?parent=79588"}],"wp:term":[{"taxonomy":"pwb-brand","embeddable":true,"href":"https:\/\/skinstudio.ee\/lt\/wp-json\/wp\/v2\/pwb-brand?post=79588"},{"taxonomy":"product_brand","embeddable":true,"href":"https:\/\/skinstudio.ee\/lt\/wp-json\/wp\/v2\/product_brand?post=79588"},{"taxonomy":"product_cat","embeddable":true,"href":"https:\/\/skinstudio.ee\/lt\/wp-json\/wp\/v2\/product_cat?post=79588"},{"taxonomy":"product_tag","embeddable":true,"href":"https:\/\/skinstudio.ee\/lt\/wp-json\/wp\/v2\/product_tag?post=79588"},{"taxonomy":"giftcard-category","embeddable":true,"href":"https:\/\/skinstudio.ee\/lt\/wp-json\/wp\/v2\/giftcard-category?post=79588"}],"curies":[{"name":"wp","href":"https:\/\/api.w.org\/{rel}","templated":true}]}}