{"id":79595,"date":"2025-07-09T10:22:04","date_gmt":"2025-07-09T10:22:04","guid":{"rendered":"https:\/\/skinstudio.ee\/?post_type=product&#038;p=79595"},"modified":"2026-04-03T09:47:40","modified_gmt":"2026-04-03T09:47:40","slug":"pimprove-moisturiser","status":"publish","type":"product","link":"https:\/\/skinstudio.ee\/lt\/catalog\/zeroid\/pimprove-moisturiser\/","title":{"rendered":"Pimprove Moisturiser"},"content":{"rendered":"<p data-start=\"3261\" data-end=\"3508\"><strong data-start=\"3261\" data-end=\"3296\">Pimprove Moisturiser nuo ZEROID<\/strong> yra lengvas dr\u0117kinamasis kremas, specialiai sukurtas aknei linkusiai ir riebiai odai. Formul\u0117 ma\u017eina paraudimo ir netobulum\u0173 matomum\u0105, reguliuoja sebumo i\u0161siskyrim\u0105 ir gerina odos tekst\u016br\u0105, i\u0161laikydama komfort\u0105.<\/p>\n<p data-start=\"3510\" data-end=\"3684\">Kremas greitai \u012fsigeria, neapsunkina odos ir neu\u017ekem\u0161a por\u0173. Palaiko odos balans\u0105 nestabilios b\u016bkl\u0117s ir i\u0161orini\u0173 streso veiksni\u0173 metu, pad\u0117damas i\u0161laikyti tolygesn\u0119 i\u0161vaizd\u0105.<\/p>\n<p data-start=\"3686\" data-end=\"3829\"><strong data-start=\"3686\" data-end=\"3723\">Kam skirtas Pimprove Moisturiser:<\/strong> sukurtas riebiai, mi\u0161riai ir probleminei odai, \u012fskaitant paaugli\u0173 ir suaugusi\u0173j\u0173 od\u0105 su akn\u0117s tendencija.<\/p>\n<p data-start=\"3831\" data-end=\"3848\"><strong data-start=\"3831\" data-end=\"3841\">T\u016bris:<\/strong> 100 ml<\/p>\n","protected":false},"excerpt":{"rendered":"<p data-start=\"3922\" data-end=\"3941\">Dr\u0117kinamasis kremas<\/p>\n<h2 data-start=\"3943\" data-end=\"3984\"><strong data-start=\"3943\" data-end=\"3984\">ZEROID &#8211; Pimprove Moisturiser Savyb\u0117s<\/strong><\/h2>\n<p data-start=\"3986\" data-end=\"4171\">\u2714\ufe0f Ma\u017eina u\u017edegimini\u0173 element\u0173 matomum\u0105<br data-start=\"4025\" data-end=\"4028\" \/>\u2714\ufe0f Reguliuoja sebumo i\u0161siskyrim\u0105<br data-start=\"4060\" data-end=\"4063\" \/>\u2714\ufe0f Dr\u0117kina be sunkumo poj\u016b\u010dio<br data-start=\"4092\" data-end=\"4095\" \/>\u2714\ufe0f Gerina odos tekst\u016br\u0105 ir i\u0161vaizd\u0105<br data-start=\"4130\" data-end=\"4133\" \/>\u2714\ufe0f Greitai \u012fsigeria be pl\u0117vel\u0117s efekto<\/p>\n","protected":false},"featured_media":67152,"template":"","meta":[],"pwb-brand":[1256],"product_brand":[],"product_cat":[738,748],"product_tag":[],"giftcard-category":[],"class_list":{"0":"post-79595","1":"product","2":"type-product","3":"status-publish","4":"has-post-thumbnail","6":"pwb-brand-zeroid","7":"product_cat-drekinimas","8":"product_cat-taukainai-adai-lt","10":"first","11":"instock","12":"taxable","13":"shipping-taxable","14":"purchasable","15":"product-type-simple"},"acf":[],"brands":[{"id":1256,"name":"ZEROID","slug":"zeroid"}],"_links":{"self":[{"href":"https:\/\/skinstudio.ee\/lt\/wp-json\/wp\/v2\/product\/79595","targetHints":{"allow":["GET"]}}],"collection":[{"href":"https:\/\/skinstudio.ee\/lt\/wp-json\/wp\/v2\/product"}],"about":[{"href":"https:\/\/skinstudio.ee\/lt\/wp-json\/wp\/v2\/types\/product"}],"version-history":[{"count":1,"href":"https:\/\/skinstudio.ee\/lt\/wp-json\/wp\/v2\/product\/79595\/revisions"}],"predecessor-version":[{"id":79596,"href":"https:\/\/skinstudio.ee\/lt\/wp-json\/wp\/v2\/product\/79595\/revisions\/79596"}],"wp:featuredmedia":[{"embeddable":true,"href":"https:\/\/skinstudio.ee\/lt\/wp-json\/wp\/v2\/media\/67152"}],"wp:attachment":[{"href":"https:\/\/skinstudio.ee\/lt\/wp-json\/wp\/v2\/media?parent=79595"}],"wp:term":[{"taxonomy":"pwb-brand","embeddable":true,"href":"https:\/\/skinstudio.ee\/lt\/wp-json\/wp\/v2\/pwb-brand?post=79595"},{"taxonomy":"product_brand","embeddable":true,"href":"https:\/\/skinstudio.ee\/lt\/wp-json\/wp\/v2\/product_brand?post=79595"},{"taxonomy":"product_cat","embeddable":true,"href":"https:\/\/skinstudio.ee\/lt\/wp-json\/wp\/v2\/product_cat?post=79595"},{"taxonomy":"product_tag","embeddable":true,"href":"https:\/\/skinstudio.ee\/lt\/wp-json\/wp\/v2\/product_tag?post=79595"},{"taxonomy":"giftcard-category","embeddable":true,"href":"https:\/\/skinstudio.ee\/lt\/wp-json\/wp\/v2\/giftcard-category?post=79595"}],"curies":[{"name":"wp","href":"https:\/\/api.w.org\/{rel}","templated":true}]}}