{"id":79602,"date":"2025-07-09T10:21:11","date_gmt":"2025-07-09T10:21:11","guid":{"rendered":"https:\/\/skinstudio.ee\/?post_type=product&#038;p=79602"},"modified":"2026-04-03T09:47:40","modified_gmt":"2026-04-03T09:47:40","slug":"pimprove-toner","status":"publish","type":"product","link":"https:\/\/skinstudio.ee\/lt\/catalog\/zeroid\/pimprove-toner\/","title":{"rendered":"Pimprove Toner"},"content":{"rendered":"<p data-start=\"3234\" data-end=\"3506\"><strong data-start=\"3234\" data-end=\"3263\">Pimprove Toner nuo ZEROID<\/strong> yra lengvas, ta\u010diau veiksmingas balansinis tonikas, skirtas riebios ir problemin\u0117s odos prie\u017ei\u016brai. Formul\u0117 padeda kontroliuoti perteklin\u012f sebum\u0105, palaiko por\u0173 \u0161var\u0105 ir gerina bendr\u0105 odos i\u0161vaizd\u0105, suteikdama jai tolygesn\u012f ir gaivesn\u012f vaizd\u0105.<\/p>\n<p data-start=\"3508\" data-end=\"3692\">Tonikas \u0161velniai atnaujina odos pavir\u0161i\u0173, ma\u017eina netobulum\u0173 matomum\u0105 ir paruo\u0161ia od\u0105 tolimesnei prie\u017ei\u016brai. Sud\u0117tyje n\u0117ra alkoholio, tod\u0117l oda jau\u010diasi komforti\u0161kai be tempimo poj\u016b\u010dio.<\/p>\n<p data-start=\"3694\" data-end=\"3858\"><strong data-start=\"3694\" data-end=\"3725\">Kam skirtas Pimprove Toner:<\/strong> sukurtas riebiai, mi\u0161riai ir aknei linkusiai odai, \u012fskaitant paaugli\u0173 ir suaugusi\u0173j\u0173 od\u0105 hormonini\u0173 poky\u010di\u0173 ar streso laikotarpiais.<\/p>\n<p data-start=\"3860\" data-end=\"3877\"><strong data-start=\"3860\" data-end=\"3870\">T\u016bris:<\/strong> 200 ml<\/p>\n","protected":false},"excerpt":{"rendered":"<p data-start=\"3955\" data-end=\"3977\">Balansuojantis tonikas<\/p>\n<h2 data-start=\"3979\" data-end=\"4014\"><strong data-start=\"3979\" data-end=\"4014\">ZEROID &#8211; Pimprove Toner Savyb\u0117s<\/strong><\/h2>\n<p data-start=\"4016\" data-end=\"4222\">\u2714\ufe0f Kontroliuoja perteklin\u012f sebumo i\u0161siskyrim\u0105<br data-start=\"4061\" data-end=\"4064\" \/>\u2714\ufe0f Palaiko por\u0173 \u0161var\u0105 ir tolygesn\u0119 i\u0161vaizd\u0105<br data-start=\"4107\" data-end=\"4110\" \/>\u2714\ufe0f Atnaujina ir lygina odos tekst\u016br\u0105<br data-start=\"4146\" data-end=\"4149\" \/>\u2714\ufe0f Gaivina od\u0105 be tempimo poj\u016b\u010dio<br data-start=\"4182\" data-end=\"4185\" \/>\u2714\ufe0f Paruo\u0161ia od\u0105 tolimesnei prie\u017ei\u016brai<\/p>\n","protected":false},"featured_media":67183,"template":"","meta":[],"pwb-brand":[1256],"product_brand":[],"product_cat":[742,744,748,722],"product_tag":[],"giftcard-category":[],"class_list":{"0":"post-79602","1":"product","2":"type-product","3":"status-publish","4":"has-post-thumbnail","6":"pwb-brand-zeroid","7":"product_cat-berimai","8":"product_cat-issipletusios-poros","9":"product_cat-taukainai-adai-lt","10":"product_cat-toneriai","12":"first","13":"instock","14":"taxable","15":"shipping-taxable","16":"purchasable","17":"product-type-simple"},"acf":[],"brands":[{"id":1256,"name":"ZEROID","slug":"zeroid"}],"_links":{"self":[{"href":"https:\/\/skinstudio.ee\/lt\/wp-json\/wp\/v2\/product\/79602","targetHints":{"allow":["GET"]}}],"collection":[{"href":"https:\/\/skinstudio.ee\/lt\/wp-json\/wp\/v2\/product"}],"about":[{"href":"https:\/\/skinstudio.ee\/lt\/wp-json\/wp\/v2\/types\/product"}],"version-history":[{"count":1,"href":"https:\/\/skinstudio.ee\/lt\/wp-json\/wp\/v2\/product\/79602\/revisions"}],"predecessor-version":[{"id":79603,"href":"https:\/\/skinstudio.ee\/lt\/wp-json\/wp\/v2\/product\/79602\/revisions\/79603"}],"wp:featuredmedia":[{"embeddable":true,"href":"https:\/\/skinstudio.ee\/lt\/wp-json\/wp\/v2\/media\/67183"}],"wp:attachment":[{"href":"https:\/\/skinstudio.ee\/lt\/wp-json\/wp\/v2\/media?parent=79602"}],"wp:term":[{"taxonomy":"pwb-brand","embeddable":true,"href":"https:\/\/skinstudio.ee\/lt\/wp-json\/wp\/v2\/pwb-brand?post=79602"},{"taxonomy":"product_brand","embeddable":true,"href":"https:\/\/skinstudio.ee\/lt\/wp-json\/wp\/v2\/product_brand?post=79602"},{"taxonomy":"product_cat","embeddable":true,"href":"https:\/\/skinstudio.ee\/lt\/wp-json\/wp\/v2\/product_cat?post=79602"},{"taxonomy":"product_tag","embeddable":true,"href":"https:\/\/skinstudio.ee\/lt\/wp-json\/wp\/v2\/product_tag?post=79602"},{"taxonomy":"giftcard-category","embeddable":true,"href":"https:\/\/skinstudio.ee\/lt\/wp-json\/wp\/v2\/giftcard-category?post=79602"}],"curies":[{"name":"wp","href":"https:\/\/api.w.org\/{rel}","templated":true}]}}