{"id":79609,"date":"2025-07-09T10:16:02","date_gmt":"2025-07-09T10:16:02","guid":{"rendered":"https:\/\/skinstudio.ee\/?post_type=product&#038;p=79609"},"modified":"2026-04-03T09:47:40","modified_gmt":"2026-04-03T09:47:40","slug":"pimprove-gel-cleanser","status":"publish","type":"product","link":"https:\/\/skinstudio.ee\/lt\/catalog\/zeroid\/pimprove-gel-cleanser\/","title":{"rendered":"Pimprove Gel Cleanser"},"content":{"rendered":"<p data-start=\"3309\" data-end=\"3556\"><strong data-start=\"3309\" data-end=\"3345\">Pimprove Gel Cleanser nuo ZEROID<\/strong> yra valomasis gelis, skirtas riebios, mi\u0161rios ir aknei linkusios odos prie\u017ei\u016brai. Formul\u0117 efektyviai pa\u0161alina ne\u0161varumus ir perteklin\u012f sebum\u0105, padeda palaikyti \u0161varias poras ir suteikia tolygesn\u0119 odos i\u0161vaizd\u0105.<\/p>\n<p data-start=\"3558\" data-end=\"3800\">Gelis padeda kontroliuoti odos riebum\u0105 ir ma\u017eina netobulum\u0173 matomum\u0105, i\u0161laikydamas komfort\u0105 be per didelio sausumo ar tempimo poj\u016b\u010dio. Lengva putojanti tekst\u016bra tinka kasdieniam naudojimui ir u\u017etikrina \u0161veln\u0173 valym\u0105 u\u017edegimams linkusiai odai.<\/p>\n<p data-start=\"3802\" data-end=\"3938\"><strong data-start=\"3802\" data-end=\"3840\">Kam skirtas Pimprove Gel Cleanser:<\/strong> sukurtas riebiai, mi\u0161riai ir probleminei odai, \u012fskaitant jautri\u0105 od\u0105 su u\u017edegiminiais elementais.<\/p>\n<p data-start=\"3940\" data-end=\"3957\"><strong data-start=\"3940\" data-end=\"3950\">T\u016bris:<\/strong> 120 ml<\/p>\n","protected":false},"excerpt":{"rendered":"<p data-start=\"4054\" data-end=\"4069\">Valomasis gelis<\/p>\n<h2 data-start=\"4071\" data-end=\"4113\"><strong data-start=\"4071\" data-end=\"4113\">ZEROID &#8211; Pimprove Gel Cleanser Savyb\u0117s<\/strong><\/h2>\n<p data-start=\"4115\" data-end=\"4307\">\u2714\ufe0f Efektyviai valo od\u0105 ir poras<br data-start=\"4146\" data-end=\"4149\" \/>\u2714\ufe0f Kontroliuoja perteklin\u012f sebumo i\u0161siskyrim\u0105<br data-start=\"4194\" data-end=\"4197\" \/>\u2714\ufe0f Ma\u017eina u\u017edegimini\u0173 element\u0173 matomum\u0105<br data-start=\"4236\" data-end=\"4239\" \/>\u2714\ufe0f Gaivina od\u0105 be tempimo poj\u016b\u010dio<br data-start=\"4272\" data-end=\"4275\" \/>\u2714\ufe0f Palaiko odos \u0161var\u0105 ir balans\u0105<\/p>\n","protected":false},"featured_media":35794,"template":"","meta":[],"pwb-brand":[1256],"product_brand":[],"product_cat":[742,744,748,718],"product_tag":[],"giftcard-category":[],"class_list":{"0":"post-79609","1":"product","2":"type-product","3":"status-publish","4":"has-post-thumbnail","6":"pwb-brand-zeroid","7":"product_cat-berimai","8":"product_cat-issipletusios-poros","9":"product_cat-taukainai-adai-lt","10":"product_cat-valymas","12":"first","13":"instock","14":"taxable","15":"shipping-taxable","16":"purchasable","17":"product-type-simple"},"acf":[],"brands":[{"id":1256,"name":"ZEROID","slug":"zeroid"}],"_links":{"self":[{"href":"https:\/\/skinstudio.ee\/lt\/wp-json\/wp\/v2\/product\/79609","targetHints":{"allow":["GET"]}}],"collection":[{"href":"https:\/\/skinstudio.ee\/lt\/wp-json\/wp\/v2\/product"}],"about":[{"href":"https:\/\/skinstudio.ee\/lt\/wp-json\/wp\/v2\/types\/product"}],"version-history":[{"count":1,"href":"https:\/\/skinstudio.ee\/lt\/wp-json\/wp\/v2\/product\/79609\/revisions"}],"predecessor-version":[{"id":79610,"href":"https:\/\/skinstudio.ee\/lt\/wp-json\/wp\/v2\/product\/79609\/revisions\/79610"}],"wp:featuredmedia":[{"embeddable":true,"href":"https:\/\/skinstudio.ee\/lt\/wp-json\/wp\/v2\/media\/35794"}],"wp:attachment":[{"href":"https:\/\/skinstudio.ee\/lt\/wp-json\/wp\/v2\/media?parent=79609"}],"wp:term":[{"taxonomy":"pwb-brand","embeddable":true,"href":"https:\/\/skinstudio.ee\/lt\/wp-json\/wp\/v2\/pwb-brand?post=79609"},{"taxonomy":"product_brand","embeddable":true,"href":"https:\/\/skinstudio.ee\/lt\/wp-json\/wp\/v2\/product_brand?post=79609"},{"taxonomy":"product_cat","embeddable":true,"href":"https:\/\/skinstudio.ee\/lt\/wp-json\/wp\/v2\/product_cat?post=79609"},{"taxonomy":"product_tag","embeddable":true,"href":"https:\/\/skinstudio.ee\/lt\/wp-json\/wp\/v2\/product_tag?post=79609"},{"taxonomy":"giftcard-category","embeddable":true,"href":"https:\/\/skinstudio.ee\/lt\/wp-json\/wp\/v2\/giftcard-category?post=79609"}],"curies":[{"name":"wp","href":"https:\/\/api.w.org\/{rel}","templated":true}]}}