{"id":79616,"date":"2025-07-09T09:52:11","date_gmt":"2025-07-09T09:52:11","guid":{"rendered":"https:\/\/skinstudio.ee\/?post_type=product&#038;p=79616"},"modified":"2026-04-03T09:47:40","modified_gmt":"2026-04-03T09:47:40","slug":"pimprove-red-control-cream-ph4","status":"publish","type":"product","link":"https:\/\/skinstudio.ee\/lt\/catalog\/zeroid\/pimprove-red-control-cream-ph4\/","title":{"rendered":"Pimprove Red Control Cream PH4"},"content":{"rendered":"<p data-start=\"3546\" data-end=\"3813\"><strong data-start=\"3546\" data-end=\"3591\">Pimprove Red Control Cream PH4 nuo ZEROID<\/strong> yra raminamasis kremas, skirtas jautrios, sudirgusios ir \u012f paraudim\u0105 linkusios odos prie\u017ei\u016brai. Formul\u0117 padeda suma\u017einti diskomfort\u0105 ir palaiko odos atsistatym\u0105, stiprindama apsaugin\u012f barjer\u0105 ir pad\u0117dama i\u0161laikyti dr\u0117gm\u0119.<\/p>\n<p data-start=\"3815\" data-end=\"4079\">Kremas palaiko odos balans\u0105 ir ma\u017eina paraudimo matomum\u0105, susijus\u012f su jautrumu ar i\u0161oriniais streso veiksniais. Lengva tekst\u016bra patogiai pasiskirsto, greitai \u012fsigeria ir nepalieka lipnumo. Tinka naudoti po dermatologini\u0173 proced\u016br\u0173 ir odos reaktyvumo laikotarpiais.<\/p>\n<p data-start=\"4081\" data-end=\"4238\"><strong data-start=\"4081\" data-end=\"4128\">Kam skirtas Pimprove Red Control Cream PH4:<\/strong> sukurtas jautriai, reaktyviai ir \u012f paraudim\u0105 linkusiai odai, \u012fskaitant od\u0105 su ro\u017ein\u0117s ar kuperoz\u0117s po\u017eymiais.<\/p>\n<p data-start=\"4240\" data-end=\"4256\"><strong data-start=\"4240\" data-end=\"4250\">T\u016bris:<\/strong> 80 ml<\/p>\n","protected":false},"excerpt":{"rendered":"<p data-start=\"4335\" data-end=\"4353\">Raminamasis kremas<\/p>\n<h2 data-start=\"4355\" data-end=\"4406\"><strong data-start=\"4355\" data-end=\"4406\">ZEROID &#8211; Pimprove Red Control Cream PH4 Savyb\u0117s<\/strong><\/h2>\n<p data-start=\"4408\" data-end=\"4583\">\u2714\ufe0f Ma\u017eina matom\u0105 paraudim\u0105<br data-start=\"4434\" data-end=\"4437\" \/>\u2714\ufe0f Stiprina odos apsaugin\u012f barjer\u0105<br data-start=\"4471\" data-end=\"4474\" \/>\u2714\ufe0f Dr\u0117kina ir palaiko odos komfort\u0105<br data-start=\"4509\" data-end=\"4512\" \/>\u2714\ufe0f Ramina deginimo ir sudirgimo poj\u016bt\u012f<br data-start=\"4550\" data-end=\"4553\" \/>\u2714\ufe0f Greitai \u012fsigeria be lipnumo<\/p>\n","protected":false},"featured_media":67147,"template":"","meta":[],"pwb-brand":[1256],"product_brand":[],"product_cat":[742,738,746,748],"product_tag":[],"giftcard-category":[],"class_list":{"0":"post-79616","1":"product","2":"type-product","3":"status-publish","4":"has-post-thumbnail","6":"pwb-brand-zeroid","7":"product_cat-berimai","8":"product_cat-drekinimas","9":"product_cat-jautriai-odai","10":"product_cat-taukainai-adai-lt","12":"first","13":"instock","14":"taxable","15":"shipping-taxable","16":"purchasable","17":"product-type-simple"},"acf":[],"brands":[{"id":1256,"name":"ZEROID","slug":"zeroid"}],"_links":{"self":[{"href":"https:\/\/skinstudio.ee\/lt\/wp-json\/wp\/v2\/product\/79616","targetHints":{"allow":["GET"]}}],"collection":[{"href":"https:\/\/skinstudio.ee\/lt\/wp-json\/wp\/v2\/product"}],"about":[{"href":"https:\/\/skinstudio.ee\/lt\/wp-json\/wp\/v2\/types\/product"}],"version-history":[{"count":1,"href":"https:\/\/skinstudio.ee\/lt\/wp-json\/wp\/v2\/product\/79616\/revisions"}],"predecessor-version":[{"id":79617,"href":"https:\/\/skinstudio.ee\/lt\/wp-json\/wp\/v2\/product\/79616\/revisions\/79617"}],"wp:featuredmedia":[{"embeddable":true,"href":"https:\/\/skinstudio.ee\/lt\/wp-json\/wp\/v2\/media\/67147"}],"wp:attachment":[{"href":"https:\/\/skinstudio.ee\/lt\/wp-json\/wp\/v2\/media?parent=79616"}],"wp:term":[{"taxonomy":"pwb-brand","embeddable":true,"href":"https:\/\/skinstudio.ee\/lt\/wp-json\/wp\/v2\/pwb-brand?post=79616"},{"taxonomy":"product_brand","embeddable":true,"href":"https:\/\/skinstudio.ee\/lt\/wp-json\/wp\/v2\/product_brand?post=79616"},{"taxonomy":"product_cat","embeddable":true,"href":"https:\/\/skinstudio.ee\/lt\/wp-json\/wp\/v2\/product_cat?post=79616"},{"taxonomy":"product_tag","embeddable":true,"href":"https:\/\/skinstudio.ee\/lt\/wp-json\/wp\/v2\/product_tag?post=79616"},{"taxonomy":"giftcard-category","embeddable":true,"href":"https:\/\/skinstudio.ee\/lt\/wp-json\/wp\/v2\/giftcard-category?post=79616"}],"curies":[{"name":"wp","href":"https:\/\/api.w.org\/{rel}","templated":true}]}}