{"id":79623,"date":"2025-07-09T09:48:37","date_gmt":"2025-07-09T09:48:37","guid":{"rendered":"https:\/\/skinstudio.ee\/?post_type=product&#038;p=79623"},"modified":"2026-04-03T09:47:39","modified_gmt":"2026-04-03T09:47:39","slug":"intensive-hydrating-ampoule","status":"publish","type":"product","link":"https:\/\/skinstudio.ee\/lt\/catalog\/zeroid\/intensive-hydrating-ampoule\/","title":{"rendered":"Intensive Hydrating Ampoule"},"content":{"rendered":"<p data-start=\"3682\" data-end=\"3953\"><strong data-start=\"3682\" data-end=\"3724\">Intensive Hydrating Ampoule nuo ZEROID<\/strong> yra ampulinis serumas su didele dr\u0117kinam\u0173j\u0173 komponent\u0173 koncentracija, skirtas intensyviam odos dr\u0117kinimui ir apsauginio barjero palaikymui. Formul\u0117 padeda suma\u017einti sausumo ir tempimo poj\u016bt\u012f, gerina odos glotnum\u0105 ir elastingum\u0105.<\/p>\n<p data-start=\"3955\" data-end=\"4227\">Produktas padeda i\u0161laikyti odos balans\u0105 streso laikotarpiais, sezonini\u0173 poky\u010di\u0173 metu ir esant dehidratacijos po\u017eymiams. Lengva tekst\u016bra greitai \u012fsigeria ir suteikia komforto poj\u016bt\u012f be lipnumo. Ampules galima naudoti kursu arba kaip papildom\u0105 \u017eingsn\u012f intensyviai dr\u0117kinant.<\/p>\n<p data-start=\"4229\" data-end=\"4377\"><strong data-start=\"4229\" data-end=\"4273\">Kam skirtas Intensive Hydrating Ampoule:<\/strong> sukurtas vis\u0173 tip\u0173 odai, ypa\u010d dehidratuotai, jautriai ir pavargusiai odai su suma\u017e\u0117jusiu dr\u0117gm\u0117s lygiu.<\/p>\n<p data-start=\"4379\" data-end=\"4406\"><strong data-start=\"4379\" data-end=\"4389\">T\u016bris:<\/strong> 7 ampul\u0117s x 2 ml<\/p>\n","protected":false},"excerpt":{"rendered":"<p data-start=\"4496\" data-end=\"4525\">Intensyviai dr\u0117kinanti ampul\u0117<\/p>\n<h2 data-start=\"4527\" data-end=\"4575\"><strong data-start=\"4527\" data-end=\"4575\">ZEROID &#8211; Intensive Hydrating Ampoule Savyb\u0117s<\/strong><\/h2>\n<p data-start=\"4577\" data-end=\"4784\">\u2714\ufe0f Intensyviai dr\u0117kina ir padeda i\u0161laikyti dr\u0117gm\u0119<br data-start=\"4626\" data-end=\"4629\" \/>\u2714\ufe0f Gerina odos glotnum\u0105 ir elastingum\u0105<br data-start=\"4667\" data-end=\"4670\" \/>\u2714\ufe0f Palaiko odos apsauginio barjero atk\u016brim\u0105<br data-start=\"4713\" data-end=\"4716\" \/>\u2714\ufe0f Ma\u017eina sausumo ir tempimo poj\u016bt\u012f<br data-start=\"4751\" data-end=\"4754\" \/>\u2714\ufe0f Greitai \u012fsigeria be lipnumo<\/p>\n","protected":false},"featured_media":67142,"template":"","meta":[],"pwb-brand":[1256],"product_brand":[],"product_cat":[746,740,724],"product_tag":[],"giftcard-category":[],"class_list":{"0":"post-79623","1":"product","2":"type-product","3":"status-publish","4":"has-post-thumbnail","6":"pwb-brand-zeroid","7":"product_cat-jautriai-odai","8":"product_cat-sausai-odai","9":"product_cat-serumai","11":"first","12":"instock","13":"taxable","14":"shipping-taxable","15":"purchasable","16":"product-type-simple"},"acf":[],"brands":[{"id":1256,"name":"ZEROID","slug":"zeroid"}],"_links":{"self":[{"href":"https:\/\/skinstudio.ee\/lt\/wp-json\/wp\/v2\/product\/79623","targetHints":{"allow":["GET"]}}],"collection":[{"href":"https:\/\/skinstudio.ee\/lt\/wp-json\/wp\/v2\/product"}],"about":[{"href":"https:\/\/skinstudio.ee\/lt\/wp-json\/wp\/v2\/types\/product"}],"version-history":[{"count":1,"href":"https:\/\/skinstudio.ee\/lt\/wp-json\/wp\/v2\/product\/79623\/revisions"}],"predecessor-version":[{"id":79624,"href":"https:\/\/skinstudio.ee\/lt\/wp-json\/wp\/v2\/product\/79623\/revisions\/79624"}],"wp:featuredmedia":[{"embeddable":true,"href":"https:\/\/skinstudio.ee\/lt\/wp-json\/wp\/v2\/media\/67142"}],"wp:attachment":[{"href":"https:\/\/skinstudio.ee\/lt\/wp-json\/wp\/v2\/media?parent=79623"}],"wp:term":[{"taxonomy":"pwb-brand","embeddable":true,"href":"https:\/\/skinstudio.ee\/lt\/wp-json\/wp\/v2\/pwb-brand?post=79623"},{"taxonomy":"product_brand","embeddable":true,"href":"https:\/\/skinstudio.ee\/lt\/wp-json\/wp\/v2\/product_brand?post=79623"},{"taxonomy":"product_cat","embeddable":true,"href":"https:\/\/skinstudio.ee\/lt\/wp-json\/wp\/v2\/product_cat?post=79623"},{"taxonomy":"product_tag","embeddable":true,"href":"https:\/\/skinstudio.ee\/lt\/wp-json\/wp\/v2\/product_tag?post=79623"},{"taxonomy":"giftcard-category","embeddable":true,"href":"https:\/\/skinstudio.ee\/lt\/wp-json\/wp\/v2\/giftcard-category?post=79623"}],"curies":[{"name":"wp","href":"https:\/\/api.w.org\/{rel}","templated":true}]}}