{"id":79631,"date":"2025-07-09T09:47:40","date_gmt":"2025-07-09T09:47:40","guid":{"rendered":"https:\/\/skinstudio.ee\/?post_type=product&#038;p=79631"},"modified":"2026-04-03T09:47:39","modified_gmt":"2026-04-03T09:47:39","slug":"intensive-facial-cream-cleanser","status":"publish","type":"product","link":"https:\/\/skinstudio.ee\/lt\/catalog\/zeroid\/intensive-facial-cream-cleanser\/","title":{"rendered":"Intensive Facial Cream Cleanser"},"content":{"rendered":"<p data-start=\"3487\" data-end=\"3779\"><strong data-start=\"3487\" data-end=\"3533\">Intensive Facial Cream Cleanser nuo ZEROID<\/strong> yra intensyvus kremi\u0161kas valomasis produktas, skirtas \u0161velniam jautrios, sausos ir sudirgimams linkusios odos valymui. Formul\u0117 \u0161velniai pa\u0161alina ne\u0161varumus ir makia\u017eo liku\u010dius, i\u0161laikydama odos komfort\u0105 ir palaikydama nat\u016bral\u0173 apsaugin\u012f barjer\u0105.<\/p>\n<p data-start=\"3781\" data-end=\"4001\">Kremin\u0117 tekst\u016bra valo neperd\u017eiovindama odos, ma\u017eina tempimo poj\u016bt\u012f ir palieka od\u0105 mink\u0161t\u0105 bei sudr\u0117kint\u0105 po prausimo. Tinka kasdieniam naudojimui ir kaip prie\u017ei\u016bros dalis padid\u0117jusio jautrumo ar po proced\u016br\u0173 laikotarpiu.<\/p>\n<p data-start=\"4003\" data-end=\"4148\"><strong data-start=\"4003\" data-end=\"4051\">Kam skirtas Intensive Facial Cream Cleanser:<\/strong> sukurtas sausai, jautriai ir reaktyviai odai, \u012fskaitant pa\u017eeist\u0105 apsaugin\u012f barjer\u0105 turin\u010di\u0105 od\u0105.<\/p>\n<p data-start=\"4150\" data-end=\"4167\"><strong data-start=\"4150\" data-end=\"4160\">T\u016bris:<\/strong> 120 ml<\/p>\n","protected":false},"excerpt":{"rendered":"<p data-start=\"4247\" data-end=\"4275\">Kreminis valomasis produktas<\/p>\n<h2 data-start=\"4277\" data-end=\"4329\"><strong data-start=\"4277\" data-end=\"4329\">ZEROID &#8211; Intensive Facial Cream Cleanser Savyb\u0117s<\/strong><\/h2>\n<p data-start=\"4331\" data-end=\"4523\">\u2714\ufe0f \u0160velniai pa\u0161alina ne\u0161varumus ir makia\u017e\u0105<br data-start=\"4373\" data-end=\"4376\" \/>\u2714\ufe0f I\u0161laiko dr\u0117gm\u0119 valymo metu<br data-start=\"4405\" data-end=\"4408\" \/>\u2714\ufe0f U\u017etikrina komfort\u0105 be tempimo poj\u016b\u010dio<br data-start=\"4448\" data-end=\"4451\" \/>\u2714\ufe0f Palaiko odos apsaugin\u012f barjer\u0105<br data-start=\"4484\" data-end=\"4487\" \/>\u2714\ufe0f Tinka \u0161velniam kasdieniam valymui<\/p>\n","protected":false},"featured_media":67173,"template":"","meta":[],"pwb-brand":[1256],"product_brand":[],"product_cat":[746,740,718],"product_tag":[],"giftcard-category":[],"class_list":{"0":"post-79631","1":"product","2":"type-product","3":"status-publish","4":"has-post-thumbnail","6":"pwb-brand-zeroid","7":"product_cat-jautriai-odai","8":"product_cat-sausai-odai","9":"product_cat-valymas","11":"first","12":"instock","13":"taxable","14":"shipping-taxable","15":"purchasable","16":"product-type-simple"},"acf":[],"brands":[{"id":1256,"name":"ZEROID","slug":"zeroid"}],"_links":{"self":[{"href":"https:\/\/skinstudio.ee\/lt\/wp-json\/wp\/v2\/product\/79631","targetHints":{"allow":["GET"]}}],"collection":[{"href":"https:\/\/skinstudio.ee\/lt\/wp-json\/wp\/v2\/product"}],"about":[{"href":"https:\/\/skinstudio.ee\/lt\/wp-json\/wp\/v2\/types\/product"}],"version-history":[{"count":2,"href":"https:\/\/skinstudio.ee\/lt\/wp-json\/wp\/v2\/product\/79631\/revisions"}],"predecessor-version":[{"id":79633,"href":"https:\/\/skinstudio.ee\/lt\/wp-json\/wp\/v2\/product\/79631\/revisions\/79633"}],"wp:featuredmedia":[{"embeddable":true,"href":"https:\/\/skinstudio.ee\/lt\/wp-json\/wp\/v2\/media\/67173"}],"wp:attachment":[{"href":"https:\/\/skinstudio.ee\/lt\/wp-json\/wp\/v2\/media?parent=79631"}],"wp:term":[{"taxonomy":"pwb-brand","embeddable":true,"href":"https:\/\/skinstudio.ee\/lt\/wp-json\/wp\/v2\/pwb-brand?post=79631"},{"taxonomy":"product_brand","embeddable":true,"href":"https:\/\/skinstudio.ee\/lt\/wp-json\/wp\/v2\/product_brand?post=79631"},{"taxonomy":"product_cat","embeddable":true,"href":"https:\/\/skinstudio.ee\/lt\/wp-json\/wp\/v2\/product_cat?post=79631"},{"taxonomy":"product_tag","embeddable":true,"href":"https:\/\/skinstudio.ee\/lt\/wp-json\/wp\/v2\/product_tag?post=79631"},{"taxonomy":"giftcard-category","embeddable":true,"href":"https:\/\/skinstudio.ee\/lt\/wp-json\/wp\/v2\/giftcard-category?post=79631"}],"curies":[{"name":"wp","href":"https:\/\/api.w.org\/{rel}","templated":true}]}}