{"id":79640,"date":"2025-07-09T09:45:32","date_gmt":"2025-07-09T09:45:32","guid":{"rendered":"https:\/\/skinstudio.ee\/?post_type=product&#038;p=79640"},"modified":"2026-04-03T09:47:39","modified_gmt":"2026-04-03T09:47:39","slug":"intensive-sos-balm","status":"publish","type":"product","link":"https:\/\/skinstudio.ee\/lt\/catalog\/zeroid\/intensive-sos-balm\/","title":{"rendered":"Intensive SOS + Balm"},"content":{"rendered":"<p data-start=\"3329\" data-end=\"3597\"><strong data-start=\"3329\" data-end=\"3364\">Intensive SOS + Balm nuo ZEROID<\/strong> yra intensyviai atkuriamasis balzamas, skirtas labai sausos, jautrios ir pa\u017eeistos odos prie\u017ei\u016brai. Formul\u0117 padeda suma\u017einti sudirgimo poj\u016bt\u012f, palaiko odos apsauginio barjero atk\u016brim\u0105 ir suteikia intensyv\u0173 maitinim\u0105 bei mink\u0161tinim\u0105.<\/p>\n<p data-start=\"3599\" data-end=\"3844\">Balzamas padeda ma\u017einti sausumo ir i\u0161orini\u0173 streso veiksni\u0173 sukelt\u0105 diskomfort\u0105, pad\u0117damas odai atgauti komfort\u0105 ir \u0161velnum\u0105. Sodri, ta\u010diau komforti\u0161ka tekst\u016bra lengvai pasiskirsto ir tinka tiek lokaliam naudojimui, tiek didesniems odos plotams.<\/p>\n<p data-start=\"3846\" data-end=\"4014\"><strong data-start=\"3846\" data-end=\"3883\">Kam skirtas Intensive SOS + Balm:<\/strong> sukurtas labai sausai, reaktyviai ir nusilpusiai odai, \u012fskaitant stipriai i\u0161saus\u0117jusi\u0105 ir pa\u017eeist\u0105 apsaugin\u012f barjer\u0105 turin\u010di\u0105 od\u0105.<\/p>\n<p data-start=\"4016\" data-end=\"4032\"><strong data-start=\"4016\" data-end=\"4026\">T\u016bris:<\/strong> 50 ml<\/p>\n","protected":false},"excerpt":{"rendered":"<p data-start=\"4107\" data-end=\"4119\">SOS balzamas<\/p>\n<h2 data-start=\"4121\" data-end=\"4162\"><strong data-start=\"4121\" data-end=\"4162\">ZEROID &#8211; Intensive SOS + Balm Savyb\u0117s<\/strong><\/h2>\n<p data-start=\"4164\" data-end=\"4363\">\u2714\ufe0f Ramina od\u0105 ir ma\u017eina sudirgimo poj\u016bt\u012f<br data-start=\"4204\" data-end=\"4207\" \/>\u2714\ufe0f Intensyviai maitina ir mink\u0161tina od\u0105<br data-start=\"4246\" data-end=\"4249\" \/>\u2714\ufe0f Palaiko odos apsauginio barjero atk\u016brim\u0105<br data-start=\"4292\" data-end=\"4295\" \/>\u2714\ufe0f Ma\u017eina sausumo ir tempimo poj\u016bt\u012f<br data-start=\"4330\" data-end=\"4333\" \/>\u2714\ufe0f Suteikia ilgalaik\u012f komfort\u0105<\/p>\n","protected":false},"featured_media":35750,"template":"","meta":[],"pwb-brand":[1256],"product_brand":[],"product_cat":[738,746,740],"product_tag":[],"giftcard-category":[],"class_list":{"0":"post-79640","1":"product","2":"type-product","3":"status-publish","4":"has-post-thumbnail","6":"pwb-brand-zeroid","7":"product_cat-drekinimas","8":"product_cat-jautriai-odai","9":"product_cat-sausai-odai","11":"first","12":"instock","13":"taxable","14":"shipping-taxable","15":"purchasable","16":"product-type-simple"},"acf":[],"brands":[{"id":1256,"name":"ZEROID","slug":"zeroid"}],"_links":{"self":[{"href":"https:\/\/skinstudio.ee\/lt\/wp-json\/wp\/v2\/product\/79640","targetHints":{"allow":["GET"]}}],"collection":[{"href":"https:\/\/skinstudio.ee\/lt\/wp-json\/wp\/v2\/product"}],"about":[{"href":"https:\/\/skinstudio.ee\/lt\/wp-json\/wp\/v2\/types\/product"}],"version-history":[{"count":1,"href":"https:\/\/skinstudio.ee\/lt\/wp-json\/wp\/v2\/product\/79640\/revisions"}],"predecessor-version":[{"id":79641,"href":"https:\/\/skinstudio.ee\/lt\/wp-json\/wp\/v2\/product\/79640\/revisions\/79641"}],"wp:featuredmedia":[{"embeddable":true,"href":"https:\/\/skinstudio.ee\/lt\/wp-json\/wp\/v2\/media\/35750"}],"wp:attachment":[{"href":"https:\/\/skinstudio.ee\/lt\/wp-json\/wp\/v2\/media?parent=79640"}],"wp:term":[{"taxonomy":"pwb-brand","embeddable":true,"href":"https:\/\/skinstudio.ee\/lt\/wp-json\/wp\/v2\/pwb-brand?post=79640"},{"taxonomy":"product_brand","embeddable":true,"href":"https:\/\/skinstudio.ee\/lt\/wp-json\/wp\/v2\/product_brand?post=79640"},{"taxonomy":"product_cat","embeddable":true,"href":"https:\/\/skinstudio.ee\/lt\/wp-json\/wp\/v2\/product_cat?post=79640"},{"taxonomy":"product_tag","embeddable":true,"href":"https:\/\/skinstudio.ee\/lt\/wp-json\/wp\/v2\/product_tag?post=79640"},{"taxonomy":"giftcard-category","embeddable":true,"href":"https:\/\/skinstudio.ee\/lt\/wp-json\/wp\/v2\/giftcard-category?post=79640"}],"curies":[{"name":"wp","href":"https:\/\/api.w.org\/{rel}","templated":true}]}}