{"id":79647,"date":"2025-07-09T09:43:12","date_gmt":"2025-07-09T09:43:12","guid":{"rendered":"https:\/\/skinstudio.ee\/?post_type=product&#038;p=79647"},"modified":"2026-04-03T09:47:39","modified_gmt":"2026-04-03T09:47:39","slug":"intensive-lotion","status":"publish","type":"product","link":"https:\/\/skinstudio.ee\/lt\/catalog\/zeroid\/intensive-lotion\/","title":{"rendered":"Intensive Lotion"},"content":{"rendered":"<p data-start=\"3466\" data-end=\"3763\"><strong data-start=\"3466\" data-end=\"3497\">Intensive Lotion nuo ZEROID<\/strong> yra profesionalus dr\u0117kinamasis losjonas odai, kuriai reikalingas gilus dr\u0117kinimas ir komforto atk\u016brimas. Formul\u0117 padeda suma\u017einti sausumo poj\u016bt\u012f, ma\u017eina paraudim\u0105 ir palaiko nat\u016bral\u0173 odos apsaugin\u012f barjer\u0105, suteikdama \u0161velnum\u0105 ir subalansuot\u0105 odos b\u016bkl\u0119 vis\u0105 dien\u0105.<\/p>\n<p data-start=\"3765\" data-end=\"3988\">Lengva tekst\u016bra greitai \u012fsigeria, tolygiai pasiskirsto ir neapsunkina odos, palikdama gaivumo ir sudr\u0117kintos odos poj\u016bt\u012f. Produktas padeda palaikyti optimal\u0173 dr\u0117gm\u0117s lyg\u012f ir saugo od\u0105 nuo kasdieni\u0173 i\u0161orini\u0173 streso veiksni\u0173.<\/p>\n<p data-start=\"3990\" data-end=\"4144\"><strong data-start=\"3990\" data-end=\"4023\">Kam skirtas Intensive Lotion:<\/strong> sukurtas sausai, jautriai ir reaktyviai odai, \u012fskaitant sudirgimams linkusi\u0105 ir pa\u017eeist\u0105 apsaugin\u012f barjer\u0105 turin\u010di\u0105 od\u0105.<\/p>\n<p data-start=\"4146\" data-end=\"4163\"><strong data-start=\"4146\" data-end=\"4156\">T\u016bris:<\/strong> 150 ml<\/p>\n","protected":false},"excerpt":{"rendered":"<p data-start=\"4264\" data-end=\"4296\">Intensyviai dr\u0117kinantis losjonas<\/p>\n<h2 data-start=\"4298\" data-end=\"4335\"><strong data-start=\"4298\" data-end=\"4335\">ZEROID &#8211; Intensive Lotion Savyb\u0117s<\/strong><\/h2>\n<p data-start=\"4337\" data-end=\"4543\">\u2714\ufe0f Intensyviai dr\u0117kina ir padeda i\u0161laikyti dr\u0117gm\u0119<br data-start=\"4386\" data-end=\"4389\" \/>\u2714\ufe0f Stiprina odos apsaugin\u012f barjer\u0105<br data-start=\"4423\" data-end=\"4426\" \/>\u2714\ufe0f Mink\u0161tina od\u0105 ir ma\u017eina sudirgimo poj\u016bt\u012f<br data-start=\"4469\" data-end=\"4472\" \/>\u2714\ufe0f Gerina odos komfort\u0105 ir elastingum\u0105<br data-start=\"4510\" data-end=\"4513\" \/>\u2714\ufe0f Greitai \u012fsigeria be lipnumo<\/p>\n","protected":false},"featured_media":35708,"template":"","meta":[],"pwb-brand":[1256],"product_brand":[],"product_cat":[746,740,722],"product_tag":[],"giftcard-category":[],"class_list":{"0":"post-79647","1":"product","2":"type-product","3":"status-publish","4":"has-post-thumbnail","6":"pwb-brand-zeroid","7":"product_cat-jautriai-odai","8":"product_cat-sausai-odai","9":"product_cat-toneriai","11":"first","12":"instock","13":"taxable","14":"shipping-taxable","15":"purchasable","16":"product-type-simple"},"acf":[],"brands":[{"id":1256,"name":"ZEROID","slug":"zeroid"}],"_links":{"self":[{"href":"https:\/\/skinstudio.ee\/lt\/wp-json\/wp\/v2\/product\/79647","targetHints":{"allow":["GET"]}}],"collection":[{"href":"https:\/\/skinstudio.ee\/lt\/wp-json\/wp\/v2\/product"}],"about":[{"href":"https:\/\/skinstudio.ee\/lt\/wp-json\/wp\/v2\/types\/product"}],"version-history":[{"count":2,"href":"https:\/\/skinstudio.ee\/lt\/wp-json\/wp\/v2\/product\/79647\/revisions"}],"predecessor-version":[{"id":79649,"href":"https:\/\/skinstudio.ee\/lt\/wp-json\/wp\/v2\/product\/79647\/revisions\/79649"}],"wp:featuredmedia":[{"embeddable":true,"href":"https:\/\/skinstudio.ee\/lt\/wp-json\/wp\/v2\/media\/35708"}],"wp:attachment":[{"href":"https:\/\/skinstudio.ee\/lt\/wp-json\/wp\/v2\/media?parent=79647"}],"wp:term":[{"taxonomy":"pwb-brand","embeddable":true,"href":"https:\/\/skinstudio.ee\/lt\/wp-json\/wp\/v2\/pwb-brand?post=79647"},{"taxonomy":"product_brand","embeddable":true,"href":"https:\/\/skinstudio.ee\/lt\/wp-json\/wp\/v2\/product_brand?post=79647"},{"taxonomy":"product_cat","embeddable":true,"href":"https:\/\/skinstudio.ee\/lt\/wp-json\/wp\/v2\/product_cat?post=79647"},{"taxonomy":"product_tag","embeddable":true,"href":"https:\/\/skinstudio.ee\/lt\/wp-json\/wp\/v2\/product_tag?post=79647"},{"taxonomy":"giftcard-category","embeddable":true,"href":"https:\/\/skinstudio.ee\/lt\/wp-json\/wp\/v2\/giftcard-category?post=79647"}],"curies":[{"name":"wp","href":"https:\/\/api.w.org\/{rel}","templated":true}]}}