{"id":79656,"date":"2025-07-09T09:42:05","date_gmt":"2025-07-09T09:42:05","guid":{"rendered":"https:\/\/skinstudio.ee\/?post_type=product&#038;p=79656"},"modified":"2026-04-03T09:47:40","modified_gmt":"2026-04-03T09:47:40","slug":"soothing-lotion","status":"publish","type":"product","link":"https:\/\/skinstudio.ee\/lt\/catalog\/zeroid\/soothing-lotion\/","title":{"rendered":"Soothing Lotion"},"content":{"rendered":"<p data-start=\"3195\" data-end=\"3458\"><strong data-start=\"3195\" data-end=\"3225\">Soothing Lotion nuo ZEROID<\/strong> yra lengvas raminamasis losjonas jautriai, sudirgusiai ir reaktyviai odai. Formul\u0117 padeda greitai suma\u017einti diskomforto poj\u016bt\u012f, ma\u017eina paraudim\u0105 ir palaiko nat\u016bral\u0173 odos apsaugin\u012f barjer\u0105, suteikdama ilgalaik\u012f \u0161velnum\u0105 ir dr\u0117kinim\u0105.<\/p>\n<p data-start=\"3460\" data-end=\"3681\">Losjonas lengvai pasiskirsto, greitai \u012fsigeria ir neapsunkina odos, palikdamas komforto poj\u016bt\u012f be lipnumo. Tinka kasdieniam naudojimui, \u012fskaitant padid\u0117jusio jautrumo laikotarpius arba atsistatym\u0105 po kosmetini\u0173 proced\u016br\u0173.<\/p>\n<p data-start=\"3683\" data-end=\"3827\"><strong data-start=\"3683\" data-end=\"3715\">Kam skirtas Soothing Lotion:<\/strong> sukurtas jautriai, reaktyviai ir sudirgimams linkusiai odai, \u012fskaitant pa\u017eeist\u0105 apsaugin\u012f barjer\u0105 turin\u010di\u0105 od\u0105.<\/p>\n<p data-start=\"3829\" data-end=\"3846\"><strong data-start=\"3829\" data-end=\"3839\">T\u016bris:<\/strong> 150 ml<\/p>\n","protected":false},"excerpt":{"rendered":"<p data-start=\"3932\" data-end=\"3952\">Raminamasis losjonas<\/p>\n<h2 data-start=\"3954\" data-end=\"3990\"><strong data-start=\"3954\" data-end=\"3990\">ZEROID &#8211; Soothing Lotion Savyb\u0117s<\/strong><\/h2>\n<p data-start=\"3992\" data-end=\"4180\">\u2714\ufe0f Greitai ma\u017eina paraudim\u0105 ir diskomfort\u0105<br data-start=\"4034\" data-end=\"4037\" \/>\u2714\ufe0f Stiprina odos apsaugin\u012f barjer\u0105<br data-start=\"4071\" data-end=\"4074\" \/>\u2714\ufe0f Intensyviai dr\u0117kina ir mink\u0161tina od\u0105<br data-start=\"4113\" data-end=\"4116\" \/>\u2714\ufe0f Atkuria odos komforto poj\u016bt\u012f<br data-start=\"4147\" data-end=\"4150\" \/>\u2714\ufe0f Greitai \u012fsigeria be lipnumo<\/p>\n","protected":false},"featured_media":35694,"template":"","meta":[],"pwb-brand":[1256],"product_brand":[],"product_cat":[746,722],"product_tag":[],"giftcard-category":[],"class_list":{"0":"post-79656","1":"product","2":"type-product","3":"status-publish","4":"has-post-thumbnail","6":"pwb-brand-zeroid","7":"product_cat-jautriai-odai","8":"product_cat-toneriai","10":"first","11":"instock","12":"taxable","13":"shipping-taxable","14":"purchasable","15":"product-type-simple"},"acf":[],"brands":[{"id":1256,"name":"ZEROID","slug":"zeroid"}],"_links":{"self":[{"href":"https:\/\/skinstudio.ee\/lt\/wp-json\/wp\/v2\/product\/79656","targetHints":{"allow":["GET"]}}],"collection":[{"href":"https:\/\/skinstudio.ee\/lt\/wp-json\/wp\/v2\/product"}],"about":[{"href":"https:\/\/skinstudio.ee\/lt\/wp-json\/wp\/v2\/types\/product"}],"version-history":[{"count":1,"href":"https:\/\/skinstudio.ee\/lt\/wp-json\/wp\/v2\/product\/79656\/revisions"}],"predecessor-version":[{"id":79657,"href":"https:\/\/skinstudio.ee\/lt\/wp-json\/wp\/v2\/product\/79656\/revisions\/79657"}],"wp:featuredmedia":[{"embeddable":true,"href":"https:\/\/skinstudio.ee\/lt\/wp-json\/wp\/v2\/media\/35694"}],"wp:attachment":[{"href":"https:\/\/skinstudio.ee\/lt\/wp-json\/wp\/v2\/media?parent=79656"}],"wp:term":[{"taxonomy":"pwb-brand","embeddable":true,"href":"https:\/\/skinstudio.ee\/lt\/wp-json\/wp\/v2\/pwb-brand?post=79656"},{"taxonomy":"product_brand","embeddable":true,"href":"https:\/\/skinstudio.ee\/lt\/wp-json\/wp\/v2\/product_brand?post=79656"},{"taxonomy":"product_cat","embeddable":true,"href":"https:\/\/skinstudio.ee\/lt\/wp-json\/wp\/v2\/product_cat?post=79656"},{"taxonomy":"product_tag","embeddable":true,"href":"https:\/\/skinstudio.ee\/lt\/wp-json\/wp\/v2\/product_tag?post=79656"},{"taxonomy":"giftcard-category","embeddable":true,"href":"https:\/\/skinstudio.ee\/lt\/wp-json\/wp\/v2\/giftcard-category?post=79656"}],"curies":[{"name":"wp","href":"https:\/\/api.w.org\/{rel}","templated":true}]}}