{"id":79663,"date":"2025-07-09T09:41:12","date_gmt":"2025-07-09T09:41:12","guid":{"rendered":"https:\/\/skinstudio.ee\/?post_type=product&#038;p=79663"},"modified":"2026-04-03T09:47:39","modified_gmt":"2026-04-03T09:47:39","slug":"foaming-cleanser","status":"publish","type":"product","link":"https:\/\/skinstudio.ee\/lt\/catalog\/zeroid\/foaming-cleanser\/","title":{"rendered":"Foaming Cleanser"},"content":{"rendered":"<p data-start=\"3325\" data-end=\"3609\"><strong data-start=\"3325\" data-end=\"3356\">Foaming Cleanser nuo ZEROID<\/strong> yra \u0161velnios valomosios putos su neutraliu pH, skirtos kasdieniam net labai jautrios odos valymui. Formul\u0117 \u0161velniai pa\u0161alina ne\u0161varumus ir prie\u017ei\u016bros priemoni\u0173 liku\u010dius, pad\u0117dama i\u0161laikyti nat\u016bral\u0173 odos apsaugin\u012f barjer\u0105 ir komforto poj\u016bt\u012f po prausimo.<\/p>\n<p data-start=\"3611\" data-end=\"3832\">Putos veikia \u0161velniai, ma\u017eina sausumo ir tempimo poj\u016bt\u012f po prausimo ir palieka od\u0105 gaivi\u0105, \u0161vari\u0105 ir sudr\u0117kint\u0105. Lengva tekst\u016bra lengvai putoja ir tinka reguliariam naudojimui, \u012fskaitant padid\u0117jusio jautrumo laikotarpius.<\/p>\n<p data-start=\"3834\" data-end=\"4004\"><strong data-start=\"3834\" data-end=\"3867\">Kam skirtas Foaming Cleanser:<\/strong> sukurtas sausai, dehidratuotai ir reaktyviai odai, \u012fskaitant pa\u017eeist\u0105 apsaugin\u012f barjer\u0105 turin\u010di\u0105 ar atsistatymo laikotarpiu esan\u010di\u0105 od\u0105.<\/p>\n<p data-start=\"4006\" data-end=\"4023\"><strong data-start=\"4006\" data-end=\"4016\">T\u016bris:<\/strong> 150 ml<\/p>\n","protected":false},"excerpt":{"rendered":"<p data-start=\"4120\" data-end=\"4136\">Valomosios putos<\/p>\n<h2 data-start=\"4138\" data-end=\"4175\"><strong data-start=\"4138\" data-end=\"4175\">ZEROID &#8211; Foaming Cleanser Savyb\u0117s<\/strong><\/h2>\n<p data-start=\"4177\" data-end=\"4367\">\u2714\ufe0f \u0160velniai valo neperd\u017eiovindamos odos<br data-start=\"4216\" data-end=\"4219\" \/>\u2714\ufe0f Palaiko nat\u016bral\u0173 odos pH balans\u0105<br data-start=\"4254\" data-end=\"4257\" \/>\u2714\ufe0f Ma\u017eina sausumo ir diskomforto poj\u016bt\u012f<br data-start=\"4296\" data-end=\"4299\" \/>\u2714\ufe0f Palaiko odos apsaugin\u012f barjer\u0105<br data-start=\"4332\" data-end=\"4335\" \/>\u2714\ufe0f Palieka od\u0105 mink\u0161t\u0105 ir gaivi\u0105<\/p>\n","protected":false},"featured_media":35688,"template":"","meta":[],"pwb-brand":[1256],"product_brand":[],"product_cat":[746,718],"product_tag":[],"giftcard-category":[],"class_list":{"0":"post-79663","1":"product","2":"type-product","3":"status-publish","4":"has-post-thumbnail","6":"pwb-brand-zeroid","7":"product_cat-jautriai-odai","8":"product_cat-valymas","10":"first","11":"instock","12":"taxable","13":"shipping-taxable","14":"purchasable","15":"product-type-simple"},"acf":[],"brands":[{"id":1256,"name":"ZEROID","slug":"zeroid"}],"_links":{"self":[{"href":"https:\/\/skinstudio.ee\/lt\/wp-json\/wp\/v2\/product\/79663","targetHints":{"allow":["GET"]}}],"collection":[{"href":"https:\/\/skinstudio.ee\/lt\/wp-json\/wp\/v2\/product"}],"about":[{"href":"https:\/\/skinstudio.ee\/lt\/wp-json\/wp\/v2\/types\/product"}],"version-history":[{"count":1,"href":"https:\/\/skinstudio.ee\/lt\/wp-json\/wp\/v2\/product\/79663\/revisions"}],"predecessor-version":[{"id":79664,"href":"https:\/\/skinstudio.ee\/lt\/wp-json\/wp\/v2\/product\/79663\/revisions\/79664"}],"wp:featuredmedia":[{"embeddable":true,"href":"https:\/\/skinstudio.ee\/lt\/wp-json\/wp\/v2\/media\/35688"}],"wp:attachment":[{"href":"https:\/\/skinstudio.ee\/lt\/wp-json\/wp\/v2\/media?parent=79663"}],"wp:term":[{"taxonomy":"pwb-brand","embeddable":true,"href":"https:\/\/skinstudio.ee\/lt\/wp-json\/wp\/v2\/pwb-brand?post=79663"},{"taxonomy":"product_brand","embeddable":true,"href":"https:\/\/skinstudio.ee\/lt\/wp-json\/wp\/v2\/product_brand?post=79663"},{"taxonomy":"product_cat","embeddable":true,"href":"https:\/\/skinstudio.ee\/lt\/wp-json\/wp\/v2\/product_cat?post=79663"},{"taxonomy":"product_tag","embeddable":true,"href":"https:\/\/skinstudio.ee\/lt\/wp-json\/wp\/v2\/product_tag?post=79663"},{"taxonomy":"giftcard-category","embeddable":true,"href":"https:\/\/skinstudio.ee\/lt\/wp-json\/wp\/v2\/giftcard-category?post=79663"}],"curies":[{"name":"wp","href":"https:\/\/api.w.org\/{rel}","templated":true}]}}