{"id":79670,"date":"2025-07-09T09:40:19","date_gmt":"2025-07-09T09:40:19","guid":{"rendered":"https:\/\/skinstudio.ee\/?post_type=product&#038;p=79670"},"modified":"2026-04-03T09:47:39","modified_gmt":"2026-04-03T09:47:39","slug":"intensive-oint-cream","status":"publish","type":"product","link":"https:\/\/skinstudio.ee\/lt\/catalog\/zeroid\/intensive-oint-cream\/","title":{"rendered":"Intensive Oint-Cream"},"content":{"rendered":"<p data-start=\"3560\" data-end=\"3879\"><strong data-start=\"3560\" data-end=\"3595\">INTENSIVE OINT-CREAM nuo ZEROID<\/strong> yra maitinamasis atkuriamasis kremas, skirtas labai sausos, sudirgusios ir jautrios odos prie\u017ei\u016brai. Formul\u0117 padeda pagreitinti odos atsistatym\u0105, suma\u017einti diskomforto poj\u016bt\u012f ir palaikyti odos apsaugin\u012f barjer\u0105, suteikdama ilgalaik\u012f maitinim\u0105 ir apsaug\u0105 nuo i\u0161orini\u0173 streso veiksni\u0173.<\/p>\n<p data-start=\"3881\" data-end=\"4122\">Sodri tekst\u016bra intensyviai mink\u0161tina od\u0105, ma\u017eina sausumo ir pleiskanojimo poj\u016bt\u012f bei padeda atkurti komfort\u0105 ir elastingum\u0105. Kremas tolygiai pasiskirsto ir sukuria apsaugin\u012f sluoksn\u012f, kuris padeda i\u0161laikyti dr\u0117gm\u0119 ir stabilizuoti odos b\u016bkl\u0119.<\/p>\n<p data-start=\"4124\" data-end=\"4292\"><strong data-start=\"4124\" data-end=\"4161\">Kam skirtas INTENSIVE OINT-CREAM:<\/strong> sukurtas labai sausai, reaktyviai ir nusilpusiai odai, \u012fskaitant stipriai i\u0161saus\u0117jusi\u0105 ir pa\u017eeist\u0105 apsaugin\u012f barjer\u0105 turin\u010di\u0105 od\u0105.<\/p>\n<p data-start=\"4294\" data-end=\"4310\"><strong data-start=\"4294\" data-end=\"4304\">T\u016bris:<\/strong> 50 ml<\/p>\n","protected":false},"excerpt":{"rendered":"<p data-start=\"4425\" data-end=\"4444\">Atkuriamasis kremas<\/p>\n<h2 data-start=\"4446\" data-end=\"4487\"><strong data-start=\"4446\" data-end=\"4487\">ZEROID &#8211; INTENSIVE OINT-CREAM Savyb\u0117s<\/strong><\/h2>\n<p data-start=\"4489\" data-end=\"4710\">\u2714\ufe0f Ramina od\u0105 ir ma\u017eina sudirgimo poj\u016bt\u012f<br data-start=\"4529\" data-end=\"4532\" \/>\u2714\ufe0f Stiprina ir atkuria odos apsaugin\u012f barjer\u0105<br data-start=\"4577\" data-end=\"4580\" \/>\u2714\ufe0f Intensyviai maitina ir padeda i\u0161laikyti dr\u0117gm\u0119<br data-start=\"4629\" data-end=\"4632\" \/>\u2714\ufe0f Mink\u0161tina sausum\u0105 ir pleiskanojim\u0105<br data-start=\"4669\" data-end=\"4672\" \/>\u2714\ufe0f Sukuria apsaugin\u012f komforto sluoksn\u012f<\/p>\n","protected":false},"featured_media":67157,"template":"","meta":[],"pwb-brand":[1256],"product_brand":[],"product_cat":[738,746,740],"product_tag":[],"giftcard-category":[],"class_list":{"0":"post-79670","1":"product","2":"type-product","3":"status-publish","4":"has-post-thumbnail","6":"pwb-brand-zeroid","7":"product_cat-drekinimas","8":"product_cat-jautriai-odai","9":"product_cat-sausai-odai","11":"first","12":"instock","13":"taxable","14":"shipping-taxable","15":"purchasable","16":"product-type-simple"},"acf":[],"brands":[{"id":1256,"name":"ZEROID","slug":"zeroid"}],"_links":{"self":[{"href":"https:\/\/skinstudio.ee\/lt\/wp-json\/wp\/v2\/product\/79670","targetHints":{"allow":["GET"]}}],"collection":[{"href":"https:\/\/skinstudio.ee\/lt\/wp-json\/wp\/v2\/product"}],"about":[{"href":"https:\/\/skinstudio.ee\/lt\/wp-json\/wp\/v2\/types\/product"}],"version-history":[{"count":1,"href":"https:\/\/skinstudio.ee\/lt\/wp-json\/wp\/v2\/product\/79670\/revisions"}],"predecessor-version":[{"id":79671,"href":"https:\/\/skinstudio.ee\/lt\/wp-json\/wp\/v2\/product\/79670\/revisions\/79671"}],"wp:featuredmedia":[{"embeddable":true,"href":"https:\/\/skinstudio.ee\/lt\/wp-json\/wp\/v2\/media\/67157"}],"wp:attachment":[{"href":"https:\/\/skinstudio.ee\/lt\/wp-json\/wp\/v2\/media?parent=79670"}],"wp:term":[{"taxonomy":"pwb-brand","embeddable":true,"href":"https:\/\/skinstudio.ee\/lt\/wp-json\/wp\/v2\/pwb-brand?post=79670"},{"taxonomy":"product_brand","embeddable":true,"href":"https:\/\/skinstudio.ee\/lt\/wp-json\/wp\/v2\/product_brand?post=79670"},{"taxonomy":"product_cat","embeddable":true,"href":"https:\/\/skinstudio.ee\/lt\/wp-json\/wp\/v2\/product_cat?post=79670"},{"taxonomy":"product_tag","embeddable":true,"href":"https:\/\/skinstudio.ee\/lt\/wp-json\/wp\/v2\/product_tag?post=79670"},{"taxonomy":"giftcard-category","embeddable":true,"href":"https:\/\/skinstudio.ee\/lt\/wp-json\/wp\/v2\/giftcard-category?post=79670"}],"curies":[{"name":"wp","href":"https:\/\/api.w.org\/{rel}","templated":true}]}}