{"id":79759,"date":"2025-08-07T11:23:46","date_gmt":"2025-08-07T11:23:46","guid":{"rendered":"https:\/\/skinstudio.ee\/?post_type=product&#038;p=79759"},"modified":"2026-04-03T09:47:37","modified_gmt":"2026-04-03T09:47:37","slug":"decongestant-cleanser","status":"publish","type":"product","link":"https:\/\/skinstudio.ee\/lt\/catalog\/bioelements\/decongestant-cleanser\/","title":{"rendered":"Decongestant Cleanser"},"content":{"rendered":"<p data-start=\"4002\" data-end=\"4357\"><strong data-start=\"4002\" data-end=\"4043\">Decongestant Cleanser nuo Bioelements<\/strong> &#8211; tai giliai valantis gelis kasdienei prie\u017ei\u016brai, efektyviai pa\u0161alinantis ne\u0161varumus, perteklin\u012f sebum\u0105 ir makia\u017eo liku\u010dius, i\u0161laikant odos komfort\u0105. Formul\u0117 sujungia \u0161velnius valomuosius komponentus su augaliniais ekstraktais ir eteriniais aliejais, pad\u0117dama palaikyti odos balans\u0105 be tempimo ar sausumo poj\u016b\u010dio.<\/p>\n<p data-start=\"4359\" data-end=\"4574\">Lengva gelin\u0117 tekst\u016bra sukuria \u0161velnias putas, kurios kruop\u0161\u010diai valo odos pavir\u0161i\u0173 ir suteikia gaivumo poj\u016bt\u012f po prausimosi. Priemon\u0117 palaiko nat\u016bral\u0173 odos balans\u0105 ir paruo\u0161ia j\u0105 tolimesniems prie\u017ei\u016bros \u017eingsniams.<\/p>\n<p data-start=\"4576\" data-end=\"4780\"><strong data-start=\"4576\" data-end=\"4628\">Kam tinka Decongestant Cleanser nuo Bioelements:<\/strong> pavargusiai, jautriai ir \u012f paraudim\u0105 linkusiai odai, taip pat odai, kuriai reikalingas \u0161velnus, bet efektyvus valymas nepa\u017eeid\u017eiant apsauginio barjero.<\/p>\n<p data-start=\"4782\" data-end=\"4799\"><strong data-start=\"4782\" data-end=\"4792\">T\u016bris:<\/strong> 177 ml<\/p>\n","protected":false},"excerpt":{"rendered":"<p data-start=\"5002\" data-end=\"5046\">Balansuojantis valomasis gelis jautriai odai<\/p>\n<h2 data-start=\"5048\" data-end=\"5095\"><strong data-start=\"5048\" data-end=\"5095\">Bioelements &#8211; Decongestant Cleanser Savyb\u0117s<\/strong><\/h2>\n<p data-start=\"5097\" data-end=\"5300\">\u2714\ufe0f \u0160velniai valo nepalikdamas sausumo poj\u016b\u010dio<br data-start=\"5142\" data-end=\"5145\" \/>\u2714\ufe0f Padeda palaikyti odos riebal\u0173 balans\u0105<br data-start=\"5185\" data-end=\"5188\" \/>\u2714\ufe0f Gaivina ir gerina odos komfort\u0105<br data-start=\"5222\" data-end=\"5225\" \/>\u2714\ufe0f Padeda ma\u017einti odos reaktyvum\u0105<br data-start=\"5258\" data-end=\"5261\" \/>\u2714\ufe0f Paruo\u0161ia od\u0105 tolimesnei prie\u017ei\u016brai<\/p>\n","protected":false},"featured_media":67744,"template":"","meta":[],"pwb-brand":[1240],"product_brand":[],"product_cat":[746,718],"product_tag":[],"giftcard-category":[],"class_list":{"0":"post-79759","1":"product","2":"type-product","3":"status-publish","4":"has-post-thumbnail","6":"pwb-brand-bioelements","7":"product_cat-jautriai-odai","8":"product_cat-valymas","10":"first","11":"instock","12":"taxable","13":"shipping-taxable","14":"purchasable","15":"product-type-simple"},"acf":[],"brands":[{"id":1240,"name":"Bioelements","slug":"bioelements"}],"_links":{"self":[{"href":"https:\/\/skinstudio.ee\/lt\/wp-json\/wp\/v2\/product\/79759","targetHints":{"allow":["GET"]}}],"collection":[{"href":"https:\/\/skinstudio.ee\/lt\/wp-json\/wp\/v2\/product"}],"about":[{"href":"https:\/\/skinstudio.ee\/lt\/wp-json\/wp\/v2\/types\/product"}],"version-history":[{"count":1,"href":"https:\/\/skinstudio.ee\/lt\/wp-json\/wp\/v2\/product\/79759\/revisions"}],"predecessor-version":[{"id":79760,"href":"https:\/\/skinstudio.ee\/lt\/wp-json\/wp\/v2\/product\/79759\/revisions\/79760"}],"wp:featuredmedia":[{"embeddable":true,"href":"https:\/\/skinstudio.ee\/lt\/wp-json\/wp\/v2\/media\/67744"}],"wp:attachment":[{"href":"https:\/\/skinstudio.ee\/lt\/wp-json\/wp\/v2\/media?parent=79759"}],"wp:term":[{"taxonomy":"pwb-brand","embeddable":true,"href":"https:\/\/skinstudio.ee\/lt\/wp-json\/wp\/v2\/pwb-brand?post=79759"},{"taxonomy":"product_brand","embeddable":true,"href":"https:\/\/skinstudio.ee\/lt\/wp-json\/wp\/v2\/product_brand?post=79759"},{"taxonomy":"product_cat","embeddable":true,"href":"https:\/\/skinstudio.ee\/lt\/wp-json\/wp\/v2\/product_cat?post=79759"},{"taxonomy":"product_tag","embeddable":true,"href":"https:\/\/skinstudio.ee\/lt\/wp-json\/wp\/v2\/product_tag?post=79759"},{"taxonomy":"giftcard-category","embeddable":true,"href":"https:\/\/skinstudio.ee\/lt\/wp-json\/wp\/v2\/giftcard-category?post=79759"}],"curies":[{"name":"wp","href":"https:\/\/api.w.org\/{rel}","templated":true}]}}