{"id":79766,"date":"2025-08-07T11:23:28","date_gmt":"2025-08-07T11:23:28","guid":{"rendered":"https:\/\/skinstudio.ee\/?post_type=product&#038;p=79766"},"modified":"2026-04-03T09:47:37","modified_gmt":"2026-04-03T09:47:37","slug":"flash-foam-cleanser","status":"publish","type":"product","link":"https:\/\/skinstudio.ee\/lt\/catalog\/bioelements\/flash-foam-cleanser\/","title":{"rendered":"Flash Foam Cleanser"},"content":{"rendered":"<p data-start=\"5684\" data-end=\"6009\"><strong data-start=\"5684\" data-end=\"5723\">Flash Foam Cleanser nuo Bioelements<\/strong> &#8211; tai fermentinis valiklis, efektyviai pa\u0161alinantis makia\u017e\u0105, ne\u0161varumus ir perteklin\u012f sebum\u0105, tuo pa\u010diu u\u017etikrinantis \u0161veln\u0173 odos atsinaujinim\u0105. Formul\u0117 sujungia valomuosius komponentus su nat\u016braliais vaisi\u0173 fermentais, pad\u0117dama palaikyti odos \u0161var\u0105 ir gaivum\u0105 be sausumo ar dirginimo.<\/p>\n<p data-start=\"6011\" data-end=\"6239\">Lengva putojanti tekst\u016bra \u0161velniai valo ir suteikia lengv\u0105 eksfoliacin\u012f efekt\u0105, tod\u0117l oda tampa lygesn\u0117, \u0161velnesn\u0117 ir vizualiai gaivesn\u0117. Priemon\u0117 palaiko odos komfort\u0105 kasdienio valymo metu ir paruo\u0161ia j\u0105 tolimesnei prie\u017ei\u016brai.<\/p>\n<p data-start=\"6241\" data-end=\"6441\"><strong data-start=\"6241\" data-end=\"6291\">Kam tinka Flash Foam Cleanser nuo Bioelements:<\/strong> odai, kuriai reikalingas \u0161velnus valymas su lengvu eksfoliaciniu poveikiu, \u012fskaitant papilk\u0117jusi\u0105, nelygios tekst\u016bros ar linkusi\u0105 \u012f u\u017esikim\u0161imus od\u0105.<\/p>\n<p data-start=\"6443\" data-end=\"6460\"><strong data-start=\"6443\" data-end=\"6453\">T\u016bris:<\/strong> 192 ml<\/p>\n","protected":false},"excerpt":{"rendered":"<p data-start=\"6709\" data-end=\"6762\">Valomosios putos su \u0161velniu fermentiniu atsinaujinimu<\/p>\n<h2 data-start=\"6764\" data-end=\"6809\"><strong data-start=\"6764\" data-end=\"6809\">Bioelements &#8211; Flash Foam Cleanser Savyb\u0117s<\/strong><\/h2>\n<p data-start=\"6811\" data-end=\"7026\">\u2714\ufe0f Efektyviai pa\u0161alina ne\u0161varumus ir makia\u017eo liku\u010dius<br data-start=\"6864\" data-end=\"6867\" \/>\u2714\ufe0f U\u017etikrina \u0161veln\u0173 fermentin\u012f \u0161veitim\u0105<br data-start=\"6906\" data-end=\"6909\" \/>\u2714\ufe0f Gerina odos lygum\u0105 ir gaivum\u0105<br data-start=\"6941\" data-end=\"6944\" \/>\u2714\ufe0f Palaiko tolygesn\u0117s odos i\u0161vaizd\u0105<br data-start=\"6979\" data-end=\"6982\" \/>\u2714\ufe0f Tinka reguliariam kasdieniam naudojimui<\/p>\n","protected":false},"featured_media":67750,"template":"","meta":[],"pwb-brand":[1240],"product_brand":[],"product_cat":[718],"product_tag":[],"giftcard-category":[],"class_list":{"0":"post-79766","1":"product","2":"type-product","3":"status-publish","4":"has-post-thumbnail","6":"pwb-brand-bioelements","7":"product_cat-valymas","9":"first","10":"instock","11":"taxable","12":"shipping-taxable","13":"purchasable","14":"product-type-simple"},"acf":[],"brands":[{"id":1240,"name":"Bioelements","slug":"bioelements"}],"_links":{"self":[{"href":"https:\/\/skinstudio.ee\/lt\/wp-json\/wp\/v2\/product\/79766","targetHints":{"allow":["GET"]}}],"collection":[{"href":"https:\/\/skinstudio.ee\/lt\/wp-json\/wp\/v2\/product"}],"about":[{"href":"https:\/\/skinstudio.ee\/lt\/wp-json\/wp\/v2\/types\/product"}],"version-history":[{"count":1,"href":"https:\/\/skinstudio.ee\/lt\/wp-json\/wp\/v2\/product\/79766\/revisions"}],"predecessor-version":[{"id":79767,"href":"https:\/\/skinstudio.ee\/lt\/wp-json\/wp\/v2\/product\/79766\/revisions\/79767"}],"wp:featuredmedia":[{"embeddable":true,"href":"https:\/\/skinstudio.ee\/lt\/wp-json\/wp\/v2\/media\/67750"}],"wp:attachment":[{"href":"https:\/\/skinstudio.ee\/lt\/wp-json\/wp\/v2\/media?parent=79766"}],"wp:term":[{"taxonomy":"pwb-brand","embeddable":true,"href":"https:\/\/skinstudio.ee\/lt\/wp-json\/wp\/v2\/pwb-brand?post=79766"},{"taxonomy":"product_brand","embeddable":true,"href":"https:\/\/skinstudio.ee\/lt\/wp-json\/wp\/v2\/product_brand?post=79766"},{"taxonomy":"product_cat","embeddable":true,"href":"https:\/\/skinstudio.ee\/lt\/wp-json\/wp\/v2\/product_cat?post=79766"},{"taxonomy":"product_tag","embeddable":true,"href":"https:\/\/skinstudio.ee\/lt\/wp-json\/wp\/v2\/product_tag?post=79766"},{"taxonomy":"giftcard-category","embeddable":true,"href":"https:\/\/skinstudio.ee\/lt\/wp-json\/wp\/v2\/giftcard-category?post=79766"}],"curies":[{"name":"wp","href":"https:\/\/api.w.org\/{rel}","templated":true}]}}