{"id":79774,"date":"2025-08-07T11:22:53","date_gmt":"2025-08-07T11:22:53","guid":{"rendered":"https:\/\/skinstudio.ee\/?post_type=product&#038;p=79774"},"modified":"2026-04-03T09:47:38","modified_gmt":"2026-04-03T09:47:38","slug":"makeup-dissolver-perfected","status":"publish","type":"product","link":"https:\/\/skinstudio.ee\/lt\/catalog\/bioelements\/makeup-dissolver-perfected\/","title":{"rendered":"Makeup Dissolver Perfected"},"content":{"rendered":"<p data-start=\"5171\" data-end=\"5496\"><strong data-start=\"5171\" data-end=\"5217\">Makeup Dissolver Perfected nuo Bioelements<\/strong> &#8211; tai makia\u017eo valiklis, kuris pa\u0161alina dekoratyvin\u0119 kosmetik\u0105, \u012fskaitant ilgai i\u0161liekan\u010dias ir vandeniui atsparias formules, nepalikdamas sausumo ar tempimo poj\u016b\u010dio. Lengva tekst\u016bra \u0161velniai i\u0161tirpdo makia\u017e\u0105 nuo aki\u0173, veido ir l\u016bp\u0173, u\u017etikrindama komforti\u0161k\u0105 valym\u0105 be dirginimo.<\/p>\n<p data-start=\"5498\" data-end=\"5730\">MariBright kompleksas su medetk\u0173 ir aki\u0161vie\u010di\u0173 ekstraktais tinka jautriai aki\u0173 zonai ir suteikia \u0161veln\u0173 valym\u0105 be deginimo poj\u016b\u010dio. Priemon\u0119 galima naudoti kaip pirm\u0105 vakarin\u0117s prie\u017ei\u016bros \u017eingsn\u012f, paruo\u0161iant od\u0105 tolimesniam valymui.<\/p>\n<p data-start=\"5732\" data-end=\"5876\"><strong data-start=\"5732\" data-end=\"5789\">Kam tinka Makeup Dissolver Perfected nuo Bioelements:<\/strong> vis\u0173 tip\u0173 odai, \u012fskaitant jautri\u0105 aki\u0173 srit\u012f ir naudojantiems priaugintas blakstienas.<\/p>\n<p data-start=\"5878\" data-end=\"5895\"><strong data-start=\"5878\" data-end=\"5888\">T\u016bris:<\/strong> 110 ml<\/p>\n","protected":false},"excerpt":{"rendered":"<p data-start=\"6085\" data-end=\"6109\">\u0160velnus makia\u017eo valiklis<\/p>\n<h2 data-start=\"6111\" data-end=\"6163\"><strong data-start=\"6111\" data-end=\"6163\">Bioelements &#8211; Makeup Dissolver Perfected Savyb\u0117s<\/strong><\/h2>\n<p data-start=\"6165\" data-end=\"6382\">\u2714\ufe0f Tirpdo ilgai i\u0161liekant\u012f ir vandeniui atspar\u0173 makia\u017e\u0105<br data-start=\"6220\" data-end=\"6223\" \/>\u2714\ufe0f Pa\u0161alina makia\u017e\u0105 nepalikdamas riebios pl\u0117vel\u0117s<br data-start=\"6272\" data-end=\"6275\" \/>\u2714\ufe0f \u0160velniai valo aki\u0173 srit\u012f<br data-start=\"6302\" data-end=\"6305\" \/>\u2714\ufe0f Ma\u017eina dirginimo poj\u016bt\u012f valymo metu<br data-start=\"6343\" data-end=\"6346\" \/>\u2714\ufe0f Tinka priaugintoms blakstienoms<\/p>\n","protected":false},"featured_media":67756,"template":"","meta":[],"pwb-brand":[1240],"product_brand":[],"product_cat":[718],"product_tag":[],"giftcard-category":[],"class_list":{"0":"post-79774","1":"product","2":"type-product","3":"status-publish","4":"has-post-thumbnail","6":"pwb-brand-bioelements","7":"product_cat-valymas","9":"first","10":"instock","11":"taxable","12":"shipping-taxable","13":"purchasable","14":"product-type-simple"},"acf":[],"brands":[{"id":1240,"name":"Bioelements","slug":"bioelements"}],"_links":{"self":[{"href":"https:\/\/skinstudio.ee\/lt\/wp-json\/wp\/v2\/product\/79774","targetHints":{"allow":["GET"]}}],"collection":[{"href":"https:\/\/skinstudio.ee\/lt\/wp-json\/wp\/v2\/product"}],"about":[{"href":"https:\/\/skinstudio.ee\/lt\/wp-json\/wp\/v2\/types\/product"}],"version-history":[{"count":1,"href":"https:\/\/skinstudio.ee\/lt\/wp-json\/wp\/v2\/product\/79774\/revisions"}],"predecessor-version":[{"id":79775,"href":"https:\/\/skinstudio.ee\/lt\/wp-json\/wp\/v2\/product\/79774\/revisions\/79775"}],"wp:featuredmedia":[{"embeddable":true,"href":"https:\/\/skinstudio.ee\/lt\/wp-json\/wp\/v2\/media\/67756"}],"wp:attachment":[{"href":"https:\/\/skinstudio.ee\/lt\/wp-json\/wp\/v2\/media?parent=79774"}],"wp:term":[{"taxonomy":"pwb-brand","embeddable":true,"href":"https:\/\/skinstudio.ee\/lt\/wp-json\/wp\/v2\/pwb-brand?post=79774"},{"taxonomy":"product_brand","embeddable":true,"href":"https:\/\/skinstudio.ee\/lt\/wp-json\/wp\/v2\/product_brand?post=79774"},{"taxonomy":"product_cat","embeddable":true,"href":"https:\/\/skinstudio.ee\/lt\/wp-json\/wp\/v2\/product_cat?post=79774"},{"taxonomy":"product_tag","embeddable":true,"href":"https:\/\/skinstudio.ee\/lt\/wp-json\/wp\/v2\/product_tag?post=79774"},{"taxonomy":"giftcard-category","embeddable":true,"href":"https:\/\/skinstudio.ee\/lt\/wp-json\/wp\/v2\/giftcard-category?post=79774"}],"curies":[{"name":"wp","href":"https:\/\/api.w.org\/{rel}","templated":true}]}}