{"id":79782,"date":"2025-08-07T11:22:31","date_gmt":"2025-08-07T11:22:31","guid":{"rendered":"https:\/\/skinstudio.ee\/?post_type=product&#038;p=79782"},"modified":"2026-04-03T09:47:38","modified_gmt":"2026-04-03T09:47:38","slug":"moisture-positive-cleanser","status":"publish","type":"product","link":"https:\/\/skinstudio.ee\/lt\/catalog\/bioelements\/moisture-positive-cleanser\/","title":{"rendered":"Moisture Positive Cleanser"},"content":{"rendered":"<p data-start=\"3599\" data-end=\"3840\"><strong data-start=\"3599\" data-end=\"3645\">Moisture Positive Cleanser nuo Bioelements<\/strong> &#8211; tai \u0161velnus kreminis prausiklis, skirtas kasdienei sausos odos prie\u017ei\u016brai. Sodri tekst\u016bra valo od\u0105 nuo ne\u0161varum\u0173 ir dekoratyvin\u0117s kosmetikos, i\u0161laikydama komforto poj\u016bt\u012f be sausumo ar tempimo.<\/p>\n<p data-start=\"3842\" data-end=\"4088\">Formul\u0117 su adaptogeniniais augaliniais ekstraktais ir eteriniais aliejais padeda palaikyti odos balans\u0105 valymo metu ir i\u0161laiko od\u0105 mink\u0161t\u0105 bei lygi\u0105. Kremin\u0117 baz\u0117 u\u017etikrina \u0161veln\u0173 valym\u0105, palikdama od\u0105 po prausimo labiau sudr\u0117kint\u0105 ir pri\u017ei\u016br\u0117t\u0105.<\/p>\n<p data-start=\"4090\" data-end=\"4245\"><strong data-start=\"4090\" data-end=\"4131\">Kam tinka Moisture Positive Cleanser:<\/strong> sausai, jautriai ir brand\u017eiai odai, taip pat odai, kuriai reikalingas \u0161velnus valymas be perd\u0117to sausumo poj\u016b\u010dio.<\/p>\n<p data-start=\"4247\" data-end=\"4264\"><strong data-start=\"4247\" data-end=\"4257\">T\u016bris:<\/strong> 177 ml<\/p>\n","protected":false},"excerpt":{"rendered":"<p data-start=\"4400\" data-end=\"4431\">Kreminis prausiklis sausai odai<\/p>\n<h2 data-start=\"4433\" data-end=\"4485\"><strong data-start=\"4433\" data-end=\"4485\">Bioelements &#8211; Moisture Positive Cleanser Savyb\u0117s<\/strong><\/h2>\n<p data-start=\"4487\" data-end=\"4686\">\u2714\ufe0f Valo nepalikdamas sausumo poj\u016b\u010dio<br data-start=\"4523\" data-end=\"4526\" \/>\u2714\ufe0f Pa\u0161alina makia\u017e\u0105 be riebios pl\u0117vel\u0117s<br data-start=\"4565\" data-end=\"4568\" \/>\u2714\ufe0f I\u0161laiko sudr\u0117kintos odos poj\u016bt\u012f<br data-start=\"4602\" data-end=\"4605\" \/>\u2714\ufe0f Mink\u0161tina ir ma\u017eina tempimo poj\u016bt\u012f<br data-start=\"4642\" data-end=\"4645\" \/>\u2714\ufe0f Tinka kasdieniam sausos odos valymui<\/p>\n","protected":false},"featured_media":67761,"template":"","meta":[],"pwb-brand":[1240],"product_brand":[],"product_cat":[740,718],"product_tag":[],"giftcard-category":[],"class_list":{"0":"post-79782","1":"product","2":"type-product","3":"status-publish","4":"has-post-thumbnail","6":"pwb-brand-bioelements","7":"product_cat-sausai-odai","8":"product_cat-valymas","10":"first","11":"instock","12":"taxable","13":"shipping-taxable","14":"purchasable","15":"product-type-simple"},"acf":[],"brands":[{"id":1240,"name":"Bioelements","slug":"bioelements"}],"_links":{"self":[{"href":"https:\/\/skinstudio.ee\/lt\/wp-json\/wp\/v2\/product\/79782","targetHints":{"allow":["GET"]}}],"collection":[{"href":"https:\/\/skinstudio.ee\/lt\/wp-json\/wp\/v2\/product"}],"about":[{"href":"https:\/\/skinstudio.ee\/lt\/wp-json\/wp\/v2\/types\/product"}],"version-history":[{"count":1,"href":"https:\/\/skinstudio.ee\/lt\/wp-json\/wp\/v2\/product\/79782\/revisions"}],"predecessor-version":[{"id":79783,"href":"https:\/\/skinstudio.ee\/lt\/wp-json\/wp\/v2\/product\/79782\/revisions\/79783"}],"wp:featuredmedia":[{"embeddable":true,"href":"https:\/\/skinstudio.ee\/lt\/wp-json\/wp\/v2\/media\/67761"}],"wp:attachment":[{"href":"https:\/\/skinstudio.ee\/lt\/wp-json\/wp\/v2\/media?parent=79782"}],"wp:term":[{"taxonomy":"pwb-brand","embeddable":true,"href":"https:\/\/skinstudio.ee\/lt\/wp-json\/wp\/v2\/pwb-brand?post=79782"},{"taxonomy":"product_brand","embeddable":true,"href":"https:\/\/skinstudio.ee\/lt\/wp-json\/wp\/v2\/product_brand?post=79782"},{"taxonomy":"product_cat","embeddable":true,"href":"https:\/\/skinstudio.ee\/lt\/wp-json\/wp\/v2\/product_cat?post=79782"},{"taxonomy":"product_tag","embeddable":true,"href":"https:\/\/skinstudio.ee\/lt\/wp-json\/wp\/v2\/product_tag?post=79782"},{"taxonomy":"giftcard-category","embeddable":true,"href":"https:\/\/skinstudio.ee\/lt\/wp-json\/wp\/v2\/giftcard-category?post=79782"}],"curies":[{"name":"wp","href":"https:\/\/api.w.org\/{rel}","templated":true}]}}