{"id":79798,"date":"2025-08-07T11:21:33","date_gmt":"2025-08-07T11:21:33","guid":{"rendered":"https:\/\/skinstudio.ee\/?post_type=product&#038;p=79798"},"modified":"2026-04-03T09:47:38","modified_gmt":"2026-04-03T09:47:38","slug":"pore-thing","status":"publish","type":"product","link":"https:\/\/skinstudio.ee\/lt\/catalog\/bioelements\/pore-thing\/","title":{"rendered":"Pore Thing"},"content":{"rendered":"<p data-start=\"3604\" data-end=\"3901\"><strong data-start=\"3604\" data-end=\"3634\">Pore Thing nuo Bioelements<\/strong> &#8211; tai kasdienis valomasis gelis su daugialygio eksfoliaciniu poveikiu, skirtas por\u0173 valymui ir odos tekst\u016bros i\u0161lyginimui. Formul\u0117 sujungia \u0161velnius valomuosius komponentus su r\u016bg\u0161timis ir augaliniais ekstraktais, u\u017etikrindama atnaujinant\u012f valym\u0105 be perd\u0117to sausumo.<\/p>\n<p data-start=\"3903\" data-end=\"4231\">Salicilo r\u016bg\u0161tis valo poras nuo perteklinio sebumo, azelaino r\u016bg\u0161tis palaiko \u0161veln\u0173 odos atsinaujinim\u0105, o gluosnio \u017eiev\u0117s ekstraktas padeda i\u0161laikyti \u0161varesn\u0117s odos i\u0161vaizd\u0105. Obuoli\u0173 ir \u017ealiosios arbatos ekstraktai padeda palaikyti sudr\u0117kintos ir komforti\u0161kos odos poj\u016bt\u012f valymo metu. Po prausimo oda atrodo gaivesn\u0117 ir lygesn\u0117.<\/p>\n<p data-start=\"4233\" data-end=\"4364\"><strong data-start=\"4233\" data-end=\"4258\">Kam tinka Pore Thing:<\/strong> mi\u0161riai, riebiai ir \u012f netobulumus linkusiai odai, taip pat odai su matomomis poromis ir nelygia tekst\u016bra.<\/p>\n<p data-start=\"4366\" data-end=\"4383\"><strong data-start=\"4366\" data-end=\"4376\">T\u016bris:<\/strong> 118 ml<\/p>\n","protected":false},"excerpt":{"rendered":"<p data-start=\"4518\" data-end=\"4566\">Valomasis gelis su r\u016bg\u0161timis problemin\u0117ms poroms<\/p>\n<h2 data-start=\"4568\" data-end=\"4604\"><strong data-start=\"4568\" data-end=\"4604\">Bioelements &#8211; Pore Thing Savyb\u0117s<\/strong><\/h2>\n<p data-start=\"4606\" data-end=\"4772\">\u2714\ufe0f Valo poras nuo sebuma ir ne\u0161varum\u0173<br data-start=\"4643\" data-end=\"4646\" \/>\u2714\ufe0f \u0160velniai eksfoliuoja odos pavir\u0161i\u0173<br data-start=\"4683\" data-end=\"4686\" \/>\u2714\ufe0f I\u0161lygina odos tekst\u016br\u0105<br data-start=\"4711\" data-end=\"4714\" \/>\u2714\ufe0f Ma\u017eina netobulum\u0173 matomum\u0105<br data-start=\"4743\" data-end=\"4746\" \/>\u2714\ufe0f Gaivina odos i\u0161vaizd\u0105<\/p>\n","protected":false},"featured_media":67771,"template":"","meta":[],"pwb-brand":[1240],"product_brand":[],"product_cat":[748,718],"product_tag":[],"giftcard-category":[],"class_list":{"0":"post-79798","1":"product","2":"type-product","3":"status-publish","4":"has-post-thumbnail","6":"pwb-brand-bioelements","7":"product_cat-taukainai-adai-lt","8":"product_cat-valymas","10":"first","11":"instock","12":"taxable","13":"shipping-taxable","14":"purchasable","15":"product-type-simple"},"acf":[],"brands":[{"id":1240,"name":"Bioelements","slug":"bioelements"}],"_links":{"self":[{"href":"https:\/\/skinstudio.ee\/lt\/wp-json\/wp\/v2\/product\/79798","targetHints":{"allow":["GET"]}}],"collection":[{"href":"https:\/\/skinstudio.ee\/lt\/wp-json\/wp\/v2\/product"}],"about":[{"href":"https:\/\/skinstudio.ee\/lt\/wp-json\/wp\/v2\/types\/product"}],"version-history":[{"count":1,"href":"https:\/\/skinstudio.ee\/lt\/wp-json\/wp\/v2\/product\/79798\/revisions"}],"predecessor-version":[{"id":79799,"href":"https:\/\/skinstudio.ee\/lt\/wp-json\/wp\/v2\/product\/79798\/revisions\/79799"}],"wp:featuredmedia":[{"embeddable":true,"href":"https:\/\/skinstudio.ee\/lt\/wp-json\/wp\/v2\/media\/67771"}],"wp:attachment":[{"href":"https:\/\/skinstudio.ee\/lt\/wp-json\/wp\/v2\/media?parent=79798"}],"wp:term":[{"taxonomy":"pwb-brand","embeddable":true,"href":"https:\/\/skinstudio.ee\/lt\/wp-json\/wp\/v2\/pwb-brand?post=79798"},{"taxonomy":"product_brand","embeddable":true,"href":"https:\/\/skinstudio.ee\/lt\/wp-json\/wp\/v2\/product_brand?post=79798"},{"taxonomy":"product_cat","embeddable":true,"href":"https:\/\/skinstudio.ee\/lt\/wp-json\/wp\/v2\/product_cat?post=79798"},{"taxonomy":"product_tag","embeddable":true,"href":"https:\/\/skinstudio.ee\/lt\/wp-json\/wp\/v2\/product_tag?post=79798"},{"taxonomy":"giftcard-category","embeddable":true,"href":"https:\/\/skinstudio.ee\/lt\/wp-json\/wp\/v2\/giftcard-category?post=79798"}],"curies":[{"name":"wp","href":"https:\/\/api.w.org\/{rel}","templated":true}]}}