{"id":79812,"date":"2025-08-07T11:20:32","date_gmt":"2025-08-07T11:20:32","guid":{"rendered":"https:\/\/skinstudio.ee\/?post_type=product&#038;p=79812"},"modified":"2026-04-03T09:47:37","modified_gmt":"2026-04-03T09:47:37","slug":"equalizer","status":"publish","type":"product","link":"https:\/\/skinstudio.ee\/lt\/catalog\/bioelements\/equalizer\/","title":{"rendered":"Equalizer"},"content":{"rendered":"<p data-start=\"3250\" data-end=\"3478\"><strong data-start=\"3250\" data-end=\"3279\">Equalizer nuo Bioelements<\/strong> &#8211; tai dr\u0117kinamasis tonikas-mistas, naudojamas po valymo odos komfortui atkurti ir paruo\u0161ti od\u0105 tolimesnei prie\u017ei\u016brai. Lengva formul\u0117 be alkoholio gaivina od\u0105 ir padeda i\u0161laikyti balans\u0105 po prausimo.<\/p>\n<p data-start=\"3480\" data-end=\"3701\">Adaptogenini\u0173 augalini\u0173 ekstrakt\u0173 ir eterini\u0173 aliej\u0173 derinys padeda palaikyti odos mink\u0161tum\u0105 ir pri\u017ei\u016br\u0117t\u0105 i\u0161vaizd\u0105. Tonikas tolygiai pasiskirsto, palikdamas od\u0105 lengvai sudr\u0117kint\u0105 ir paruo\u0161t\u0105 serum\u0173 bei krem\u0173 naudojimui.<\/p>\n<p data-start=\"3703\" data-end=\"3829\"><strong data-start=\"3703\" data-end=\"3727\">Kam tinka Equalizer:<\/strong> vis\u0173 tip\u0173 odai, \u012fskaitant jautri\u0105, taip pat odai, kuriai po valymo reikalingas papildomas dr\u0117kinimas.<\/p>\n<p data-start=\"3831\" data-end=\"3848\"><strong data-start=\"3831\" data-end=\"3841\">T\u016bris:<\/strong> 177 ml<\/p>\n","protected":false},"excerpt":{"rendered":"<p data-start=\"4024\" data-end=\"4051\">Dr\u0117kinamasis tonikas-mistas<\/p>\n<h2 data-start=\"4053\" data-end=\"4088\"><strong data-start=\"4053\" data-end=\"4088\">Bioelements &#8211; Equalizer Savyb\u0117s<\/strong><\/h2>\n<p data-start=\"4090\" data-end=\"4258\">\u2714\ufe0f Dr\u0117kina od\u0105 po valymo<br data-start=\"4114\" data-end=\"4117\" \/>\u2714\ufe0f Mink\u0161tina ir gaivina od\u0105<br data-start=\"4144\" data-end=\"4147\" \/>\u2714\ufe0f Subalansuoja odos komforto poj\u016bt\u012f<br data-start=\"4183\" data-end=\"4186\" \/>\u2714\ufe0f Paruo\u0161ia od\u0105 tolimesnei prie\u017ei\u016brai<br data-start=\"4223\" data-end=\"4226\" \/>\u2714\ufe0f Tinka kasdieniam naudojimui<\/p>\n","protected":false},"featured_media":67782,"template":"","meta":[],"pwb-brand":[1240],"product_brand":[],"product_cat":[746,722],"product_tag":[],"giftcard-category":[],"class_list":{"0":"post-79812","1":"product","2":"type-product","3":"status-publish","4":"has-post-thumbnail","6":"pwb-brand-bioelements","7":"product_cat-jautriai-odai","8":"product_cat-toneriai","10":"first","11":"instock","12":"taxable","13":"shipping-taxable","14":"purchasable","15":"product-type-simple"},"acf":[],"brands":[{"id":1240,"name":"Bioelements","slug":"bioelements"}],"_links":{"self":[{"href":"https:\/\/skinstudio.ee\/lt\/wp-json\/wp\/v2\/product\/79812","targetHints":{"allow":["GET"]}}],"collection":[{"href":"https:\/\/skinstudio.ee\/lt\/wp-json\/wp\/v2\/product"}],"about":[{"href":"https:\/\/skinstudio.ee\/lt\/wp-json\/wp\/v2\/types\/product"}],"version-history":[{"count":1,"href":"https:\/\/skinstudio.ee\/lt\/wp-json\/wp\/v2\/product\/79812\/revisions"}],"predecessor-version":[{"id":79813,"href":"https:\/\/skinstudio.ee\/lt\/wp-json\/wp\/v2\/product\/79812\/revisions\/79813"}],"wp:featuredmedia":[{"embeddable":true,"href":"https:\/\/skinstudio.ee\/lt\/wp-json\/wp\/v2\/media\/67782"}],"wp:attachment":[{"href":"https:\/\/skinstudio.ee\/lt\/wp-json\/wp\/v2\/media?parent=79812"}],"wp:term":[{"taxonomy":"pwb-brand","embeddable":true,"href":"https:\/\/skinstudio.ee\/lt\/wp-json\/wp\/v2\/pwb-brand?post=79812"},{"taxonomy":"product_brand","embeddable":true,"href":"https:\/\/skinstudio.ee\/lt\/wp-json\/wp\/v2\/product_brand?post=79812"},{"taxonomy":"product_cat","embeddable":true,"href":"https:\/\/skinstudio.ee\/lt\/wp-json\/wp\/v2\/product_cat?post=79812"},{"taxonomy":"product_tag","embeddable":true,"href":"https:\/\/skinstudio.ee\/lt\/wp-json\/wp\/v2\/product_tag?post=79812"},{"taxonomy":"giftcard-category","embeddable":true,"href":"https:\/\/skinstudio.ee\/lt\/wp-json\/wp\/v2\/giftcard-category?post=79812"}],"curies":[{"name":"wp","href":"https:\/\/api.w.org\/{rel}","templated":true}]}}