{"id":79842,"date":"2025-08-07T11:18:44","date_gmt":"2025-08-07T11:18:44","guid":{"rendered":"https:\/\/skinstudio.ee\/?post_type=product&#038;p=79842"},"modified":"2026-04-03T09:47:38","modified_gmt":"2026-04-03T09:47:38","slug":"power-peptide","status":"publish","type":"product","link":"https:\/\/skinstudio.ee\/lt\/catalog\/bioelements\/power-peptide\/","title":{"rendered":"Power Peptide"},"content":{"rendered":"<p data-start=\"3446\" data-end=\"3698\"><strong data-start=\"3446\" data-end=\"3479\">Power Peptide nuo Bioelements<\/strong> &#8211; tai dr\u0117kinamasis tonikas-mistas su peptidais, skirtas odos komfortui atkurti ir paruo\u0161ti od\u0105 tolimesnei prie\u017ei\u016brai po valymo. Lengva formul\u0117 be alkoholio gaivina od\u0105 ir padeda i\u0161laikyti dr\u0117gm\u0119 bei tolygesn\u0119 i\u0161vaizd\u0105.<\/p>\n<p data-start=\"3700\" data-end=\"3940\">Peptid\u0173, baltojo arbatos ekstrakto ir saldymed\u017eio \u0161aknies ekstrakto kompleksas padeda palaikyti spindin\u010di\u0105 ir pri\u017ei\u016br\u0117t\u0105 odos i\u0161vaizd\u0105. Tonikas tolygiai pasiskirsto, palikdamas od\u0105 lengvai sudr\u0117kint\u0105 ir paruo\u0161t\u0105 serum\u0173 bei krem\u0173 naudojimui.<\/p>\n<p data-start=\"3942\" data-end=\"4074\"><strong data-start=\"3942\" data-end=\"3970\">Kam tinka Power Peptide:<\/strong> papilk\u0117jusiai, dehidratuotai ir brand\u017eiai odai, taip pat odai su netolygiu tonu ir nuovargio po\u017eymiais.<\/p>\n<p data-start=\"4076\" data-end=\"4093\"><strong data-start=\"4076\" data-end=\"4086\">T\u016bris:<\/strong> 177 ml<\/p>\n","protected":false},"excerpt":{"rendered":"<p data-start=\"4282\" data-end=\"4322\">Dr\u0117kinamasis tonikas-mistas su peptidais<\/p>\n<h2 data-start=\"4324\" data-end=\"4363\"><strong data-start=\"4324\" data-end=\"4363\">Bioelements &#8211; Power Peptide Savyb\u0117s<\/strong><\/h2>\n<p data-start=\"4365\" data-end=\"4538\">\u2714\ufe0f Dr\u0117kina ir gaivina od\u0105<br data-start=\"4390\" data-end=\"4393\" \/>\u2714\ufe0f Suvienodina odos tono i\u0161vaizd\u0105<br data-start=\"4426\" data-end=\"4429\" \/>\u2714\ufe0f Suteikia odai spindesio<br data-start=\"4455\" data-end=\"4458\" \/>\u2714\ufe0f Mink\u0161tina ir gerina glotnumo poj\u016bt\u012f<br data-start=\"4496\" data-end=\"4499\" \/>\u2714\ufe0f Paruo\u0161ia od\u0105 tolimesnei prie\u017ei\u016brai<\/p>\n","protected":false},"featured_media":67794,"template":"","meta":[],"pwb-brand":[1240],"product_brand":[],"product_cat":[722],"product_tag":[],"giftcard-category":[],"class_list":{"0":"post-79842","1":"product","2":"type-product","3":"status-publish","4":"has-post-thumbnail","6":"pwb-brand-bioelements","7":"product_cat-toneriai","9":"first","10":"instock","11":"taxable","12":"shipping-taxable","13":"purchasable","14":"product-type-simple"},"acf":[],"brands":[{"id":1240,"name":"Bioelements","slug":"bioelements"}],"_links":{"self":[{"href":"https:\/\/skinstudio.ee\/lt\/wp-json\/wp\/v2\/product\/79842","targetHints":{"allow":["GET"]}}],"collection":[{"href":"https:\/\/skinstudio.ee\/lt\/wp-json\/wp\/v2\/product"}],"about":[{"href":"https:\/\/skinstudio.ee\/lt\/wp-json\/wp\/v2\/types\/product"}],"version-history":[{"count":1,"href":"https:\/\/skinstudio.ee\/lt\/wp-json\/wp\/v2\/product\/79842\/revisions"}],"predecessor-version":[{"id":79843,"href":"https:\/\/skinstudio.ee\/lt\/wp-json\/wp\/v2\/product\/79842\/revisions\/79843"}],"wp:featuredmedia":[{"embeddable":true,"href":"https:\/\/skinstudio.ee\/lt\/wp-json\/wp\/v2\/media\/67794"}],"wp:attachment":[{"href":"https:\/\/skinstudio.ee\/lt\/wp-json\/wp\/v2\/media?parent=79842"}],"wp:term":[{"taxonomy":"pwb-brand","embeddable":true,"href":"https:\/\/skinstudio.ee\/lt\/wp-json\/wp\/v2\/pwb-brand?post=79842"},{"taxonomy":"product_brand","embeddable":true,"href":"https:\/\/skinstudio.ee\/lt\/wp-json\/wp\/v2\/product_brand?post=79842"},{"taxonomy":"product_cat","embeddable":true,"href":"https:\/\/skinstudio.ee\/lt\/wp-json\/wp\/v2\/product_cat?post=79842"},{"taxonomy":"product_tag","embeddable":true,"href":"https:\/\/skinstudio.ee\/lt\/wp-json\/wp\/v2\/product_tag?post=79842"},{"taxonomy":"giftcard-category","embeddable":true,"href":"https:\/\/skinstudio.ee\/lt\/wp-json\/wp\/v2\/giftcard-category?post=79842"}],"curies":[{"name":"wp","href":"https:\/\/api.w.org\/{rel}","templated":true}]}}