{"id":79864,"date":"2025-08-07T11:16:49","date_gmt":"2025-08-07T11:16:49","guid":{"rendered":"https:\/\/skinstudio.ee\/?post_type=product&#038;p=79864"},"modified":"2026-04-03T09:47:38","modified_gmt":"2026-04-03T09:47:38","slug":"really-rich-moisture","status":"publish","type":"product","link":"https:\/\/skinstudio.ee\/lt\/catalog\/bioelements\/really-rich-moisture\/","title":{"rendered":"Really Rich Moisture"},"content":{"rendered":"<p data-start=\"3250\" data-end=\"3479\"><strong data-start=\"3250\" data-end=\"3290\">Really Rich Moisture nuo Bioelements<\/strong> &#8211; tai sodrus dr\u0117kinamasis kremas labai sausai odai, skirtas atkurti komfort\u0105 ir suma\u017einti sausum\u0105 po naudojimo. Tir\u0161tesn\u0117 tekst\u016bra padeda palaikyti odos dr\u0117gm\u0119 ir suma\u017einti tempimo poj\u016bt\u012f.<\/p>\n<p data-start=\"3481\" data-end=\"3710\">Formul\u0117 su alyvuogi\u0173, dygmin\u0173, simondsij\u0173 ir avokad\u0173 aliejais mink\u0161tina od\u0105 ir palaiko lygesn\u0119 i\u0161vaizd\u0105. Kremas tolygiai pasiskirsto, pad\u0117damas odai atrodyti labiau pri\u017ei\u016br\u0117tai ir jaustis komforti\u0161kai be sunkios pl\u0117vel\u0117s poj\u016b\u010dio.<\/p>\n<p data-start=\"3712\" data-end=\"3841\"><strong data-start=\"3712\" data-end=\"3747\">Kam tinka Really Rich Moisture:<\/strong> labai sausai, dehidratuotai ir jautriai odai, taip pat odai su ry\u0161kiu sausumu ir diskomfortu.<\/p>\n<p data-start=\"3843\" data-end=\"3859\"><strong data-start=\"3843\" data-end=\"3853\">T\u016bris:<\/strong> 74 ml<\/p>\n","protected":false},"excerpt":{"rendered":"<p data-start=\"3995\" data-end=\"4039\">Sodrus maitinamasis kremas labai sausai odai<\/p>\n<h2 data-start=\"4041\" data-end=\"4087\"><strong data-start=\"4041\" data-end=\"4087\">Bioelements &#8211; Really Rich Moisture Savyb\u0117s<\/strong><\/h2>\n<p data-start=\"4089\" data-end=\"4273\">\u2714\ufe0f Intensyviai mink\u0161tina saus\u0105 od\u0105<br data-start=\"4123\" data-end=\"4126\" \/>\u2714\ufe0f Ma\u017eina tempimo poj\u016bt\u012f<br data-start=\"4150\" data-end=\"4153\" \/>\u2714\ufe0f Gerina odos tekst\u016bros i\u0161vaizd\u0105<br data-start=\"4186\" data-end=\"4189\" \/>\u2714\ufe0f Palaiko odos komfort\u0105 ir mink\u0161tum\u0105<br data-start=\"4226\" data-end=\"4229\" \/>\u2714\ufe0f Tinka kasdieniam sausos odos naudojimui<\/p>\n","protected":false},"featured_media":67811,"template":"","meta":[],"pwb-brand":[1240],"product_brand":[],"product_cat":[738,746,740],"product_tag":[],"giftcard-category":[],"class_list":{"0":"post-79864","1":"product","2":"type-product","3":"status-publish","4":"has-post-thumbnail","6":"pwb-brand-bioelements","7":"product_cat-drekinimas","8":"product_cat-jautriai-odai","9":"product_cat-sausai-odai","11":"first","12":"instock","13":"taxable","14":"shipping-taxable","15":"purchasable","16":"product-type-simple"},"acf":[],"brands":[{"id":1240,"name":"Bioelements","slug":"bioelements"}],"_links":{"self":[{"href":"https:\/\/skinstudio.ee\/lt\/wp-json\/wp\/v2\/product\/79864","targetHints":{"allow":["GET"]}}],"collection":[{"href":"https:\/\/skinstudio.ee\/lt\/wp-json\/wp\/v2\/product"}],"about":[{"href":"https:\/\/skinstudio.ee\/lt\/wp-json\/wp\/v2\/types\/product"}],"version-history":[{"count":1,"href":"https:\/\/skinstudio.ee\/lt\/wp-json\/wp\/v2\/product\/79864\/revisions"}],"predecessor-version":[{"id":79865,"href":"https:\/\/skinstudio.ee\/lt\/wp-json\/wp\/v2\/product\/79864\/revisions\/79865"}],"wp:featuredmedia":[{"embeddable":true,"href":"https:\/\/skinstudio.ee\/lt\/wp-json\/wp\/v2\/media\/67811"}],"wp:attachment":[{"href":"https:\/\/skinstudio.ee\/lt\/wp-json\/wp\/v2\/media?parent=79864"}],"wp:term":[{"taxonomy":"pwb-brand","embeddable":true,"href":"https:\/\/skinstudio.ee\/lt\/wp-json\/wp\/v2\/pwb-brand?post=79864"},{"taxonomy":"product_brand","embeddable":true,"href":"https:\/\/skinstudio.ee\/lt\/wp-json\/wp\/v2\/product_brand?post=79864"},{"taxonomy":"product_cat","embeddable":true,"href":"https:\/\/skinstudio.ee\/lt\/wp-json\/wp\/v2\/product_cat?post=79864"},{"taxonomy":"product_tag","embeddable":true,"href":"https:\/\/skinstudio.ee\/lt\/wp-json\/wp\/v2\/product_tag?post=79864"},{"taxonomy":"giftcard-category","embeddable":true,"href":"https:\/\/skinstudio.ee\/lt\/wp-json\/wp\/v2\/giftcard-category?post=79864"}],"curies":[{"name":"wp","href":"https:\/\/api.w.org\/{rel}","templated":true}]}}