{"id":79886,"date":"2025-08-07T11:15:30","date_gmt":"2025-08-07T11:15:30","guid":{"rendered":"https:\/\/skinstudio.ee\/?post_type=product&#038;p=79886"},"modified":"2026-04-03T09:47:37","modified_gmt":"2026-04-03T09:47:37","slug":"barrier-fix-daily-hydrator","status":"publish","type":"product","link":"https:\/\/skinstudio.ee\/lt\/catalog\/bioelements\/barrier-fix-daily-hydrator\/","title":{"rendered":"Barrier Fix Daily Hydrator"},"content":{"rendered":"<p data-start=\"3454\" data-end=\"3754\"><strong data-start=\"3454\" data-end=\"3500\">Barrier Fix Daily Hydrator nuo Bioelements<\/strong> &#8211; tai dr\u0117kinamasis kremas jautriai odai, skirtas atkurti komfort\u0105 ir palaikyti apsaugin\u012f barjer\u0105. Formul\u0117 su hialurono r\u016bg\u0161timi, sidabrinio ausies grybo ekstraktu, keramidu ir augaliniais komponentais padeda palaikyti dr\u0117gm\u0119 ir suma\u017einti sausumo poj\u016bt\u012f.<\/p>\n<p data-start=\"3756\" data-end=\"3906\">Lengva tekst\u016bra tolygiai pasiskirsto, palikdama od\u0105 mink\u0161t\u0105 ir ramesn\u0117s i\u0161vaizdos. Tinka kasdieniam naudojimui ir padeda palaikyti subalansuot\u0105 b\u016bkl\u0119.<\/p>\n<p data-start=\"3908\" data-end=\"4059\"><strong data-start=\"3908\" data-end=\"3949\">Kam tinka Barrier Fix Daily Hydrator:<\/strong> jautriai, reaktyviai ir \u012f paraudim\u0105 linkusiai odai, taip pat odai su pa\u017eeistu barjeru ir diskomforto poj\u016b\u010diu.<\/p>\n<p data-start=\"4061\" data-end=\"4077\"><strong data-start=\"4061\" data-end=\"4071\">T\u016bris:<\/strong> 50 ml<\/p>\n","protected":false},"excerpt":{"rendered":"<p data-start=\"4213\" data-end=\"4288\">Dr\u0117kinamasis kremas jautriai odai<\/p>\n<h2 data-start=\"4290\" data-end=\"4342\"><strong data-start=\"4290\" data-end=\"4342\">Bioelements &#8211; Barrier Fix Daily Hydrator Savyb\u0117s<\/strong><\/h2>\n<p data-start=\"4344\" data-end=\"4518\">\u2714\ufe0f Dr\u0117kina ir mink\u0161tina jautri\u0105 od\u0105<br data-start=\"4379\" data-end=\"4382\" \/>\u2714\ufe0f Palaiko apsaugin\u012f odos barjer\u0105<br data-start=\"4415\" data-end=\"4418\" \/>\u2714\ufe0f Ma\u017eina paraudimo matomum\u0105<br data-start=\"4446\" data-end=\"4449\" \/>\u2714\ufe0f Padeda suma\u017einti sausumo poj\u016bt\u012f<br data-start=\"4483\" data-end=\"4486\" \/>\u2714\ufe0f Tinka kasdieniam naudojimui<\/p>\n","protected":false},"featured_media":67821,"template":"","meta":[],"pwb-brand":[1240],"product_brand":[],"product_cat":[738,746],"product_tag":[],"giftcard-category":[],"class_list":{"0":"post-79886","1":"product","2":"type-product","3":"status-publish","4":"has-post-thumbnail","6":"pwb-brand-bioelements","7":"product_cat-drekinimas","8":"product_cat-jautri-oda","10":"first","11":"instock","12":"taxable","13":"shipping-taxable","14":"purchasable","15":"product-type-simple"},"acf":[],"brands":[{"id":1240,"name":"Bioelements","slug":"bioelements"}],"_links":{"self":[{"href":"https:\/\/skinstudio.ee\/lt\/wp-json\/wp\/v2\/product\/79886","targetHints":{"allow":["GET"]}}],"collection":[{"href":"https:\/\/skinstudio.ee\/lt\/wp-json\/wp\/v2\/product"}],"about":[{"href":"https:\/\/skinstudio.ee\/lt\/wp-json\/wp\/v2\/types\/product"}],"version-history":[{"count":1,"href":"https:\/\/skinstudio.ee\/lt\/wp-json\/wp\/v2\/product\/79886\/revisions"}],"predecessor-version":[{"id":79887,"href":"https:\/\/skinstudio.ee\/lt\/wp-json\/wp\/v2\/product\/79886\/revisions\/79887"}],"wp:featuredmedia":[{"embeddable":true,"href":"https:\/\/skinstudio.ee\/lt\/wp-json\/wp\/v2\/media\/67821"}],"wp:attachment":[{"href":"https:\/\/skinstudio.ee\/lt\/wp-json\/wp\/v2\/media?parent=79886"}],"wp:term":[{"taxonomy":"pwb-brand","embeddable":true,"href":"https:\/\/skinstudio.ee\/lt\/wp-json\/wp\/v2\/pwb-brand?post=79886"},{"taxonomy":"product_brand","embeddable":true,"href":"https:\/\/skinstudio.ee\/lt\/wp-json\/wp\/v2\/product_brand?post=79886"},{"taxonomy":"product_cat","embeddable":true,"href":"https:\/\/skinstudio.ee\/lt\/wp-json\/wp\/v2\/product_cat?post=79886"},{"taxonomy":"product_tag","embeddable":true,"href":"https:\/\/skinstudio.ee\/lt\/wp-json\/wp\/v2\/product_tag?post=79886"},{"taxonomy":"giftcard-category","embeddable":true,"href":"https:\/\/skinstudio.ee\/lt\/wp-json\/wp\/v2\/giftcard-category?post=79886"}],"curies":[{"name":"wp","href":"https:\/\/api.w.org\/{rel}","templated":true}]}}