{"id":79894,"date":"2025-08-07T11:13:26","date_gmt":"2025-08-07T11:13:26","guid":{"rendered":"https:\/\/skinstudio.ee\/?post_type=product&#038;p=79894"},"modified":"2026-04-03T09:47:39","modified_gmt":"2026-04-03T09:47:39","slug":"remineralist-daily-moisture","status":"publish","type":"product","link":"https:\/\/skinstudio.ee\/lt\/catalog\/bioelements\/remineralist-daily-moisture\/","title":{"rendered":"Remineralist Daily Moisture"},"content":{"rendered":"<p data-start=\"3558\" data-end=\"3855\"><strong data-start=\"3558\" data-end=\"3605\">Remineralist Daily Moisture nuo Bioelements<\/strong> &#8211; tai lengvas dr\u0117kinamasis kremas, skirtas palaikyti komforti\u0161k\u0105 dr\u0117gm\u0117s lyg\u012f ir gaivesn\u0119 i\u0161vaizd\u0105 kasdien veikiant aplinkos veiksniams. Formul\u0117 sujungia mineralus, j\u016brinius komponentus ir augalinius aliejus, pad\u0117dama palaikyti balans\u0105 ir mink\u0161tum\u0105.<\/p>\n<p data-start=\"3857\" data-end=\"4066\">Malachito ekstraktas ir j\u016brin\u0117s kilm\u0117s ingredientai padeda i\u0161laikyti labiau pri\u017ei\u016br\u0117t\u0105 i\u0161vaizd\u0105, o lengva tekst\u016bra tolygiai pasiskirsto be sunkumo poj\u016b\u010dio. Kremas padeda palaikyti dr\u0117gm\u0119 ir tolygesn\u0119 i\u0161vaizd\u0105.<\/p>\n<p data-start=\"4068\" data-end=\"4230\"><strong data-start=\"4068\" data-end=\"4110\">Kam tinka Remineralist Daily Moisture:<\/strong> papilk\u0117jusiai, dehidratuotai ir pavargusiai odai, taip pat odai, veikiamai miesto aplinkos ir i\u0161orini\u0173 streso veiksni\u0173.<\/p>\n<p data-start=\"4232\" data-end=\"4248\"><strong data-start=\"4232\" data-end=\"4242\">T\u016bris:<\/strong> 50 ml<\/p>\n","protected":false},"excerpt":{"rendered":"<p data-start=\"4384\" data-end=\"4425\">Lengvas dr\u0117kinamasis kremas su mineralais<\/p>\n<h2 data-start=\"4427\" data-end=\"4480\"><strong data-start=\"4427\" data-end=\"4480\">Bioelements &#8211; Remineralist Daily Moisture Savyb\u0117s<\/strong><\/h2>\n<p data-start=\"4482\" data-end=\"4664\">\u2714\ufe0f Dr\u0117kina ir palaiko mink\u0161tum\u0105<br data-start=\"4513\" data-end=\"4516\" \/>\u2714\ufe0f Padeda suma\u017einti i\u0161orini\u0173 veiksni\u0173 poveik\u012f<br data-start=\"4561\" data-end=\"4564\" \/>\u2714\ufe0f Palaiko gaivesn\u0119 i\u0161vaizd\u0105<br data-start=\"4592\" data-end=\"4595\" \/>\u2714\ufe0f Gerina komforto poj\u016bt\u012f<br data-start=\"4620\" data-end=\"4623\" \/>\u2714\ufe0f Padeda i\u0161laikyti tolygesn\u012f odos ton\u0105<\/p>\n","protected":false},"featured_media":67826,"template":"","meta":[],"pwb-brand":[1240],"product_brand":[],"product_cat":[738],"product_tag":[],"giftcard-category":[],"class_list":{"0":"post-79894","1":"product","2":"type-product","3":"status-publish","4":"has-post-thumbnail","6":"pwb-brand-bioelements","7":"product_cat-drekinimas","9":"first","10":"instock","11":"taxable","12":"shipping-taxable","13":"purchasable","14":"product-type-simple"},"acf":[],"brands":[{"id":1240,"name":"Bioelements","slug":"bioelements"}],"_links":{"self":[{"href":"https:\/\/skinstudio.ee\/lt\/wp-json\/wp\/v2\/product\/79894","targetHints":{"allow":["GET"]}}],"collection":[{"href":"https:\/\/skinstudio.ee\/lt\/wp-json\/wp\/v2\/product"}],"about":[{"href":"https:\/\/skinstudio.ee\/lt\/wp-json\/wp\/v2\/types\/product"}],"version-history":[{"count":1,"href":"https:\/\/skinstudio.ee\/lt\/wp-json\/wp\/v2\/product\/79894\/revisions"}],"predecessor-version":[{"id":79895,"href":"https:\/\/skinstudio.ee\/lt\/wp-json\/wp\/v2\/product\/79894\/revisions\/79895"}],"wp:featuredmedia":[{"embeddable":true,"href":"https:\/\/skinstudio.ee\/lt\/wp-json\/wp\/v2\/media\/67826"}],"wp:attachment":[{"href":"https:\/\/skinstudio.ee\/lt\/wp-json\/wp\/v2\/media?parent=79894"}],"wp:term":[{"taxonomy":"pwb-brand","embeddable":true,"href":"https:\/\/skinstudio.ee\/lt\/wp-json\/wp\/v2\/pwb-brand?post=79894"},{"taxonomy":"product_brand","embeddable":true,"href":"https:\/\/skinstudio.ee\/lt\/wp-json\/wp\/v2\/product_brand?post=79894"},{"taxonomy":"product_cat","embeddable":true,"href":"https:\/\/skinstudio.ee\/lt\/wp-json\/wp\/v2\/product_cat?post=79894"},{"taxonomy":"product_tag","embeddable":true,"href":"https:\/\/skinstudio.ee\/lt\/wp-json\/wp\/v2\/product_tag?post=79894"},{"taxonomy":"giftcard-category","embeddable":true,"href":"https:\/\/skinstudio.ee\/lt\/wp-json\/wp\/v2\/giftcard-category?post=79894"}],"curies":[{"name":"wp","href":"https:\/\/api.w.org\/{rel}","templated":true}]}}