{"id":79901,"date":"2025-08-07T11:11:51","date_gmt":"2025-08-07T11:11:51","guid":{"rendered":"https:\/\/skinstudio.ee\/?post_type=product&#038;p=79901"},"modified":"2026-04-03T09:47:38","modified_gmt":"2026-04-03T09:47:38","slug":"oil-control-mattifier","status":"publish","type":"product","link":"https:\/\/skinstudio.ee\/lt\/catalog\/bioelements\/oil-control-mattifier\/","title":{"rendered":"Oil Control Mattifier"},"content":{"rendered":"<p data-start=\"3368\" data-end=\"3680\"><strong data-start=\"3368\" data-end=\"3409\">Oil Control Mattifier nuo Bioelements<\/strong> &#8211; tai lengvas matizuojantis kremas, skirtas kontroliuoti perteklin\u012f blizges\u012f ir palaikyti tolygesn\u0119 i\u0161vaizd\u0105 dienos metu. Formul\u0117 su kin\u0173 bij\u016bno, palmeto, sezamo ir \u010diobreli\u0173 ekstraktais padeda suma\u017einti matom\u0105 riebalavim\u0105si ir suteikia matin\u012f efekt\u0105 be sausumo poj\u016b\u010dio.<\/p>\n<p data-start=\"3682\" data-end=\"3841\">Lengva tekst\u016bra tolygiai pasiskirsto ir gali b\u016bti naudojama atskirai arba ant kit\u0173 prie\u017ei\u016bros priemoni\u0173 bei SPF. Tinka ir lokaliam naudojimui blizgesio zonose.<\/p>\n<p data-start=\"3843\" data-end=\"3958\"><strong data-start=\"3843\" data-end=\"3879\">Kam tinka Oil Control Mattifier:<\/strong> riebiai ir mi\u0161riai odai, taip pat esant ry\u0161kiam blizgesiui ir matomoms poroms.<\/p>\n<p data-start=\"3960\" data-end=\"3976\"><strong data-start=\"3960\" data-end=\"3970\">T\u016bris:<\/strong> 30 ml<\/p>\n","protected":false},"excerpt":{"rendered":"<p data-start=\"4163\" data-end=\"4191\">Lengvas matizuojantis kremas<\/p>\n<h2 data-start=\"4193\" data-end=\"4240\"><strong data-start=\"4193\" data-end=\"4240\">Bioelements &#8211; Oil Control Mattifier Savyb\u0117s<\/strong><\/h2>\n<p data-start=\"4242\" data-end=\"4422\">\u2714\ufe0f Matizuoja ir ma\u017eina blizges\u012f<br data-start=\"4273\" data-end=\"4276\" \/>\u2714\ufe0f Kontroliuoja perteklin\u012f sebum\u0105<br data-start=\"4309\" data-end=\"4312\" \/>\u2714\ufe0f Vizualiai ma\u017eina por\u0173 matomum\u0105<br data-start=\"4345\" data-end=\"4348\" \/>\u2714\ufe0f Palaiko tolygesn\u0119 i\u0161vaizd\u0105<br data-start=\"4377\" data-end=\"4380\" \/>\u2714\ufe0f Padeda prailginti makia\u017eo i\u0161silaikym\u0105<\/p>\n","protected":false},"featured_media":67831,"template":"","meta":[],"pwb-brand":[1240],"product_brand":[],"product_cat":[738,748],"product_tag":[],"giftcard-category":[],"class_list":{"0":"post-79901","1":"product","2":"type-product","3":"status-publish","4":"has-post-thumbnail","6":"pwb-brand-bioelements","7":"product_cat-drekinimas","8":"product_cat-taukainai-adai-lt","10":"first","11":"instock","12":"taxable","13":"shipping-taxable","14":"purchasable","15":"product-type-simple"},"acf":[],"brands":[{"id":1240,"name":"Bioelements","slug":"bioelements"}],"_links":{"self":[{"href":"https:\/\/skinstudio.ee\/lt\/wp-json\/wp\/v2\/product\/79901","targetHints":{"allow":["GET"]}}],"collection":[{"href":"https:\/\/skinstudio.ee\/lt\/wp-json\/wp\/v2\/product"}],"about":[{"href":"https:\/\/skinstudio.ee\/lt\/wp-json\/wp\/v2\/types\/product"}],"version-history":[{"count":1,"href":"https:\/\/skinstudio.ee\/lt\/wp-json\/wp\/v2\/product\/79901\/revisions"}],"predecessor-version":[{"id":79902,"href":"https:\/\/skinstudio.ee\/lt\/wp-json\/wp\/v2\/product\/79901\/revisions\/79902"}],"wp:featuredmedia":[{"embeddable":true,"href":"https:\/\/skinstudio.ee\/lt\/wp-json\/wp\/v2\/media\/67831"}],"wp:attachment":[{"href":"https:\/\/skinstudio.ee\/lt\/wp-json\/wp\/v2\/media?parent=79901"}],"wp:term":[{"taxonomy":"pwb-brand","embeddable":true,"href":"https:\/\/skinstudio.ee\/lt\/wp-json\/wp\/v2\/pwb-brand?post=79901"},{"taxonomy":"product_brand","embeddable":true,"href":"https:\/\/skinstudio.ee\/lt\/wp-json\/wp\/v2\/product_brand?post=79901"},{"taxonomy":"product_cat","embeddable":true,"href":"https:\/\/skinstudio.ee\/lt\/wp-json\/wp\/v2\/product_cat?post=79901"},{"taxonomy":"product_tag","embeddable":true,"href":"https:\/\/skinstudio.ee\/lt\/wp-json\/wp\/v2\/product_tag?post=79901"},{"taxonomy":"giftcard-category","embeddable":true,"href":"https:\/\/skinstudio.ee\/lt\/wp-json\/wp\/v2\/giftcard-category?post=79901"}],"curies":[{"name":"wp","href":"https:\/\/api.w.org\/{rel}","templated":true}]}}