{"id":79915,"date":"2025-08-07T11:10:23","date_gmt":"2025-08-07T11:10:23","guid":{"rendered":"https:\/\/skinstudio.ee\/?post_type=product&#038;p=79915"},"modified":"2026-04-03T09:47:38","modified_gmt":"2026-04-03T09:47:38","slug":"quick-refiner-for-eyes","status":"publish","type":"product","link":"https:\/\/skinstudio.ee\/lt\/catalog\/bioelements\/quick-refiner-for-eyes\/","title":{"rendered":"Quick Refiner for Eyes"},"content":{"rendered":"<p data-start=\"3179\" data-end=\"3436\"><strong data-start=\"3179\" data-end=\"3221\">Quick Refiner for Eyes nuo Bioelements<\/strong> &#8211; tai \u0161velnus atnaujinantis pilingas aki\u0173 zonai, skirtas palaikyti lygesn\u0119 tekst\u016br\u0105 ir gaivesn\u0119 i\u0161vaizd\u0105. Formul\u0117 su fermentais ir AHA r\u016bg\u0161timis padeda \u0161velniai eksfolijuoti pavir\u0161i\u0173, i\u0161laikant komfort\u0105 ir balans\u0105.<\/p>\n<p data-start=\"3438\" data-end=\"3628\">Lengva gelin\u0117 tekst\u016bra skatina \u0161veln\u0173 atsinaujinim\u0105 be sunkumo poj\u016b\u010dio, o augalin\u0117s kilm\u0117s ingredientai padeda palaikyti dr\u0117gm\u0119 ir komfort\u0105. Sukurtas \u0161velniai jautrios aki\u0173 zonos prie\u017ei\u016brai.<\/p>\n<p data-start=\"3630\" data-end=\"3745\"><strong data-start=\"3630\" data-end=\"3667\">Kam tinka Quick Refiner for Eyes:<\/strong> aki\u0173 zonai su nuovargio po\u017eymiais, nelygia tekst\u016bra ar papilk\u0117jusia i\u0161vaizda.<\/p>\n<p data-start=\"3747\" data-end=\"3763\"><strong data-start=\"3747\" data-end=\"3757\">T\u016bris:<\/strong> 15 ml<\/p>\n","protected":false},"excerpt":{"rendered":"<p data-start=\"3924\" data-end=\"3965\">\u0160velnus atnaujinantis pilingas aki\u0173 zonai<\/p>\n<h2 data-start=\"3967\" data-end=\"4015\"><strong data-start=\"3967\" data-end=\"4015\">Bioelements &#8211; Quick Refiner for Eyes Savyb\u0117s<\/strong><\/h2>\n<p data-start=\"4017\" data-end=\"4184\">\u2714\ufe0f \u0160velniai eksfolijuoja pavir\u0161i\u0173<br data-start=\"4050\" data-end=\"4053\" \/>\u2714\ufe0f Palaiko lygesn\u0119 i\u0161vaizd\u0105<br data-start=\"4080\" data-end=\"4083\" \/>\u2714\ufe0f Gaivina aki\u0173 zonos i\u0161vaizd\u0105<br data-start=\"4113\" data-end=\"4116\" \/>\u2714\ufe0f Skatina tolygesn\u012f ton\u0105<br data-start=\"4141\" data-end=\"4144\" \/>\u2714\ufe0f Padeda i\u0161laikyti komfort\u0105 ir dr\u0117gm\u0119<\/p>\n","protected":false},"featured_media":67842,"template":"","meta":[],"pwb-brand":[1240],"product_brand":[],"product_cat":[734,720],"product_tag":[],"giftcard-category":[],"class_list":{"0":"post-79915","1":"product","2":"type-product","3":"status-publish","4":"has-post-thumbnail","6":"pwb-brand-bioelements","7":"product_cat-oda-aplink-akis","8":"product_cat-sveitikliai-ir-pilingai","10":"first","11":"instock","12":"sale","13":"taxable","14":"shipping-taxable","15":"purchasable","16":"product-type-simple"},"acf":[],"brands":[{"id":1240,"name":"Bioelements","slug":"bioelements"}],"_links":{"self":[{"href":"https:\/\/skinstudio.ee\/lt\/wp-json\/wp\/v2\/product\/79915","targetHints":{"allow":["GET"]}}],"collection":[{"href":"https:\/\/skinstudio.ee\/lt\/wp-json\/wp\/v2\/product"}],"about":[{"href":"https:\/\/skinstudio.ee\/lt\/wp-json\/wp\/v2\/types\/product"}],"version-history":[{"count":1,"href":"https:\/\/skinstudio.ee\/lt\/wp-json\/wp\/v2\/product\/79915\/revisions"}],"predecessor-version":[{"id":79916,"href":"https:\/\/skinstudio.ee\/lt\/wp-json\/wp\/v2\/product\/79915\/revisions\/79916"}],"wp:featuredmedia":[{"embeddable":true,"href":"https:\/\/skinstudio.ee\/lt\/wp-json\/wp\/v2\/media\/67842"}],"wp:attachment":[{"href":"https:\/\/skinstudio.ee\/lt\/wp-json\/wp\/v2\/media?parent=79915"}],"wp:term":[{"taxonomy":"pwb-brand","embeddable":true,"href":"https:\/\/skinstudio.ee\/lt\/wp-json\/wp\/v2\/pwb-brand?post=79915"},{"taxonomy":"product_brand","embeddable":true,"href":"https:\/\/skinstudio.ee\/lt\/wp-json\/wp\/v2\/product_brand?post=79915"},{"taxonomy":"product_cat","embeddable":true,"href":"https:\/\/skinstudio.ee\/lt\/wp-json\/wp\/v2\/product_cat?post=79915"},{"taxonomy":"product_tag","embeddable":true,"href":"https:\/\/skinstudio.ee\/lt\/wp-json\/wp\/v2\/product_tag?post=79915"},{"taxonomy":"giftcard-category","embeddable":true,"href":"https:\/\/skinstudio.ee\/lt\/wp-json\/wp\/v2\/giftcard-category?post=79915"}],"curies":[{"name":"wp","href":"https:\/\/api.w.org\/{rel}","templated":true}]}}