{"id":79922,"date":"2025-08-07T11:09:55","date_gmt":"2025-08-07T11:09:55","guid":{"rendered":"https:\/\/skinstudio.ee\/?post_type=product&#038;p=79922"},"modified":"2026-04-03T09:47:39","modified_gmt":"2026-04-03T09:47:39","slug":"sleepwear-for-eyes","status":"publish","type":"product","link":"https:\/\/skinstudio.ee\/lt\/catalog\/bioelements\/sleepwear-for-eyes\/","title":{"rendered":"Sleepwear For Eyes"},"content":{"rendered":"<p data-start=\"2863\" data-end=\"3155\"><strong data-start=\"2863\" data-end=\"2901\">Sleepwear for Eyes nuo Bioelements<\/strong> &#8211; tai naktinis kremas aki\u0173 zonai, skirtas palaikyti dr\u0117gm\u0119 ir lygesn\u0119 i\u0161vaizd\u0105 miego metu. Formul\u0117 su kalciu, peptidais, hialurono r\u016bg\u0161timi ir spanguoli\u0173 s\u0117kl\u0173 aliejumi padeda i\u0161laikyti komfort\u0105 ir mink\u0161tum\u0105, palaikydama labiau pri\u017ei\u016br\u0117t\u0105 i\u0161vaizd\u0105 ryte.<\/p>\n<p data-start=\"3157\" data-end=\"3313\">Maitinamoji tekst\u016bra \u0161velniai pasiskirsto, padeda suma\u017einti sausumo poj\u016bt\u012f ir palaikyti tolygesn\u0119 jautrios aki\u0173 zonos i\u0161vaizd\u0105. Skirta vakarinei prie\u017ei\u016brai.<\/p>\n<p data-start=\"3315\" data-end=\"3412\"><strong data-start=\"3315\" data-end=\"3348\">Kam tinka Sleepwear for Eyes:<\/strong> aki\u0173 zonai su nuovargio po\u017eymiais, sausumu ir nelygia tekst\u016bra.<\/p>\n<p data-start=\"3414\" data-end=\"3430\"><strong data-start=\"3414\" data-end=\"3424\">T\u016bris:<\/strong> 15 ml<\/p>\n","protected":false},"excerpt":{"rendered":"<p data-start=\"3507\" data-end=\"3533\">Naktinis kremas aki\u0173 zonai<\/p>\n<h2 data-start=\"3535\" data-end=\"3579\"><strong data-start=\"3535\" data-end=\"3579\">Bioelements &#8211; Sleepwear for Eyes Savyb\u0117s<\/strong><\/h2>\n<p data-start=\"3581\" data-end=\"3771\">\u2714\ufe0f Dr\u0117kina ir mink\u0161tina aki\u0173 zon\u0105<br data-start=\"3614\" data-end=\"3617\" \/>\u2714\ufe0f Palaiko lygesn\u0119 i\u0161vaizd\u0105<br data-start=\"3644\" data-end=\"3647\" \/>\u2714\ufe0f Vizualiai ma\u017eina smulki\u0173 linij\u0173 matomum\u0105<br data-start=\"3690\" data-end=\"3693\" \/>\u2714\ufe0f Padeda suma\u017einti sausumo poj\u016bt\u012f<br data-start=\"3727\" data-end=\"3730\" \/>\u2714\ufe0f Palaiko stangresn\u0117s i\u0161vaizdos efekt\u0105<\/p>\n","protected":false},"featured_media":68089,"template":"","meta":[],"pwb-brand":[1240],"product_brand":[],"product_cat":[734,750],"product_tag":[],"giftcard-category":[],"class_list":{"0":"post-79922","1":"product","2":"type-product","3":"status-publish","4":"has-post-thumbnail","6":"pwb-brand-bioelements","7":"product_cat-oda-aplink-akis","8":"product_cat-senstanti-oda","10":"first","11":"instock","12":"taxable","13":"shipping-taxable","14":"purchasable","15":"product-type-simple"},"acf":[],"brands":[{"id":1240,"name":"Bioelements","slug":"bioelements"}],"_links":{"self":[{"href":"https:\/\/skinstudio.ee\/lt\/wp-json\/wp\/v2\/product\/79922","targetHints":{"allow":["GET"]}}],"collection":[{"href":"https:\/\/skinstudio.ee\/lt\/wp-json\/wp\/v2\/product"}],"about":[{"href":"https:\/\/skinstudio.ee\/lt\/wp-json\/wp\/v2\/types\/product"}],"version-history":[{"count":1,"href":"https:\/\/skinstudio.ee\/lt\/wp-json\/wp\/v2\/product\/79922\/revisions"}],"predecessor-version":[{"id":79923,"href":"https:\/\/skinstudio.ee\/lt\/wp-json\/wp\/v2\/product\/79922\/revisions\/79923"}],"wp:featuredmedia":[{"embeddable":true,"href":"https:\/\/skinstudio.ee\/lt\/wp-json\/wp\/v2\/media\/68089"}],"wp:attachment":[{"href":"https:\/\/skinstudio.ee\/lt\/wp-json\/wp\/v2\/media?parent=79922"}],"wp:term":[{"taxonomy":"pwb-brand","embeddable":true,"href":"https:\/\/skinstudio.ee\/lt\/wp-json\/wp\/v2\/pwb-brand?post=79922"},{"taxonomy":"product_brand","embeddable":true,"href":"https:\/\/skinstudio.ee\/lt\/wp-json\/wp\/v2\/product_brand?post=79922"},{"taxonomy":"product_cat","embeddable":true,"href":"https:\/\/skinstudio.ee\/lt\/wp-json\/wp\/v2\/product_cat?post=79922"},{"taxonomy":"product_tag","embeddable":true,"href":"https:\/\/skinstudio.ee\/lt\/wp-json\/wp\/v2\/product_tag?post=79922"},{"taxonomy":"giftcard-category","embeddable":true,"href":"https:\/\/skinstudio.ee\/lt\/wp-json\/wp\/v2\/giftcard-category?post=79922"}],"curies":[{"name":"wp","href":"https:\/\/api.w.org\/{rel}","templated":true}]}}