{"id":80108,"date":"2026-02-12T09:06:21","date_gmt":"2026-02-12T09:06:21","guid":{"rendered":"https:\/\/skinstudio.ee\/?post_type=product&#038;p=80108"},"modified":"2026-02-12T09:12:03","modified_gmt":"2026-02-12T09:12:03","slug":"hyalogy-enzo-powder","status":"publish","type":"product","link":"https:\/\/skinstudio.ee\/lt\/catalog\/forlled\/hyalogy-enzo-powder\/","title":{"rendered":"Hyalogy Enzo Powder"},"content":{"rendered":"<p data-start=\"5729\" data-end=\"6085\"><strong data-start=\"5729\" data-end=\"5764\">Hyalogy Enzo Powder nuo Forlled<\/strong> yra i\u0161manus dvigubo poveikio fermentinis valomasis miltelinis produktas, skirtas \u0161velniam odos atnaujinimui nepa\u017eeid\u017eiant jos vientisumo. Formul\u0117 sujungia proteolitinius fermentus ir japoni\u0161k\u0173 botanikos ekstrakt\u0173 kompleks\u0105, u\u017etikrinant\u012f \u0161veln\u0173 eksfoliavim\u0105, kolageno strukt\u016br\u0173 apsaug\u0105 ir odos lipidinio barjero atk\u016brim\u0105.<\/p>\n<p data-start=\"6087\" data-end=\"6339\">Ferment\u0173 sistema veikia sinergi\u0161kai su nat\u016braliais odos biologiniais procesais, pad\u0117dama pa\u0161alinti negyvas l\u0105steles be mikro-pa\u017eeidim\u0173 ir nepa\u017eeid\u017eiant fiziologin\u0117s pH pusiausvyros. Priemon\u0117 valo poras, ma\u017eina komedon\u0173 matomum\u0105 ir lygina odos tekst\u016br\u0105.<\/p>\n<p data-start=\"6341\" data-end=\"6556\">Hyalogy Enzo Powder taip pat apsaugo od\u0105 eksfoliacijos metu, u\u017ekertant keli\u0105 kolageno degradacijai ir palaikant atsinaujinimo procesus be sudirginimo. Reguliariai naudojant oda tampa lygesn\u0117, \u0161varesn\u0117 ir skaistesn\u0117.<\/p>\n<p data-start=\"6558\" data-end=\"6716\"><strong data-start=\"6558\" data-end=\"6607\">Kam tinka \u0161is valomasis miltelinis produktas:<\/strong> vis\u0173 tip\u0173 odai, ypa\u010d riebiai ir mi\u0161riai odai su i\u0161sipl\u0117tusiomis poromis ir linkusiai \u012f komedon\u0173 formavim\u0105si.<\/p>\n<p data-start=\"6718\" data-end=\"6733\"><strong data-start=\"6718\" data-end=\"6733\">T\u016bris: 30 g<\/strong><\/p>\n","protected":false},"excerpt":{"rendered":"<p data-start=\"7056\" data-end=\"7098\">Fermentinis valomasis miltelinis produktas<\/p>\n<h2 data-start=\"7100\" data-end=\"7141\"><strong data-start=\"7100\" data-end=\"7141\">Forlled &#8211; Hyalogy Enzo Powder Savyb\u0117s<\/strong><\/h2>\n<p data-start=\"7143\" data-end=\"7347\">\u2714\ufe0f Giliai valo poras ir pa\u0161alina ne\u0161varumus<br data-start=\"7186\" data-end=\"7189\" \/>\u2714\ufe0f Lygina odos tekst\u016br\u0105<br data-start=\"7212\" data-end=\"7215\" \/>\u2714\ufe0f Suteikia skaistesn\u012f ir \u0161varesn\u012f vaizd\u0105<br data-start=\"7256\" data-end=\"7259\" \/>\u2714\ufe0f Saugo kolageno strukt\u016bras eksfoliacijos metu<br data-start=\"7306\" data-end=\"7309\" \/>\u2714\ufe0f Palieka od\u0105 \u0161vari\u0105, lygi\u0105 ir gaivi\u0105<\/p>\n","protected":false},"featured_media":80099,"template":"","meta":[],"pwb-brand":[777],"product_brand":[],"product_cat":[720,748],"product_tag":[],"giftcard-category":[],"class_list":{"0":"post-80108","1":"product","2":"type-product","3":"status-publish","4":"has-post-thumbnail","6":"pwb-brand-forlled","7":"product_cat-sveitikliai-ir-pilingai","8":"product_cat-taukainai-adai-lt","10":"first","11":"instock","12":"taxable","13":"shipping-taxable","14":"purchasable","15":"product-type-simple"},"acf":[],"brands":[{"id":777,"name":"Forlled","slug":"forlled"}],"_links":{"self":[{"href":"https:\/\/skinstudio.ee\/lt\/wp-json\/wp\/v2\/product\/80108","targetHints":{"allow":["GET"]}}],"collection":[{"href":"https:\/\/skinstudio.ee\/lt\/wp-json\/wp\/v2\/product"}],"about":[{"href":"https:\/\/skinstudio.ee\/lt\/wp-json\/wp\/v2\/types\/product"}],"version-history":[{"count":1,"href":"https:\/\/skinstudio.ee\/lt\/wp-json\/wp\/v2\/product\/80108\/revisions"}],"predecessor-version":[{"id":80109,"href":"https:\/\/skinstudio.ee\/lt\/wp-json\/wp\/v2\/product\/80108\/revisions\/80109"}],"wp:featuredmedia":[{"embeddable":true,"href":"https:\/\/skinstudio.ee\/lt\/wp-json\/wp\/v2\/media\/80099"}],"wp:attachment":[{"href":"https:\/\/skinstudio.ee\/lt\/wp-json\/wp\/v2\/media?parent=80108"}],"wp:term":[{"taxonomy":"pwb-brand","embeddable":true,"href":"https:\/\/skinstudio.ee\/lt\/wp-json\/wp\/v2\/pwb-brand?post=80108"},{"taxonomy":"product_brand","embeddable":true,"href":"https:\/\/skinstudio.ee\/lt\/wp-json\/wp\/v2\/product_brand?post=80108"},{"taxonomy":"product_cat","embeddable":true,"href":"https:\/\/skinstudio.ee\/lt\/wp-json\/wp\/v2\/product_cat?post=80108"},{"taxonomy":"product_tag","embeddable":true,"href":"https:\/\/skinstudio.ee\/lt\/wp-json\/wp\/v2\/product_tag?post=80108"},{"taxonomy":"giftcard-category","embeddable":true,"href":"https:\/\/skinstudio.ee\/lt\/wp-json\/wp\/v2\/giftcard-category?post=80108"}],"curies":[{"name":"wp","href":"https:\/\/api.w.org\/{rel}","templated":true}]}}