{"id":80235,"date":"2026-02-12T10:01:20","date_gmt":"2026-02-12T10:01:20","guid":{"rendered":"https:\/\/skinstudio.ee\/?post_type=product&#038;p=80235"},"modified":"2026-02-12T10:10:43","modified_gmt":"2026-02-12T10:10:43","slug":"vcr-24-hour-cream","status":"publish","type":"product","link":"https:\/\/skinstudio.ee\/lt\/catalog\/ph-formula\/vcr-24-hour-cream\/","title":{"rendered":"VCR 24 Hour Cream"},"content":{"rendered":"<p data-start=\"3650\" data-end=\"3965\"><strong data-start=\"3650\" data-end=\"3685\">VCR 24 Hour Cream nuo pHformula<\/strong> yra inovatyvus ilgalaikio poveikio dr\u0117kinamasis kremas, sukurtas odos dr\u0117gm\u0117s balansui atkurti ir apsaugin\u0117ms funkcijoms sustiprinti. Priemon\u0117 suderina sodri\u0105 tekst\u016br\u0105 su klini\u0161kai orientuotu po\u017ei\u016briu \u012f odos prie\u017ei\u016br\u0105, u\u017etikrina komforti\u0161k\u0105 dr\u0117kinim\u0105 ir gerina bendr\u0105 odos b\u016bkl\u0119.<\/p>\n<p data-start=\"3967\" data-end=\"4236\">Kremas padeda suma\u017einti sausumo poj\u016bt\u012f, didina odos \u0161velnum\u0105 ir prisideda prie tolygesn\u0117s bei gaivesn\u0117s i\u0161vaizdos. Reguliariai naudojant oda tampa lygesn\u0117, labiau \u0161vytinti ir vizualiai subalansuota, palaikant nat\u016bralias jos funkcijas ir atsparum\u0105 i\u0161oriniams veiksniams.<\/p>\n<p data-start=\"4238\" data-end=\"4284\"><strong data-start=\"4238\" data-end=\"4284\">Pagrindini\u0173 veikli\u0173j\u0173 komponent\u0173 poveikis:<\/strong><\/p>\n<p data-start=\"4286\" data-end=\"4406\"><strong data-start=\"4286\" data-end=\"4317\">Ascorbyl Tetraisopalmitate:<\/strong> stabili vitamino C forma, kuri didina odos \u0161vyt\u0117jim\u0105 ir suteikia antioksidacin\u0119 apsaug\u0105.<\/p>\n<p data-start=\"4408\" data-end=\"4517\"><strong data-start=\"4408\" data-end=\"4433\">D-Booster kompleksas:<\/strong> padeda ma\u017einti transepidermin\u012f vandens netekim\u0105 ir stiprina odos barjero funkcijas.<\/p>\n<p data-start=\"4519\" data-end=\"4623\"><strong data-start=\"4519\" data-end=\"4548\">Triple Biotic kompleksas:<\/strong> palaiko mikrobiomo balans\u0105, gerina odos b\u016bkl\u0119 ir skatina odos atsistatym\u0105.<\/p>\n<p data-start=\"4625\" data-end=\"4771\"><strong data-start=\"4625\" data-end=\"4657\">Kam tinka VCR 24 Hour Cream:<\/strong> vis\u0173 tip\u0173 odai, ypa\u010d sausai ir dehidratuotai odai, kuriai reikalingas ilgalaikis dr\u0117kinimas ir barjero atk\u016brimas.<\/p>\n<p data-start=\"4773\" data-end=\"4789\"><strong data-start=\"4773\" data-end=\"4789\">T\u016bris: 50 ml<\/strong><\/p>\n","protected":false},"excerpt":{"rendered":"<p data-start=\"5168\" data-end=\"5232\"><strong><span style=\"color: #ff0000;\">pHFormula produkt\u0173 pristatymas galimas tik Estijos teritorijoje.<\/span><\/strong><\/p>\n<p data-start=\"5234\" data-end=\"5434\"><span style=\"color: #ff0000;\">NB! Produkt\u0105 galima \u012fsigyti tik po konsultacijos su specialistu. Skambinkite mums +372 58 500 171 arba si\u0173skite u\u017eklaus\u0105 el. pa\u0161tu <a class=\"decorated-link cursor-pointer\" style=\"color: #ff0000;\" href=\"mailto:info@skinstudio.ee\" rel=\"noopener\" data-start=\"5365\" data-end=\"5383\">info@skinstudio.ee<\/a>. M\u016bs\u0173 konsultantai pad\u0117s \u012fsigyti \u0161\u012f prek\u0117s \u017eenkl\u0105.<\/span><\/p>\n<p data-start=\"5436\" data-end=\"5486\">Intensyviai dr\u0117kinantis veido kremas su vitaminu C<\/p>\n<h2 data-start=\"5488\" data-end=\"5530\"><strong data-start=\"5488\" data-end=\"5530\">PH FORMULA &#8211; VCR 24 HOUR CREAM Savyb\u0117s<\/strong><\/h2>\n<p data-start=\"5532\" data-end=\"5775\">\u2714\ufe0f U\u017etikrina ilgalaik\u012f 24 valand\u0173 dr\u0117kinim\u0105<br data-start=\"5575\" data-end=\"5578\" \/>\u2714\ufe0f Stiprina odos apsaugin\u012f barjer\u0105 ir ma\u017eina dr\u0117gm\u0117s praradim\u0105<br data-start=\"5640\" data-end=\"5643\" \/>\u2714\ufe0f Suvienodina odos ton\u0105 ir suteikia nat\u016bralaus \u0161vyt\u0117jimo<br data-start=\"5700\" data-end=\"5703\" \/>\u2714\ufe0f Palaiko mikrobiomo balans\u0105<br data-start=\"5732\" data-end=\"5735\" \/>\u2714\ufe0f Gerina odos lygum\u0105 ir bendr\u0105 i\u0161vaizd\u0105<\/p>\n","protected":false},"featured_media":80226,"template":"","meta":[],"pwb-brand":[779],"product_brand":[],"product_cat":[738,654,740,750,730],"product_tag":[],"giftcard-category":[],"class_list":{"0":"post-80235","1":"product","2":"type-product","3":"status-publish","4":"has-post-thumbnail","6":"pwb-brand-ph-formula","7":"product_cat-drekinimas","8":"product_cat-ph-formula-lt","9":"product_cat-sausai-odai","10":"product_cat-senstanti-oda","11":"product_cat-vitaminas-c","13":"first","14":"instock","15":"sale","16":"taxable","17":"shipping-taxable","18":"purchasable","19":"product-type-simple"},"acf":[],"brands":[{"id":779,"name":"pH Formula","slug":"ph-formula"}],"_links":{"self":[{"href":"https:\/\/skinstudio.ee\/lt\/wp-json\/wp\/v2\/product\/80235","targetHints":{"allow":["GET"]}}],"collection":[{"href":"https:\/\/skinstudio.ee\/lt\/wp-json\/wp\/v2\/product"}],"about":[{"href":"https:\/\/skinstudio.ee\/lt\/wp-json\/wp\/v2\/types\/product"}],"version-history":[{"count":1,"href":"https:\/\/skinstudio.ee\/lt\/wp-json\/wp\/v2\/product\/80235\/revisions"}],"predecessor-version":[{"id":80236,"href":"https:\/\/skinstudio.ee\/lt\/wp-json\/wp\/v2\/product\/80235\/revisions\/80236"}],"wp:featuredmedia":[{"embeddable":true,"href":"https:\/\/skinstudio.ee\/lt\/wp-json\/wp\/v2\/media\/80226"}],"wp:attachment":[{"href":"https:\/\/skinstudio.ee\/lt\/wp-json\/wp\/v2\/media?parent=80235"}],"wp:term":[{"taxonomy":"pwb-brand","embeddable":true,"href":"https:\/\/skinstudio.ee\/lt\/wp-json\/wp\/v2\/pwb-brand?post=80235"},{"taxonomy":"product_brand","embeddable":true,"href":"https:\/\/skinstudio.ee\/lt\/wp-json\/wp\/v2\/product_brand?post=80235"},{"taxonomy":"product_cat","embeddable":true,"href":"https:\/\/skinstudio.ee\/lt\/wp-json\/wp\/v2\/product_cat?post=80235"},{"taxonomy":"product_tag","embeddable":true,"href":"https:\/\/skinstudio.ee\/lt\/wp-json\/wp\/v2\/product_tag?post=80235"},{"taxonomy":"giftcard-category","embeddable":true,"href":"https:\/\/skinstudio.ee\/lt\/wp-json\/wp\/v2\/giftcard-category?post=80235"}],"curies":[{"name":"wp","href":"https:\/\/api.w.org\/{rel}","templated":true}]}}