{"id":80259,"date":"2025-08-07T11:09:19","date_gmt":"2025-08-07T11:09:19","guid":{"rendered":"https:\/\/skinstudio.ee\/?post_type=product&#038;p=80259"},"modified":"2026-04-03T09:47:37","modified_gmt":"2026-04-03T09:47:37","slug":"daily-meds-serum","status":"publish","type":"product","link":"https:\/\/skinstudio.ee\/lt\/catalog\/bioelements\/daily-meds-serum\/","title":{"rendered":"Daily Meds Serum"},"content":{"rendered":"<p data-start=\"5108\" data-end=\"5430\"><strong data-start=\"5108\" data-end=\"5144\">Daily Meds Serum nuo Bioelements<\/strong> &#8211; tai daugiafunkcinis kasdien\u0117s prie\u017ei\u016bros serumas, skirtas palaikyti \u0161varesni\u0173 por\u0173 i\u0161vaizd\u0105, lygesn\u0119 tekst\u016br\u0105 ir ma\u017eesn\u012f netobulum\u0173 matomum\u0105. Formul\u0117 sujungia 2% salicilo r\u016bg\u0161t\u012f, AHA ir PHA r\u016bg\u0161tis bei niacinamid\u0105, u\u017etikrindama subalansuot\u0105 pavir\u0161iaus atnaujinim\u0105 be sunkumo poj\u016b\u010dio.<\/p>\n<p data-start=\"5432\" data-end=\"5790\">Aktyviosios med\u017eiagos palaiko \u0161veln\u0173 eksfolijavim\u0105 ir lygesn\u0119 i\u0161vaizd\u0105, pad\u0117damos suma\u017einti perteklinio sebumo kaupim\u0105si ir i\u0161laikyti gaiv\u0173 poj\u016bt\u012f. Salicilo r\u016bg\u0161tis padeda palaikyti \u0161varesn\u0119 pavir\u0161iaus i\u0161vaizd\u0105 ir por\u0173 vaizd\u0105, o r\u016bg\u0161\u010di\u0173 kompleksas palaiko tolygesn\u012f ton\u0105 ir pagerint\u0105 tekst\u016br\u0105. Niacinamidas padeda i\u0161laikyti subalansuot\u0105 i\u0161vaizd\u0105 ir komfort\u0105.<\/p>\n<p data-start=\"5792\" data-end=\"6027\">Pagal vartotoj\u0173 vertinimo tyrim\u0105 (7-14 dien\u0173) 89% vartotoj\u0173 pasteb\u0117jo netobulum\u0173 matomumo suma\u017e\u0117jim\u0105, 87% &#8211; vizualiai \u0161varesn\u0119 od\u0105 ir ma\u017eiau matomas poras, o 100% \u012fvertino produkt\u0105 kaip tinkam\u0105 naudoti po makia\u017eu d\u0117l greito \u012fsig\u0117rimo.*<\/p>\n<p data-start=\"6029\" data-end=\"6136\"><strong data-start=\"6029\" data-end=\"6060\">Kam tinka Daily Meds Serum:<\/strong> odai su netobulumais, blizgesiu, nelygia tekst\u016bra ir papilk\u0117jusia i\u0161vaizda.<\/p>\n<p data-start=\"6138\" data-end=\"6154\"><strong data-start=\"6138\" data-end=\"6148\">T\u016bris:<\/strong> 30 ml<\/p>\n","protected":false},"excerpt":{"rendered":"<p data-start=\"6260\" data-end=\"6297\">Daugiafunkcinis atnaujinantis serumas<\/p>\n<h2 data-start=\"6299\" data-end=\"6341\"><strong data-start=\"6299\" data-end=\"6341\">Bioelements &#8211; Daily Meds Serum Savyb\u0117s<\/strong><\/h2>\n<p data-start=\"6343\" data-end=\"6515\">\u2714\ufe0f Palaiko \u0161varesni\u0173 por\u0173 i\u0161vaizd\u0105<br data-start=\"6377\" data-end=\"6380\" \/>\u2714\ufe0f Ma\u017eina matom\u0105 blizges\u012f<br data-start=\"6405\" data-end=\"6408\" \/>\u2714\ufe0f Skatina lygesn\u0119 i\u0161vaizd\u0105<br data-start=\"6435\" data-end=\"6438\" \/>\u2714\ufe0f Palaiko tolygesn\u012f ton\u0105<br data-start=\"6463\" data-end=\"6466\" \/>\u2714\ufe0f Padeda i\u0161laikyti komfort\u0105 be sausumo poj\u016b\u010dio<\/p>\n","protected":false},"featured_media":67847,"template":"","meta":[],"pwb-brand":[1240],"product_brand":[],"product_cat":[742,724,748],"product_tag":[],"giftcard-category":[],"class_list":{"0":"post-80259","1":"product","2":"type-product","3":"status-publish","4":"has-post-thumbnail","6":"pwb-brand-bioelements","7":"product_cat-berimai","8":"product_cat-serumai","9":"product_cat-taukainai-adai-lt","11":"first","12":"instock","13":"taxable","14":"shipping-taxable","15":"purchasable","16":"product-type-simple"},"acf":[],"brands":[{"id":1240,"name":"Bioelements","slug":"bioelements"}],"_links":{"self":[{"href":"https:\/\/skinstudio.ee\/lt\/wp-json\/wp\/v2\/product\/80259","targetHints":{"allow":["GET"]}}],"collection":[{"href":"https:\/\/skinstudio.ee\/lt\/wp-json\/wp\/v2\/product"}],"about":[{"href":"https:\/\/skinstudio.ee\/lt\/wp-json\/wp\/v2\/types\/product"}],"version-history":[{"count":1,"href":"https:\/\/skinstudio.ee\/lt\/wp-json\/wp\/v2\/product\/80259\/revisions"}],"predecessor-version":[{"id":80260,"href":"https:\/\/skinstudio.ee\/lt\/wp-json\/wp\/v2\/product\/80259\/revisions\/80260"}],"wp:featuredmedia":[{"embeddable":true,"href":"https:\/\/skinstudio.ee\/lt\/wp-json\/wp\/v2\/media\/67847"}],"wp:attachment":[{"href":"https:\/\/skinstudio.ee\/lt\/wp-json\/wp\/v2\/media?parent=80259"}],"wp:term":[{"taxonomy":"pwb-brand","embeddable":true,"href":"https:\/\/skinstudio.ee\/lt\/wp-json\/wp\/v2\/pwb-brand?post=80259"},{"taxonomy":"product_brand","embeddable":true,"href":"https:\/\/skinstudio.ee\/lt\/wp-json\/wp\/v2\/product_brand?post=80259"},{"taxonomy":"product_cat","embeddable":true,"href":"https:\/\/skinstudio.ee\/lt\/wp-json\/wp\/v2\/product_cat?post=80259"},{"taxonomy":"product_tag","embeddable":true,"href":"https:\/\/skinstudio.ee\/lt\/wp-json\/wp\/v2\/product_tag?post=80259"},{"taxonomy":"giftcard-category","embeddable":true,"href":"https:\/\/skinstudio.ee\/lt\/wp-json\/wp\/v2\/giftcard-category?post=80259"}],"curies":[{"name":"wp","href":"https:\/\/api.w.org\/{rel}","templated":true}]}}