{"id":80307,"date":"2025-08-07T11:07:04","date_gmt":"2025-08-07T11:07:04","guid":{"rendered":"https:\/\/skinstudio.ee\/?post_type=product&#038;p=80307"},"modified":"2026-04-03T09:47:38","modified_gmt":"2026-04-03T09:47:38","slug":"peel-breaker-essence","status":"publish","type":"product","link":"https:\/\/skinstudio.ee\/lt\/catalog\/bioelements\/peel-breaker-essence\/","title":{"rendered":"Peel Breaker Essence"},"content":{"rendered":"<p data-start=\"3994\" data-end=\"4345\"><strong data-start=\"3994\" data-end=\"4034\">Peel Breaker Essence nuo Bioelements<\/strong> &#8211; tai skystas nenuplaunamas eksfolijuojantis produktas, skirtas palaikyti \u0161varesni\u0173 por\u0173 i\u0161vaizd\u0105 ir lygesn\u0119 tekst\u016br\u0105. Formul\u0117 sujungia salicilo r\u016bg\u0161t\u012f (BHA) ir gliukonolakton\u0105 (PHA), suteikdama \u0161veln\u0173 chemin\u012f eksfolijavim\u0105, padedant\u012f pa\u0161alinti susikaupusius ne\u0161varumus ir perteklin\u012f sebum\u0105 be sunkumo poj\u016b\u010dio.<\/p>\n<p data-start=\"4347\" data-end=\"4667\">Salicilo r\u016bg\u0161tis padeda palaikyti \u0161varesn\u0119 pavir\u0161iaus ir por\u0173 i\u0161vaizd\u0105, o PHA \u0161velniai tirpdo ry\u0161ius tarp negyv\u0173 l\u0105steli\u0173, palaikydama tolygesn\u0119 i\u0161vaizd\u0105. Augalini\u0173 ekstrakt\u0173 kompleksas, \u012fskaitant alavij\u0105, gaurome\u010dius, hibisk\u0105, raudon\u0117l\u012f ir \u010diobrelius, padeda i\u0161laikyti komfort\u0105 ir balans\u0105 pavir\u0161iaus atsinaujinimo metu.<\/p>\n<p data-start=\"4669\" data-end=\"4791\"><strong data-start=\"4669\" data-end=\"4704\">Kam tinka Peel Breaker Essence:<\/strong> prie\u017ei\u016brai esant nelygiai tekst\u016brai, papilk\u0117jusiai i\u0161vaizdai ir u\u017esikim\u0161usioms poroms.<\/p>\n<p data-start=\"4793\" data-end=\"4809\"><strong data-start=\"4793\" data-end=\"4803\">T\u016bris:<\/strong> 30 ml<\/p>\n","protected":false},"excerpt":{"rendered":"<p data-start=\"4997\" data-end=\"5045\">Skystas nenuplaunamas eksfoliantas su BHA ir PHA<\/p>\n<h2 data-start=\"5047\" data-end=\"5093\"><strong data-start=\"5047\" data-end=\"5093\">Bioelements &#8211; Peel Breaker Essence Savyb\u0117s<\/strong><\/h2>\n<p data-start=\"5095\" data-end=\"5277\">\u2714\ufe0f Palaiko \u0161varesni\u0173 por\u0173 i\u0161vaizd\u0105<br data-start=\"5129\" data-end=\"5132\" \/>\u2714\ufe0f \u0160velniai eksfolijuoja pavir\u0161i\u0173<br data-start=\"5165\" data-end=\"5168\" \/>\u2714\ufe0f Ma\u017eina matom\u0105 perteklin\u012f sebum\u0105<br data-start=\"5202\" data-end=\"5205\" \/>\u2714\ufe0f Skatina lygesn\u0119 i\u0161vaizd\u0105<br data-start=\"5232\" data-end=\"5235\" \/>\u2714\ufe0f Gaivina ir suvienodina vizualin\u012f ton\u0105<\/p>\n","protected":false},"featured_media":67852,"template":"","meta":[],"pwb-brand":[1240],"product_brand":[],"product_cat":[742,744,724,748],"product_tag":[],"giftcard-category":[],"class_list":{"0":"post-80307","1":"product","2":"type-product","3":"status-publish","4":"has-post-thumbnail","6":"pwb-brand-bioelements","7":"product_cat-berimai","8":"product_cat-issipletusios-poros","9":"product_cat-serumai","10":"product_cat-taukainai-adai-lt","12":"first","13":"instock","14":"taxable","15":"shipping-taxable","16":"purchasable","17":"product-type-simple"},"acf":[],"brands":[{"id":1240,"name":"Bioelements","slug":"bioelements"}],"_links":{"self":[{"href":"https:\/\/skinstudio.ee\/lt\/wp-json\/wp\/v2\/product\/80307","targetHints":{"allow":["GET"]}}],"collection":[{"href":"https:\/\/skinstudio.ee\/lt\/wp-json\/wp\/v2\/product"}],"about":[{"href":"https:\/\/skinstudio.ee\/lt\/wp-json\/wp\/v2\/types\/product"}],"version-history":[{"count":1,"href":"https:\/\/skinstudio.ee\/lt\/wp-json\/wp\/v2\/product\/80307\/revisions"}],"predecessor-version":[{"id":80308,"href":"https:\/\/skinstudio.ee\/lt\/wp-json\/wp\/v2\/product\/80307\/revisions\/80308"}],"wp:featuredmedia":[{"embeddable":true,"href":"https:\/\/skinstudio.ee\/lt\/wp-json\/wp\/v2\/media\/67852"}],"wp:attachment":[{"href":"https:\/\/skinstudio.ee\/lt\/wp-json\/wp\/v2\/media?parent=80307"}],"wp:term":[{"taxonomy":"pwb-brand","embeddable":true,"href":"https:\/\/skinstudio.ee\/lt\/wp-json\/wp\/v2\/pwb-brand?post=80307"},{"taxonomy":"product_brand","embeddable":true,"href":"https:\/\/skinstudio.ee\/lt\/wp-json\/wp\/v2\/product_brand?post=80307"},{"taxonomy":"product_cat","embeddable":true,"href":"https:\/\/skinstudio.ee\/lt\/wp-json\/wp\/v2\/product_cat?post=80307"},{"taxonomy":"product_tag","embeddable":true,"href":"https:\/\/skinstudio.ee\/lt\/wp-json\/wp\/v2\/product_tag?post=80307"},{"taxonomy":"giftcard-category","embeddable":true,"href":"https:\/\/skinstudio.ee\/lt\/wp-json\/wp\/v2\/giftcard-category?post=80307"}],"curies":[{"name":"wp","href":"https:\/\/api.w.org\/{rel}","templated":true}]}}