{"id":80324,"date":"2025-08-07T11:04:39","date_gmt":"2025-08-07T11:04:39","guid":{"rendered":"https:\/\/skinstudio.ee\/?post_type=product&#038;p=80324"},"modified":"2026-04-03T09:47:39","modified_gmt":"2026-04-03T09:47:39","slug":"sensitive-eye-smoother","status":"publish","type":"product","link":"https:\/\/skinstudio.ee\/lt\/catalog\/bioelements\/sensitive-eye-smoother\/","title":{"rendered":"Sensitive Eye Smoother"},"content":{"rendered":"<p data-start=\"3390\" data-end=\"3708\"><strong data-start=\"3390\" data-end=\"3432\">Sensitive Eye Smoother nuo Bioelements<\/strong> &#8211; dr\u0117kinamasis aki\u0173 kremas su alaviju, skirtas apsaugoti nuo dirginan\u010di\u0173 veiksni\u0173 ir atkurti jautr\u0173 apsaugin\u012f barjer\u0105 su keramidai. Formul\u0117 padeda palaikyti komfort\u0105, gerina tamsi\u0173 ratil\u0173 i\u0161vaizd\u0105 ir prisideda prie paburkimo ma\u017einimo, suteikdama ramesn\u0119 ir gaivesn\u0119 i\u0161vaizd\u0105.<\/p>\n<p data-start=\"3710\" data-end=\"3918\">Lengva kremin\u0117 tekst\u016bra \u0161velniai pasiskirsto ir tinka kasdieniam naudojimui ryte ir vakare. Produktas padeda suma\u017einti jautrumo po\u017eymius, palaiko dr\u0117gm\u0117s lyg\u012f ir suteikia pri\u017ei\u016br\u0117tos bei tolygesn\u0117s i\u0161vaizdos.<\/p>\n<p data-start=\"3920\" data-end=\"4058\"><strong data-start=\"3920\" data-end=\"3957\">Kam tinka Sensitive Eye Smoother:<\/strong> kasdienei jautrios aki\u0173 zonos prie\u017ei\u016brai esant sausumui, dirglumui, tamsiems ratilams ir paburkimui.<\/p>\n<p data-start=\"4060\" data-end=\"4076\"><strong data-start=\"4060\" data-end=\"4070\">T\u016bris:<\/strong> 15 ml<\/p>\n","protected":false},"excerpt":{"rendered":"<p data-start=\"4179\" data-end=\"4218\">Dr\u0117kinamasis aki\u0173 kremas jautriai zonai<\/p>\n<h2 data-start=\"4220\" data-end=\"4268\"><strong data-start=\"4220\" data-end=\"4268\">Bioelements &#8211; Sensitive Eye Smoother Savyb\u0117s<\/strong><\/h2>\n<p data-start=\"4270\" data-end=\"4435\">\u2714\ufe0f Dr\u0117kina ir mink\u0161tina jautri\u0105 zon\u0105<br data-start=\"4306\" data-end=\"4309\" \/>\u2714\ufe0f Palaiko apsaugin\u012f barjer\u0105<br data-start=\"4337\" data-end=\"4340\" \/>\u2714\ufe0f Vizualiai ma\u017eina tamsius ratilus<br data-start=\"4375\" data-end=\"4378\" \/>\u2714\ufe0f Padeda ma\u017einti paburkim\u0105<br data-start=\"4405\" data-end=\"4408\" \/>\u2714\ufe0f Ramina jautrumo poj\u016bt\u012f<\/p>\n","protected":false},"featured_media":67865,"template":"","meta":[],"pwb-brand":[1240],"product_brand":[],"product_cat":[734],"product_tag":[],"giftcard-category":[],"class_list":{"0":"post-80324","1":"product","2":"type-product","3":"status-publish","4":"has-post-thumbnail","6":"pwb-brand-bioelements","7":"product_cat-oda-aplink-akis","9":"first","10":"instock","11":"taxable","12":"shipping-taxable","13":"purchasable","14":"product-type-simple"},"acf":[],"brands":[{"id":1240,"name":"Bioelements","slug":"bioelements"}],"_links":{"self":[{"href":"https:\/\/skinstudio.ee\/lt\/wp-json\/wp\/v2\/product\/80324","targetHints":{"allow":["GET"]}}],"collection":[{"href":"https:\/\/skinstudio.ee\/lt\/wp-json\/wp\/v2\/product"}],"about":[{"href":"https:\/\/skinstudio.ee\/lt\/wp-json\/wp\/v2\/types\/product"}],"version-history":[{"count":1,"href":"https:\/\/skinstudio.ee\/lt\/wp-json\/wp\/v2\/product\/80324\/revisions"}],"predecessor-version":[{"id":80325,"href":"https:\/\/skinstudio.ee\/lt\/wp-json\/wp\/v2\/product\/80324\/revisions\/80325"}],"wp:featuredmedia":[{"embeddable":true,"href":"https:\/\/skinstudio.ee\/lt\/wp-json\/wp\/v2\/media\/67865"}],"wp:attachment":[{"href":"https:\/\/skinstudio.ee\/lt\/wp-json\/wp\/v2\/media?parent=80324"}],"wp:term":[{"taxonomy":"pwb-brand","embeddable":true,"href":"https:\/\/skinstudio.ee\/lt\/wp-json\/wp\/v2\/pwb-brand?post=80324"},{"taxonomy":"product_brand","embeddable":true,"href":"https:\/\/skinstudio.ee\/lt\/wp-json\/wp\/v2\/product_brand?post=80324"},{"taxonomy":"product_cat","embeddable":true,"href":"https:\/\/skinstudio.ee\/lt\/wp-json\/wp\/v2\/product_cat?post=80324"},{"taxonomy":"product_tag","embeddable":true,"href":"https:\/\/skinstudio.ee\/lt\/wp-json\/wp\/v2\/product_tag?post=80324"},{"taxonomy":"giftcard-category","embeddable":true,"href":"https:\/\/skinstudio.ee\/lt\/wp-json\/wp\/v2\/giftcard-category?post=80324"}],"curies":[{"name":"wp","href":"https:\/\/api.w.org\/{rel}","templated":true}]}}