{"id":80331,"date":"2025-08-07T11:03:51","date_gmt":"2025-08-07T11:03:51","guid":{"rendered":"https:\/\/skinstudio.ee\/?post_type=product&#038;p=80331"},"modified":"2026-04-03T09:47:39","modified_gmt":"2026-04-03T09:47:39","slug":"v-neck-soothing-creme","status":"publish","type":"product","link":"https:\/\/skinstudio.ee\/lt\/catalog\/bioelements\/v-neck-soothing-creme\/","title":{"rendered":"V-Neck Soothing Creme"},"content":{"rendered":"<p data-start=\"3992\" data-end=\"4372\"><strong data-start=\"3992\" data-end=\"4033\">V-Neck Soothing Creme nuo Bioelements<\/strong> &#8211; kremas kaklo, kr\u016btin\u0117s ir dekolt\u0117 zonos prie\u017ei\u016brai, skirtas suma\u017einti rauk\u0161li\u0173, linij\u0173 ir pigmentacijos poky\u010di\u0173 matomum\u0105, atsirandan\u010dius d\u0117l fotopa\u017eeidim\u0173 ir nat\u016brali\u0173 sen\u0117jimo proces\u0173. Formul\u0117je derinami anti-age peptidai, \u0161viesinantis alfa-arbutinas ir dr\u0117kinanti hialurono r\u016bg\u0161tis, padedantys palaikyti lygesn\u0119 ir tolygesn\u0119 i\u0161vaizd\u0105.<\/p>\n<p data-start=\"4374\" data-end=\"4622\">Produktas padeda gerinti tekst\u016br\u0105, vizualiai mink\u0161tina rauk\u0161les ir nelygumus, palaiko dr\u0117gm\u0117s lyg\u012f ir suteikia \u0161velnesn\u012f bei labiau pri\u017ei\u016br\u0117t\u0105 pavir\u0161i\u0173. Reguliariai naudojant, kaklo ir dekolt\u0117 zona atrodo lygesn\u0117, stangresn\u0117 ir vizualiai tolygesn\u0117.<\/p>\n<p data-start=\"4624\" data-end=\"4776\"><strong data-start=\"4624\" data-end=\"4660\">Kam tinka V-Neck Soothing Creme:<\/strong> kasdienei kaklo ir dekolt\u0117 zonos prie\u017ei\u016brai esant rauk\u0161l\u0117ms, elastingumo suma\u017e\u0117jimui, sausumui ir netolygiam tonui.<\/p>\n<p data-start=\"4778\" data-end=\"4794\"><strong data-start=\"4778\" data-end=\"4788\">T\u016bris:<\/strong> 45 ml<\/p>\n","protected":false},"excerpt":{"rendered":"<p data-start=\"5005\" data-end=\"5058\">Kaklo ir dekolt\u0117 kremas su peptidais ir alfa-arbutinu<\/p>\n<h2 data-start=\"5060\" data-end=\"5107\"><strong data-start=\"5060\" data-end=\"5107\">Bioelements &#8211; V-Neck Soothing Creme Savyb\u0117s<\/strong><\/h2>\n<p data-start=\"5109\" data-end=\"5264\">\u2714\ufe0f Vizualiai lygina linijas ir rauk\u0161les<br data-start=\"5148\" data-end=\"5151\" \/>\u2714\ufe0f Palaiko tolygesn\u012f ton\u0105<br data-start=\"5176\" data-end=\"5179\" \/>\u2714\ufe0f Gerina stangrumo poj\u016bt\u012f<br data-start=\"5205\" data-end=\"5208\" \/>\u2714\ufe0f Palaiko dr\u0117gm\u0117s lyg\u012f<br data-start=\"5231\" data-end=\"5234\" \/>\u2714\ufe0f Suteikia lygesn\u012f pavir\u0161i\u0173<\/p>\n","protected":false},"featured_media":67876,"template":"","meta":[],"pwb-brand":[1240],"product_brand":[],"product_cat":[736],"product_tag":[],"giftcard-category":[],"class_list":{"0":"post-80331","1":"product","2":"type-product","3":"status-publish","4":"has-post-thumbnail","6":"pwb-brand-bioelements","7":"product_cat-dekolte-sritis","9":"first","10":"instock","11":"taxable","12":"shipping-taxable","13":"purchasable","14":"product-type-simple"},"acf":[],"brands":[{"id":1240,"name":"Bioelements","slug":"bioelements"}],"_links":{"self":[{"href":"https:\/\/skinstudio.ee\/lt\/wp-json\/wp\/v2\/product\/80331","targetHints":{"allow":["GET"]}}],"collection":[{"href":"https:\/\/skinstudio.ee\/lt\/wp-json\/wp\/v2\/product"}],"about":[{"href":"https:\/\/skinstudio.ee\/lt\/wp-json\/wp\/v2\/types\/product"}],"version-history":[{"count":1,"href":"https:\/\/skinstudio.ee\/lt\/wp-json\/wp\/v2\/product\/80331\/revisions"}],"predecessor-version":[{"id":80332,"href":"https:\/\/skinstudio.ee\/lt\/wp-json\/wp\/v2\/product\/80331\/revisions\/80332"}],"wp:featuredmedia":[{"embeddable":true,"href":"https:\/\/skinstudio.ee\/lt\/wp-json\/wp\/v2\/media\/67876"}],"wp:attachment":[{"href":"https:\/\/skinstudio.ee\/lt\/wp-json\/wp\/v2\/media?parent=80331"}],"wp:term":[{"taxonomy":"pwb-brand","embeddable":true,"href":"https:\/\/skinstudio.ee\/lt\/wp-json\/wp\/v2\/pwb-brand?post=80331"},{"taxonomy":"product_brand","embeddable":true,"href":"https:\/\/skinstudio.ee\/lt\/wp-json\/wp\/v2\/product_brand?post=80331"},{"taxonomy":"product_cat","embeddable":true,"href":"https:\/\/skinstudio.ee\/lt\/wp-json\/wp\/v2\/product_cat?post=80331"},{"taxonomy":"product_tag","embeddable":true,"href":"https:\/\/skinstudio.ee\/lt\/wp-json\/wp\/v2\/product_tag?post=80331"},{"taxonomy":"giftcard-category","embeddable":true,"href":"https:\/\/skinstudio.ee\/lt\/wp-json\/wp\/v2\/giftcard-category?post=80331"}],"curies":[{"name":"wp","href":"https:\/\/api.w.org\/{rel}","templated":true}]}}