{"id":80338,"date":"2025-08-07T11:03:31","date_gmt":"2025-08-07T11:03:31","guid":{"rendered":"https:\/\/skinstudio.ee\/?post_type=product&#038;p=80338"},"modified":"2026-04-03T09:47:39","modified_gmt":"2026-04-03T09:47:39","slug":"sleepwear","status":"publish","type":"product","link":"https:\/\/skinstudio.ee\/lt\/catalog\/bioelements\/sleepwear\/","title":{"rendered":"Sleepwear"},"content":{"rendered":"<p data-start=\"3272\" data-end=\"3540\"><strong data-start=\"3272\" data-end=\"3301\">Sleepwear nuo Bioelements<\/strong> &#8211; naktinis kremas, skirtas vizualiai lyginti linijas ir rauk\u0161les, gerinant dr\u0117gm\u0117s lyg\u012f ir palaikant tonus\u0105. Formul\u0117je derinamas kalcis, retinolis, peptidai ir spanguoli\u0173 s\u0117kl\u0173 aliejus, padedantys palaikyti stangresn\u0119 ir lygesn\u0119 i\u0161vaizd\u0105.<\/p>\n<p data-start=\"3542\" data-end=\"3813\">Naktin\u0117s prie\u017ei\u016bros metu produktas palaiko atsinaujinimo procesus, gerina \u0161velnumo poj\u016bt\u012f ir padeda pavir\u0161iui tapti tolygesniam bei labiau pri\u017ei\u016br\u0117tam. Reguliariai naudojant, oda atrodo gaivesn\u0117, labiau pails\u0117jusi ir vizualiai lygesn\u0117, tuo pa\u010diu didinant komforto poj\u016bt\u012f.<\/p>\n<p data-start=\"3815\" data-end=\"3937\"><strong data-start=\"3815\" data-end=\"3839\">Kam tinka Sleepwear:<\/strong> vakarinei sausos ir mi\u0161rios odos prie\u017ei\u016brai esant sausumui, elastingumo suma\u017e\u0117jimui ir rauk\u0161l\u0117ms.<\/p>\n<p data-start=\"3939\" data-end=\"3955\"><strong data-start=\"3939\" data-end=\"3949\">T\u016bris:<\/strong> 45 ml<\/p>\n","protected":false},"excerpt":{"rendered":"<p data-start=\"4098\" data-end=\"4139\">Naktinis kremas su retinoliu ir peptidais<\/p>\n<h2 data-start=\"4141\" data-end=\"4176\"><strong data-start=\"4141\" data-end=\"4176\">Bioelements &#8211; Sleepwear Savyb\u0117s<\/strong><\/h2>\n<p data-start=\"4178\" data-end=\"4351\">\u2714\ufe0f Palaiko naktin\u012f atsistatym\u0105<br data-start=\"4208\" data-end=\"4211\" \/>\u2714\ufe0f Vizualiai lygina linijas ir rauk\u0161les<br data-start=\"4250\" data-end=\"4253\" \/>\u2714\ufe0f Gerina stangrumo poj\u016bt\u012f<br data-start=\"4279\" data-end=\"4282\" \/>\u2714\ufe0f Palaiko dr\u0117gm\u0117s lyg\u012f<br data-start=\"4305\" data-end=\"4308\" \/>\u2714\ufe0f Palieka pavir\u0161i\u0173 mink\u0161tesn\u012f ir lygesn\u012f<\/p>\n","protected":false},"featured_media":67884,"template":"","meta":[],"pwb-brand":[1240],"product_brand":[],"product_cat":[738,740,750],"product_tag":[],"giftcard-category":[],"class_list":{"0":"post-80338","1":"product","2":"type-product","3":"status-publish","4":"has-post-thumbnail","6":"pwb-brand-bioelements","7":"product_cat-drekinimas","8":"product_cat-sausai-odai","9":"product_cat-senstanti-oda","11":"first","12":"instock","13":"taxable","14":"shipping-taxable","15":"purchasable","16":"product-type-simple"},"acf":[],"brands":[{"id":1240,"name":"Bioelements","slug":"bioelements"}],"_links":{"self":[{"href":"https:\/\/skinstudio.ee\/lt\/wp-json\/wp\/v2\/product\/80338","targetHints":{"allow":["GET"]}}],"collection":[{"href":"https:\/\/skinstudio.ee\/lt\/wp-json\/wp\/v2\/product"}],"about":[{"href":"https:\/\/skinstudio.ee\/lt\/wp-json\/wp\/v2\/types\/product"}],"version-history":[{"count":1,"href":"https:\/\/skinstudio.ee\/lt\/wp-json\/wp\/v2\/product\/80338\/revisions"}],"predecessor-version":[{"id":80339,"href":"https:\/\/skinstudio.ee\/lt\/wp-json\/wp\/v2\/product\/80338\/revisions\/80339"}],"wp:featuredmedia":[{"embeddable":true,"href":"https:\/\/skinstudio.ee\/lt\/wp-json\/wp\/v2\/media\/67884"}],"wp:attachment":[{"href":"https:\/\/skinstudio.ee\/lt\/wp-json\/wp\/v2\/media?parent=80338"}],"wp:term":[{"taxonomy":"pwb-brand","embeddable":true,"href":"https:\/\/skinstudio.ee\/lt\/wp-json\/wp\/v2\/pwb-brand?post=80338"},{"taxonomy":"product_brand","embeddable":true,"href":"https:\/\/skinstudio.ee\/lt\/wp-json\/wp\/v2\/product_brand?post=80338"},{"taxonomy":"product_cat","embeddable":true,"href":"https:\/\/skinstudio.ee\/lt\/wp-json\/wp\/v2\/product_cat?post=80338"},{"taxonomy":"product_tag","embeddable":true,"href":"https:\/\/skinstudio.ee\/lt\/wp-json\/wp\/v2\/product_tag?post=80338"},{"taxonomy":"giftcard-category","embeddable":true,"href":"https:\/\/skinstudio.ee\/lt\/wp-json\/wp\/v2\/giftcard-category?post=80338"}],"curies":[{"name":"wp","href":"https:\/\/api.w.org\/{rel}","templated":true}]}}