{"id":80346,"date":"2025-08-07T11:02:22","date_gmt":"2025-08-07T11:02:22","guid":{"rendered":"https:\/\/skinstudio.ee\/?post_type=product&#038;p=80346"},"modified":"2026-04-03T09:47:37","modified_gmt":"2026-04-03T09:47:37","slug":"dewluxe","status":"publish","type":"product","link":"https:\/\/skinstudio.ee\/lt\/catalog\/bioelements\/dewluxe\/","title":{"rendered":"Dewluxe"},"content":{"rendered":"<p data-start=\"3681\" data-end=\"4001\"><strong data-start=\"3681\" data-end=\"3708\">Dewluxe nuo Bioelements<\/strong> &#8211; lengvas veido aliejus su subalansuotu argano aliejaus ir skvalano mi\u0161iniu, skirtas palaikyti dr\u0117gm\u0117s lyg\u012f ir papildyti lipidin\u012f barjer\u0105. Formul\u0117 padeda i\u0161laikyti dr\u0117gm\u0119, mink\u0161tina epiderminio streso po\u017eymius d\u0117l halofitinio j\u016brinio kop\u016bsto ir palaiko lygesn\u0119 bei labiau pri\u017ei\u016br\u0117t\u0105 i\u0161vaizd\u0105.<\/p>\n<p data-start=\"4003\" data-end=\"4224\">Keli koncentruoti la\u0161ai tolygiai pasiskirsto ir greitai susigeria be sunkumo ar lipnumo poj\u016b\u010dio. Produktas padeda pagerinti \u0161velnumo poj\u016bt\u012f, palaiko putlesn\u0119 i\u0161vaizd\u0105 ir suteikia daugiau komforto bei vizualinio spindesio.<\/p>\n<p data-start=\"4226\" data-end=\"4372\"><strong data-start=\"4226\" data-end=\"4248\">Kam tinka Dewluxe:<\/strong> kasdienei prie\u017ei\u016brai esant sausumui, dehidratacijai ar suma\u017e\u0117jusiam \u0161velnumui, taip pat papildomam maitinimui ir komfortui.<\/p>\n<p data-start=\"4374\" data-end=\"4390\"><strong data-start=\"4374\" data-end=\"4384\">T\u016bris:<\/strong> 30 ml<\/p>\n","protected":false},"excerpt":{"rendered":"<p data-start=\"4631\" data-end=\"4652\">Lengvas veido aliejus<\/p>\n<h2 data-start=\"4654\" data-end=\"4687\"><strong data-start=\"4654\" data-end=\"4687\">Bioelements &#8211; Dewluxe Savyb\u0117s<\/strong><\/h2>\n<p data-start=\"4689\" data-end=\"4867\">\u2714\ufe0f Palaiko dr\u0117gm\u0117s lyg\u012f<br data-start=\"4712\" data-end=\"4715\" \/>\u2714\ufe0f Mink\u0161tina ir gerina komforto poj\u016bt\u012f<br data-start=\"4753\" data-end=\"4756\" \/>\u2714\ufe0f Palaiko apsaugin\u012f barjer\u0105<br data-start=\"4784\" data-end=\"4787\" \/>\u2714\ufe0f Suteikia labiau spindin\u010di\u0105 i\u0161vaizd\u0105<br data-start=\"4825\" data-end=\"4828\" \/>\u2714\ufe0f Lengva tekst\u016bra be riebumo poj\u016b\u010dio<\/p>\n","protected":false},"featured_media":67901,"template":"","meta":[],"pwb-brand":[1240],"product_brand":[],"product_cat":[740,724],"product_tag":[],"giftcard-category":[],"class_list":{"0":"post-80346","1":"product","2":"type-product","3":"status-publish","4":"has-post-thumbnail","6":"pwb-brand-bioelements","7":"product_cat-sausai-odai","8":"product_cat-serumai","10":"first","11":"instock","12":"taxable","13":"shipping-taxable","14":"purchasable","15":"product-type-simple"},"acf":[],"brands":[{"id":1240,"name":"Bioelements","slug":"bioelements"}],"_links":{"self":[{"href":"https:\/\/skinstudio.ee\/lt\/wp-json\/wp\/v2\/product\/80346","targetHints":{"allow":["GET"]}}],"collection":[{"href":"https:\/\/skinstudio.ee\/lt\/wp-json\/wp\/v2\/product"}],"about":[{"href":"https:\/\/skinstudio.ee\/lt\/wp-json\/wp\/v2\/types\/product"}],"version-history":[{"count":1,"href":"https:\/\/skinstudio.ee\/lt\/wp-json\/wp\/v2\/product\/80346\/revisions"}],"predecessor-version":[{"id":80347,"href":"https:\/\/skinstudio.ee\/lt\/wp-json\/wp\/v2\/product\/80346\/revisions\/80347"}],"wp:featuredmedia":[{"embeddable":true,"href":"https:\/\/skinstudio.ee\/lt\/wp-json\/wp\/v2\/media\/67901"}],"wp:attachment":[{"href":"https:\/\/skinstudio.ee\/lt\/wp-json\/wp\/v2\/media?parent=80346"}],"wp:term":[{"taxonomy":"pwb-brand","embeddable":true,"href":"https:\/\/skinstudio.ee\/lt\/wp-json\/wp\/v2\/pwb-brand?post=80346"},{"taxonomy":"product_brand","embeddable":true,"href":"https:\/\/skinstudio.ee\/lt\/wp-json\/wp\/v2\/product_brand?post=80346"},{"taxonomy":"product_cat","embeddable":true,"href":"https:\/\/skinstudio.ee\/lt\/wp-json\/wp\/v2\/product_cat?post=80346"},{"taxonomy":"product_tag","embeddable":true,"href":"https:\/\/skinstudio.ee\/lt\/wp-json\/wp\/v2\/product_tag?post=80346"},{"taxonomy":"giftcard-category","embeddable":true,"href":"https:\/\/skinstudio.ee\/lt\/wp-json\/wp\/v2\/giftcard-category?post=80346"}],"curies":[{"name":"wp","href":"https:\/\/api.w.org\/{rel}","templated":true}]}}