{"id":80361,"date":"2025-08-07T10:59:55","date_gmt":"2025-08-07T10:59:55","guid":{"rendered":"https:\/\/skinstudio.ee\/?post_type=product&#038;p=80361"},"modified":"2026-04-03T09:47:38","modified_gmt":"2026-04-03T09:47:38","slug":"oxygen-boost-barrier-treatment","status":"publish","type":"product","link":"https:\/\/skinstudio.ee\/lt\/catalog\/bioelements\/oxygen-boost-barrier-treatment\/","title":{"rendered":"Oxygen Boost Barrier Treatment"},"content":{"rendered":"<p data-start=\"3903\" data-end=\"4338\"><strong data-start=\"3903\" data-end=\"3953\">Oxygen Boost Barrier Treatment nuo Bioelements<\/strong> &#8211; lengvas skin-booster, skirtas palaikyti l\u0105steli\u0173 kv\u0117pavim\u0105 ir pagerinti blankios bei pavargusios odos i\u0161vaizd\u0105. Formul\u0117 su 2.5% trigubu oksigenuojan\u010diu kompleksu, \u012fskaitant stabilizuot\u0105 vandenilio peroksid\u0105, dermalin\u012f kv\u0117pavimo faktori\u0173 ir j\u016br\u0173 dumblius, padeda palaikyti deguonies tiekim\u0105, suteikia gaivesn\u0119 ir spindin\u010di\u0105 i\u0161vaizd\u0105 bei sustiprina anks\u010diau naudot\u0173 priemoni\u0173 veikim\u0105.<\/p>\n<p data-start=\"4340\" data-end=\"4611\">Lengva tekst\u016bra komforti\u0161kai pasiskirsto ant jau naudojamos prie\u017ei\u016bros, suteikia \u0161varos poj\u016bt\u012f ir vizualiai padaro pavir\u0161i\u0173 lygesn\u012f bei tolygesn\u012f. Reguliariai naudojant, oda atrodo gaivesn\u0117, spindinti ir labiau pri\u017ei\u016br\u0117ta, o apsauginis barjeras gauna papildom\u0105 palaikym\u0105.<\/p>\n<p data-start=\"4613\" data-end=\"4769\"><strong data-start=\"4613\" data-end=\"4658\">Kam tinka Oxygen Boost Barrier Treatment:<\/strong> kasdienei prie\u017ei\u016brai esant blankiam tonui, nuovargio po\u017eymiams, nelygiai tekst\u016brai ir suma\u017e\u0117jusiam stangrumui.<\/p>\n<p data-start=\"4771\" data-end=\"4787\"><strong data-start=\"4771\" data-end=\"4781\">T\u016bris:<\/strong> 30 ml<\/p>\n","protected":false},"excerpt":{"rendered":"<p data-start=\"4905\" data-end=\"4936\">Oksigenuojantis booster serumas<\/p>\n<h2 data-start=\"4938\" data-end=\"4994\"><strong data-start=\"4938\" data-end=\"4994\">Bioelements &#8211; Oxygen Boost Barrier Treatment Savyb\u0117s<\/strong><\/h2>\n<p data-start=\"4996\" data-end=\"5188\">\u2714\ufe0f Palaiko l\u0105steli\u0173 kv\u0117pavim\u0105<br data-start=\"5025\" data-end=\"5028\" \/>\u2714\ufe0f Gaivina i\u0161vaizd\u0105 ir suteikia spindesio<br data-start=\"5069\" data-end=\"5072\" \/>\u2714\ufe0f Padeda vizualiai i\u0161valyti poras<br data-start=\"5106\" data-end=\"5109\" \/>\u2714\ufe0f Palaiko apsaugin\u012f barjer\u0105<br data-start=\"5137\" data-end=\"5140\" \/>\u2714\ufe0f Sustiprina tolimesn\u0117s prie\u017ei\u016bros efektyvum\u0105<\/p>\n","protected":false},"featured_media":67934,"template":"","meta":[],"pwb-brand":[1240],"product_brand":[],"product_cat":[744,752,750,724],"product_tag":[],"giftcard-category":[],"class_list":{"0":"post-80361","1":"product","2":"type-product","3":"status-publish","4":"has-post-thumbnail","6":"pwb-brand-bioelements","7":"product_cat-issipletusios-poros","8":"product_cat-pigmentacija-lt","9":"product_cat-senstanti-oda","10":"product_cat-serumai","12":"first","13":"instock","14":"taxable","15":"shipping-taxable","16":"purchasable","17":"product-type-simple"},"acf":[],"brands":[{"id":1240,"name":"Bioelements","slug":"bioelements"}],"_links":{"self":[{"href":"https:\/\/skinstudio.ee\/lt\/wp-json\/wp\/v2\/product\/80361","targetHints":{"allow":["GET"]}}],"collection":[{"href":"https:\/\/skinstudio.ee\/lt\/wp-json\/wp\/v2\/product"}],"about":[{"href":"https:\/\/skinstudio.ee\/lt\/wp-json\/wp\/v2\/types\/product"}],"version-history":[{"count":1,"href":"https:\/\/skinstudio.ee\/lt\/wp-json\/wp\/v2\/product\/80361\/revisions"}],"predecessor-version":[{"id":80362,"href":"https:\/\/skinstudio.ee\/lt\/wp-json\/wp\/v2\/product\/80361\/revisions\/80362"}],"wp:featuredmedia":[{"embeddable":true,"href":"https:\/\/skinstudio.ee\/lt\/wp-json\/wp\/v2\/media\/67934"}],"wp:attachment":[{"href":"https:\/\/skinstudio.ee\/lt\/wp-json\/wp\/v2\/media?parent=80361"}],"wp:term":[{"taxonomy":"pwb-brand","embeddable":true,"href":"https:\/\/skinstudio.ee\/lt\/wp-json\/wp\/v2\/pwb-brand?post=80361"},{"taxonomy":"product_brand","embeddable":true,"href":"https:\/\/skinstudio.ee\/lt\/wp-json\/wp\/v2\/product_brand?post=80361"},{"taxonomy":"product_cat","embeddable":true,"href":"https:\/\/skinstudio.ee\/lt\/wp-json\/wp\/v2\/product_cat?post=80361"},{"taxonomy":"product_tag","embeddable":true,"href":"https:\/\/skinstudio.ee\/lt\/wp-json\/wp\/v2\/product_tag?post=80361"},{"taxonomy":"giftcard-category","embeddable":true,"href":"https:\/\/skinstudio.ee\/lt\/wp-json\/wp\/v2\/giftcard-category?post=80361"}],"curies":[{"name":"wp","href":"https:\/\/api.w.org\/{rel}","templated":true}]}}