{"id":80368,"date":"2025-08-07T10:56:35","date_gmt":"2025-08-07T10:56:35","guid":{"rendered":"https:\/\/skinstudio.ee\/?post_type=product&#038;p=80368"},"modified":"2026-04-03T09:47:39","modified_gmt":"2026-04-03T09:47:39","slug":"recovery-serum","status":"publish","type":"product","link":"https:\/\/skinstudio.ee\/lt\/catalog\/bioelements\/recovery-serum\/","title":{"rendered":"Recovery Serum"},"content":{"rendered":"<p data-start=\"4169\" data-end=\"4462\"><strong data-start=\"4169\" data-end=\"4203\">Recovery Serum nuo Bioelements<\/strong> &#8211; dr\u0117kinamasis serumas su itin glotninan\u010diais keramidu kompleksais ir mink\u0161tinan\u010diais komponentais, skirtas sausai, akivaizd\u017eiai senstan\u010diai ir per daug eksfolijuotai odai. Formul\u0117 padeda atkurti lipid\u0173 balans\u0105, gerina dr\u0117kinim\u0105 ir suteikia lygesn\u012f pavir\u0161i\u0173.<\/p>\n<p data-start=\"4464\" data-end=\"4679\">Produktas palaiko komforto poj\u016bt\u012f, padeda tolygiau dengti makia\u017e\u0105 ir suteikia \u0161veln\u0173 nat\u016bral\u0173 \u0161vyt\u0117jim\u0105. Po naudojimo oda atrodo labiau pamaitinta, lygesn\u0117 ir vizualiai atstatyta, i\u0161laikant lengv\u0105 poj\u016bt\u012f be sunkumo.<\/p>\n<p data-start=\"4681\" data-end=\"4801\"><strong data-start=\"4681\" data-end=\"4710\">Kam tinka Recovery Serum:<\/strong> sausai, dehidratuotai, jautriai odai bei po aktyvi\u0173 proced\u016br\u0173 ar per intensyvaus \u0161veitimo.<\/p>\n<p data-start=\"4803\" data-end=\"4819\"><strong data-start=\"4803\" data-end=\"4813\">T\u016bris:<\/strong> 30 ml<\/p>\n","protected":false},"excerpt":{"rendered":"<p data-start=\"5238\" data-end=\"5286\">Mink\u0161tinantis atkuriamasis serumas su keramidais<\/p>\n<h2 data-start=\"5288\" data-end=\"5324\"><strong>Bioelements &#8211; Recovery Serum Savyb\u0117s<\/strong><\/h2>\n<p data-start=\"5326\" data-end=\"5515\">\u2714\ufe0f Giliai dr\u0117kina ir suteikia komfort\u0105<br data-start=\"5364\" data-end=\"5367\" \/>\u2714\ufe0f Glotnina ir mink\u0161tina tekst\u016br\u0105<br data-start=\"5400\" data-end=\"5403\" \/>\u2714\ufe0f Palaiko apsaugin\u012f barjer\u0105<br data-start=\"5431\" data-end=\"5434\" \/>\u2714\ufe0f Padeda ma\u017einti \u0161erpetojim\u0105 ir sudirgim\u0105<br data-start=\"5476\" data-end=\"5479\" \/>\u2714\ufe0f Gerina elastingum\u0105 ir mink\u0161tum\u0105<\/p>\n","protected":false},"featured_media":67939,"template":"","meta":[],"pwb-brand":[1240],"product_brand":[],"product_cat":[738,746,740,724],"product_tag":[],"giftcard-category":[],"class_list":{"0":"post-80368","1":"product","2":"type-product","3":"status-publish","4":"has-post-thumbnail","6":"pwb-brand-bioelements","7":"product_cat-drekinimas","8":"product_cat-jautriai-odai","9":"product_cat-sausai-odai","10":"product_cat-serumai","12":"first","13":"instock","14":"taxable","15":"shipping-taxable","16":"purchasable","17":"product-type-simple"},"acf":[],"brands":[{"id":1240,"name":"Bioelements","slug":"bioelements"}],"_links":{"self":[{"href":"https:\/\/skinstudio.ee\/lt\/wp-json\/wp\/v2\/product\/80368","targetHints":{"allow":["GET"]}}],"collection":[{"href":"https:\/\/skinstudio.ee\/lt\/wp-json\/wp\/v2\/product"}],"about":[{"href":"https:\/\/skinstudio.ee\/lt\/wp-json\/wp\/v2\/types\/product"}],"version-history":[{"count":1,"href":"https:\/\/skinstudio.ee\/lt\/wp-json\/wp\/v2\/product\/80368\/revisions"}],"predecessor-version":[{"id":80369,"href":"https:\/\/skinstudio.ee\/lt\/wp-json\/wp\/v2\/product\/80368\/revisions\/80369"}],"wp:featuredmedia":[{"embeddable":true,"href":"https:\/\/skinstudio.ee\/lt\/wp-json\/wp\/v2\/media\/67939"}],"wp:attachment":[{"href":"https:\/\/skinstudio.ee\/lt\/wp-json\/wp\/v2\/media?parent=80368"}],"wp:term":[{"taxonomy":"pwb-brand","embeddable":true,"href":"https:\/\/skinstudio.ee\/lt\/wp-json\/wp\/v2\/pwb-brand?post=80368"},{"taxonomy":"product_brand","embeddable":true,"href":"https:\/\/skinstudio.ee\/lt\/wp-json\/wp\/v2\/product_brand?post=80368"},{"taxonomy":"product_cat","embeddable":true,"href":"https:\/\/skinstudio.ee\/lt\/wp-json\/wp\/v2\/product_cat?post=80368"},{"taxonomy":"product_tag","embeddable":true,"href":"https:\/\/skinstudio.ee\/lt\/wp-json\/wp\/v2\/product_tag?post=80368"},{"taxonomy":"giftcard-category","embeddable":true,"href":"https:\/\/skinstudio.ee\/lt\/wp-json\/wp\/v2\/giftcard-category?post=80368"}],"curies":[{"name":"wp","href":"https:\/\/api.w.org\/{rel}","templated":true}]}}