{"id":80376,"date":"2025-08-07T10:55:41","date_gmt":"2025-08-07T10:55:41","guid":{"rendered":"https:\/\/skinstudio.ee\/?post_type=product&#038;p=80376"},"modified":"2026-04-03T09:47:37","modified_gmt":"2026-04-03T09:47:37","slug":"createfirm","status":"publish","type":"product","link":"https:\/\/skinstudio.ee\/lt\/catalog\/bioelements\/createfirm\/","title":{"rendered":"CreateFirm"},"content":{"rendered":"<p data-start=\"4001\" data-end=\"4309\"><strong data-start=\"4001\" data-end=\"4031\">CreateFirm nuo Bioelements<\/strong> &#8211; tai stiprus sen\u0117jimo po\u017eymius ma\u017einantis serumas, skirtas gerinti odos stangrum\u0105, stiprinti odos strukt\u016br\u0105 ir intensyviai dr\u0117kinti. Keramidais praturtintas Aquamide-5\u00ae kompleksas padeda stiprinti odos apsaugin\u012f barjer\u0105, ma\u017einti sausumo poj\u016bt\u012f ir suteikti stangresn\u0119 i\u0161vaizd\u0105.<\/p>\n<p data-start=\"4311\" data-end=\"4624\">Serumas sujungia dr\u0117kinan\u010dius ir stiprinan\u010dius komponentus, kurie padeda odai atrodyti lygesnei, elastingesnei ir vizualiai gaivesnei. Lengva tekst\u016bra greitai susigeria ir tinka naudoti tiek ryte, tiek vakare. Reguliariai naudojant oda atrodo pilnesn\u0117, elastingesn\u0117 ir atgaivinta, o veido kont\u016brai tampa ai\u0161kesni.<\/p>\n<p data-start=\"4626\" data-end=\"4758\"><strong data-start=\"4626\" data-end=\"4651\">Kam tinka CreateFirm:<\/strong> odai su sen\u0117jimo po\u017eymiais, suma\u017e\u0117jusiu stangrumu, tankio praradimu, dehidratacija ir pavargusia i\u0161vaizda.<\/p>\n<p data-start=\"4760\" data-end=\"4776\"><strong data-start=\"4760\" data-end=\"4770\">T\u016bris:<\/strong> 30 ml<\/p>\n","protected":false},"excerpt":{"rendered":"<p data-start=\"4947\" data-end=\"4974\">Galingas anti-aging serumas<\/p>\n<h2 data-start=\"4976\" data-end=\"5012\"><strong data-start=\"4976\" data-end=\"5012\">Bioelements &#8211; CreateFirm Savyb\u0117s<\/strong><\/h2>\n<p data-start=\"5014\" data-end=\"5227\">\u2714\ufe0f Gerina odos stangrum\u0105 ir suteikia liftingo efekt\u0105<br data-start=\"5066\" data-end=\"5069\" \/>\u2714\ufe0f Intensyviai dr\u0117kina ir ma\u017eina sausum\u0105<br data-start=\"5109\" data-end=\"5112\" \/>\u2714\ufe0f Oda tampa lygesn\u0117 ir tankesn\u0117<br data-start=\"5144\" data-end=\"5147\" \/>\u2714\ufe0f Stiprina odos apsaugin\u012f barjer\u0105<br data-start=\"5181\" data-end=\"5184\" \/>\u2714\ufe0f Suteikia gaivesn\u0119 ir pri\u017ei\u016br\u0117t\u0105 i\u0161vaizd\u0105<\/p>\n","protected":false},"featured_media":67944,"template":"","meta":[],"pwb-brand":[1240],"product_brand":[],"product_cat":[750,724],"product_tag":[],"giftcard-category":[],"class_list":{"0":"post-80376","1":"product","2":"type-product","3":"status-publish","4":"has-post-thumbnail","6":"pwb-brand-bioelements","7":"product_cat-senstanti-oda","8":"product_cat-serumai","10":"first","11":"instock","12":"taxable","13":"shipping-taxable","14":"purchasable","15":"product-type-simple"},"acf":[],"brands":[{"id":1240,"name":"Bioelements","slug":"bioelements"}],"_links":{"self":[{"href":"https:\/\/skinstudio.ee\/lt\/wp-json\/wp\/v2\/product\/80376","targetHints":{"allow":["GET"]}}],"collection":[{"href":"https:\/\/skinstudio.ee\/lt\/wp-json\/wp\/v2\/product"}],"about":[{"href":"https:\/\/skinstudio.ee\/lt\/wp-json\/wp\/v2\/types\/product"}],"version-history":[{"count":1,"href":"https:\/\/skinstudio.ee\/lt\/wp-json\/wp\/v2\/product\/80376\/revisions"}],"predecessor-version":[{"id":80377,"href":"https:\/\/skinstudio.ee\/lt\/wp-json\/wp\/v2\/product\/80376\/revisions\/80377"}],"wp:featuredmedia":[{"embeddable":true,"href":"https:\/\/skinstudio.ee\/lt\/wp-json\/wp\/v2\/media\/67944"}],"wp:attachment":[{"href":"https:\/\/skinstudio.ee\/lt\/wp-json\/wp\/v2\/media?parent=80376"}],"wp:term":[{"taxonomy":"pwb-brand","embeddable":true,"href":"https:\/\/skinstudio.ee\/lt\/wp-json\/wp\/v2\/pwb-brand?post=80376"},{"taxonomy":"product_brand","embeddable":true,"href":"https:\/\/skinstudio.ee\/lt\/wp-json\/wp\/v2\/product_brand?post=80376"},{"taxonomy":"product_cat","embeddable":true,"href":"https:\/\/skinstudio.ee\/lt\/wp-json\/wp\/v2\/product_cat?post=80376"},{"taxonomy":"product_tag","embeddable":true,"href":"https:\/\/skinstudio.ee\/lt\/wp-json\/wp\/v2\/product_tag?post=80376"},{"taxonomy":"giftcard-category","embeddable":true,"href":"https:\/\/skinstudio.ee\/lt\/wp-json\/wp\/v2\/giftcard-category?post=80376"}],"curies":[{"name":"wp","href":"https:\/\/api.w.org\/{rel}","templated":true}]}}