{"id":80383,"date":"2025-08-07T10:55:18","date_gmt":"2025-08-07T10:55:18","guid":{"rendered":"https:\/\/skinstudio.ee\/?post_type=product&#038;p=80383"},"modified":"2026-04-03T09:47:37","modified_gmt":"2026-04-03T09:47:37","slug":"age-activist-clinical-youth-serum","status":"publish","type":"product","link":"https:\/\/skinstudio.ee\/lt\/catalog\/bioelements\/age-activist-clinical-youth-serum\/","title":{"rendered":"Age Activist Clinical Youth Serum"},"content":{"rendered":"<p data-start=\"4856\" data-end=\"5329\"><strong data-start=\"4856\" data-end=\"4909\">Age Activist Clinical Youth Serum nuo Bioelements<\/strong> &#8211; tai daugiafunkcis sen\u0117jimo po\u017eymius ma\u017einantis serumas, kuris sujungia klini\u0161kai veiksmingus aktyviuosius ingredientus su moderniomis odos prie\u017ei\u016bros inovacijomis, padedan\u010diomis visapusi\u0161kai atnaujinti od\u0105 ir pagerinti jos bendr\u0105 i\u0161vaizd\u0105. Retinolis, peptidai, vitaminas E ir kofermentas Q10 kartu su arb\u016bzo, obuolio, l\u0119\u0161i\u0173 ir fermentuoto moli\u016bgo ekstraktais padeda odai atrodyti lygesnei, gaivesnei ir elastingesnei.<\/p>\n<p data-start=\"5331\" data-end=\"5695\">Serumas padeda i\u0161lyginti odos tekst\u016br\u0105, suma\u017einti linij\u0173 ir i\u0161sipl\u0117tusi\u0173 por\u0173 matomum\u0105 bei palaiko dr\u0117gm\u0117s balans\u0105 ir nat\u016bral\u0173 \u0161vyt\u0117jim\u0105. Atkuriam\u0173j\u0173 ir stiprinan\u010di\u0173 komponent\u0173 derinys padeda pagerinti odos tonus\u0105 ir tank\u012f, suteikdamas stangresn\u0119 ir labiau pri\u017ei\u016br\u0117t\u0105 i\u0161vaizd\u0105. Lengva tekst\u016bra greitai susigeria ir tinka reguliariam naudojimui anti-aging rutinoje.<\/p>\n<p data-start=\"5697\" data-end=\"5888\"><strong data-start=\"5697\" data-end=\"5745\">Kam tinka Age Activist Clinical Youth Serum:<\/strong> odai su sen\u0117jimo po\u017eymiais, nelygia tekst\u016bra, pavargusiu tonu, matomomis poromis, suma\u017e\u0117jusiu stangrumu ir poreikiu visapusi\u0161kam atnaujinimui.<\/p>\n<p data-start=\"5890\" data-end=\"5906\"><strong data-start=\"5890\" data-end=\"5900\">T\u016bris:<\/strong> 30 ml<\/p>\n","protected":false},"excerpt":{"rendered":"<p data-start=\"6053\" data-end=\"6085\">Daugiafunkcis anti-aging serumas<\/p>\n<h2 data-start=\"6087\" data-end=\"6146\"><strong data-start=\"6087\" data-end=\"6146\">Bioelements &#8211; Age Activist Clinical Youth Serum Savyb\u0117s<\/strong><\/h2>\n<p data-start=\"6148\" data-end=\"6400\">\u2714\ufe0f I\u0161lygina odos tekst\u016br\u0105 ir suteikia glotnumo<br data-start=\"6194\" data-end=\"6197\" \/>\u2714\ufe0f Skaistina ir padeda suvienodinti odos ton\u0105<br data-start=\"6242\" data-end=\"6245\" \/>\u2714\ufe0f Ma\u017eina linij\u0173 matomum\u0105\u00a0<br data-start=\"6294\" data-end=\"6297\" \/>\u2714\ufe0f Suma\u017eina por\u0173 matomum\u0105 ir pagerina reljef\u0105<br data-start=\"6342\" data-end=\"6345\" \/>\u2714\ufe0f Didina stangrum\u0105 ir suteikia jaunatvi\u0161kesn\u0119 i\u0161vaizd\u0105<\/p>\n","protected":false},"featured_media":67949,"template":"","meta":[],"pwb-brand":[1240],"product_brand":[],"product_cat":[738,744,750,724],"product_tag":[],"giftcard-category":[],"class_list":{"0":"post-80383","1":"product","2":"type-product","3":"status-publish","4":"has-post-thumbnail","6":"pwb-brand-bioelements","7":"product_cat-drekinimas","8":"product_cat-issipletusios-poros","9":"product_cat-odos-senejimas","10":"product_cat-serumai","12":"first","13":"instock","14":"taxable","15":"shipping-taxable","16":"purchasable","17":"product-type-simple"},"acf":[],"brands":[{"id":1240,"name":"Bioelements","slug":"bioelements"}],"_links":{"self":[{"href":"https:\/\/skinstudio.ee\/lt\/wp-json\/wp\/v2\/product\/80383","targetHints":{"allow":["GET"]}}],"collection":[{"href":"https:\/\/skinstudio.ee\/lt\/wp-json\/wp\/v2\/product"}],"about":[{"href":"https:\/\/skinstudio.ee\/lt\/wp-json\/wp\/v2\/types\/product"}],"version-history":[{"count":1,"href":"https:\/\/skinstudio.ee\/lt\/wp-json\/wp\/v2\/product\/80383\/revisions"}],"predecessor-version":[{"id":80384,"href":"https:\/\/skinstudio.ee\/lt\/wp-json\/wp\/v2\/product\/80383\/revisions\/80384"}],"wp:featuredmedia":[{"embeddable":true,"href":"https:\/\/skinstudio.ee\/lt\/wp-json\/wp\/v2\/media\/67949"}],"wp:attachment":[{"href":"https:\/\/skinstudio.ee\/lt\/wp-json\/wp\/v2\/media?parent=80383"}],"wp:term":[{"taxonomy":"pwb-brand","embeddable":true,"href":"https:\/\/skinstudio.ee\/lt\/wp-json\/wp\/v2\/pwb-brand?post=80383"},{"taxonomy":"product_brand","embeddable":true,"href":"https:\/\/skinstudio.ee\/lt\/wp-json\/wp\/v2\/product_brand?post=80383"},{"taxonomy":"product_cat","embeddable":true,"href":"https:\/\/skinstudio.ee\/lt\/wp-json\/wp\/v2\/product_cat?post=80383"},{"taxonomy":"product_tag","embeddable":true,"href":"https:\/\/skinstudio.ee\/lt\/wp-json\/wp\/v2\/product_tag?post=80383"},{"taxonomy":"giftcard-category","embeddable":true,"href":"https:\/\/skinstudio.ee\/lt\/wp-json\/wp\/v2\/giftcard-category?post=80383"}],"curies":[{"name":"wp","href":"https:\/\/api.w.org\/{rel}","templated":true}]}}